{"id":335,"date":"2023-12-01T19:19:24","date_gmt":"2023-12-01T16:19:24","guid":{"rendered":"https:\/\/funky-time.top\/?page_id=335"},"modified":"2023-12-02T12:17:33","modified_gmt":"2023-12-02T09:17:33","slug":"play-funky-time","status":"publish","type":"page","link":"https:\/\/funky-time.top\/de\/play-funky-time\/","title":{"rendered":"So spielt man Funky Time: Eine vollst\u00e4ndige Anleitung f\u00fcr Anf\u00e4nger"},"content":{"rendered":"<p><strong>Funky Time<\/strong> ist ein spannendes Online-Spiel, das immer beliebter wird. Geeignet sowohl f\u00fcr Einsteiger in die Welt des Gl\u00fccksspiels als auch f\u00fcr erfahrene Online-Casino-Nutzer. Um herauszufinden, wie man Funky Time spielt, m\u00fcssen Sie seine Regeln, Funktionen und F\u00e4higkeiten ber\u00fccksichtigen.<\/p>\n\n\n\n<div class=\"wp-block-buttons is-content-justification-center is-layout-flex wp-container-core-buttons-is-layout-16018d1d wp-block-buttons-is-layout-flex\">\n<div class=\"wp-block-button\"><a class=\"wp-block-button__link wp-element-button\" href=\"https:\/\/p72zy.bemobtrcks.com\/go\/7c083e47-a62b-4495-90b2-7b8a354eaa14?\">Spielen Sie Funky Time<\/a><\/div>\n<\/div>\n\n\n\n<p>Die Entwicklung des Spiels Funky Time erfolgte durch Evolution Gaming. Dem Anbieter ist es gelungen, ein einzigartiges Format der Online-Unterhaltung zu schaffen, das klassische Elemente von Casinos und Fernsehspielen vereint. All dies macht das Gameplay so spannend und l\u00e4sst keine Langeweile aufkommen.<\/p>\n\n\n<div class=\"wp-block-image\">\n<figure class=\"aligncenter size-large is-resized\"><img loading=\"lazy\" decoding=\"async\" width=\"1024\" height=\"588\" src=\"https:\/\/funky-time.top\/wp-content\/uploads\/2023\/11\/funky-time-other-1024x588.jpg\" alt=\"So spielt man Funky Time\" class=\"wp-image-387\" style=\"width:622px;height:auto\" srcset=\"https:\/\/funky-time.top\/wp-content\/uploads\/2023\/11\/funky-time-other-1024x588.jpg 1024w, https:\/\/funky-time.top\/wp-content\/uploads\/2023\/11\/funky-time-other-300x172.jpg 300w, https:\/\/funky-time.top\/wp-content\/uploads\/2023\/11\/funky-time-other-768x441.jpg 768w, https:\/\/funky-time.top\/wp-content\/uploads\/2023\/11\/funky-time-other-18x10.jpg 18w, https:\/\/funky-time.top\/wp-content\/uploads\/2023\/11\/funky-time-other.jpg 1149w\" sizes=\"auto, (max-width: 1024px) 100vw, 1024px\" \/><\/figure>\n<\/div>\n\n<h2 class=\"wp-block-heading\" id=\"%25d0%25ba%25d0%25b0%25d0%25ba-%25d0%25b8%25d0%25b3%25d1%2580%25d0%25b0%25d1%2582%25d1%258c-%25d0%25b2-funky-time\">So spielt man Funky Time<\/h2>\n\n\n<p>Wer ein spannendes Spiel eines beliebten Entwicklers ausprobieren m\u00f6chte, sollte ein paar einfache Schritte befolgen:<\/p>\n\n\n\n<ol class=\"wp-block-list\">\n<li>Besuchen Sie die offizielle Website des Casinos, wo es Funky Time gibt.<\/li>\n\n\n\n<li>Registrieren Sie sich im System.<\/li>\n\n\n\n<li>Machen Sie eine Einzahlung auf das Konto.<\/li>\n\n\n\n<li>Starte das Spiel.<\/li>\n\n\n\n<li>Chipgr\u00f6\u00dfe ausw\u00e4hlen.<\/li>\n\n\n\n<li>Platzieren Sie Ihre Wette auf verf\u00fcgbare Zahlen und Bonusspiele.<\/li>\n\n\n\n<li>Starten Sie das Rad.<\/li>\n<\/ol>\n\n\n\n<div class=\"wp-block-buttons is-content-justification-center is-layout-flex wp-container-core-buttons-is-layout-16018d1d wp-block-buttons-is-layout-flex\">\n<div class=\"wp-block-button\"><a class=\"wp-block-button__link wp-element-button\" href=\"https:\/\/p72zy.bemobtrcks.com\/go\/7c083e47-a62b-4495-90b2-7b8a354eaa14?\">Spielen Sie Funky Time<\/a><\/div>\n<\/div>\n\n\n\n<p>Wenn der Einsatz des Benutzers mit dem Ergebnis des Raddrehens \u00fcbereinstimmt, erh\u00e4lt er einen Preis. Manche Multiplikatoren k\u00f6nnen Ihren Gewinn um ein Vielfaches vervielfachen.<\/p>\n\n\n<h2 class=\"wp-block-heading\" id=\"%25d1%2581%25d1%2582%25d1%2580%25d0%25b0%25d1%2582%25d0%25b5%25d0%25b3%25d0%25b8%25d0%25b8-%25d0%25b8-%25d1%2581%25d0%25be%25d0%25b2%25d0%25b5%25d1%2582%25d1%258b-%25d0%25b4%25d0%25bb%25d1%258f-%25d0%25bd%25d0%25b0%25d1%2587%25d0%25b8%25d0%25bd%25d0%25b0%25d1%258e%25d1%2589%25d0%25b8%25d1%2585-%25d0%25b8%25d0%25b3%25d1%2580\">Strategien und Tipps f\u00fcr neue Spieler<\/h2>\n\n\n<p>Funky Time ist ein unterhaltsames Spiel, das sowohl Anf\u00e4nger als auch erfahrene Benutzer ansprechen wird. Wer also etwas Neues ausprobieren m\u00f6chte, sollte sich dieses Spiel genauer ansehen. Und einfache Empfehlungen helfen Ihnen, Gewinne zu erzielen:<\/p>\n\n\n\n<ul class=\"wp-block-list\">\n<li>Wenn Sie die Arten von Wetten und Auszahlungen studieren, k\u00f6nnen Sie herausfinden, welche Version des Spiels profitabler ist.<\/li>\n\n\n\n<li>Es ist besser, das Spiel mit kleinen Eins\u00e4tzen zu beginnen, nach und nach verschiedene Strategien auszuprobieren und eigene Strategien einzuf\u00fchren;<\/li>\n\n\n\n<li>W\u00e4hrend des Spiels sollten Sie auf Statistiken achten, um Ihre Erfolgschancen zu erh\u00f6hen.<\/li>\n<\/ul>\n\n\n\n<p>Vergessen Sie auch nicht die Bonusspiele. Dies ist nicht nur eine gro\u00dfartige M\u00f6glichkeit, Ihre Gewinne zu steigern, sondern auch die Spannung zu sp\u00fcren.<\/p>\n\n\n<h2 class=\"wp-block-heading\" id=\"%25d0%25ba%25d0%25b0%25d0%25ba-%25d0%25b8%25d0%25b3%25d1%2580%25d0%25b0%25d1%2582%25d1%258c-%25d0%25b2-funky-time-%25d0%25b1%25d0%25b5%25d1%2581%25d0%25bf%25d0%25bb%25d0%25b0%25d1%2582%25d0%25bd%25d0%25be-%25d0%25be%25d1%2581%25d0%25be%25d0%25b1%25d0%25b5%25d0%25bd%25d0%25bd%25d0%25be%25d1%2581%25d1%2582%25d0%25b8\">So spielen Sie Funky Time kostenlos: Funktionen und Alternativen<\/h2>\n\n\n<p>Funky Time bietet kein freies Spiel. Dies liegt daran, dass es sich um einen Live-Slot handelt, bei dem mit echten Dealern und Teilnehmern, die echtes Geld setzen, gespielt wird. Das bedeutet jedoch nicht, dass es keine Alternative gibt. Sie k\u00f6nnen das Spiel v\u00f6llig kostenlos im Streaming verfolgen. Dieses Format erm\u00f6glicht:<\/p>\n\n\n\n<ul class=\"wp-block-list\">\n<li>die Atmosph\u00e4re der Unterhaltung sch\u00e4tzen;<\/li>\n\n\n\n<li>die Regeln und Wettpl\u00e4ne verstehen;<\/li>\n\n\n\n<li>Verstehen Sie, ob es sich lohnt, funky time um echtes Geld zu spielen.<\/li>\n<\/ul>\n\n\n\n<p>Um das Spiel anzusehen, ohne daran teilzunehmen, m\u00fcssen Sie:<\/p>\n\n\n\n<ol class=\"wp-block-list\">\n<li>Finden Sie ein zuverl\u00e4ssiges Online-Casino mit Funky Time.<\/li>\n\n\n\n<li>Gehen Sie zur offiziellen Website und \u00f6ffnen Sie den Spielebereich.<\/li>\n\n\n\n<li>Finden Sie Funky Time und schauen Sie sich die Sendung an.<\/li>\n<\/ol>\n\n\n\n<p>Eine Registrierung im System ist jedoch nicht erforderlich.<\/p>\n\n\n\n<p>Es gibt eine weitere Option f\u00fcr kostenlose Spiele \u2013 Casino-Boni. Einige gro\u00dfe Websites bieten sie an, sodass Spieler Wetten platzieren k\u00f6nnen, ohne ihr eigenes Geld auszugeben. Sie m\u00fcssen jedoch bedenken, dass f\u00fcr jeden Bonus Wettbedingungen gelten. Daher sollten Sie sich vor der Aktivierung eines Geschenks aus einem Casino mit den Grundvoraussetzungen vertraut machen.<\/p>\n\n\n<h2 class=\"wp-block-heading\" id=\"%25d0%25ba%25d0%25b0%25d0%25ba-%25d0%25b2%25d1%258b%25d0%25b8%25d0%25b3%25d1%2580%25d0%25b0%25d1%2582%25d1%258c-%25d0%25b2-funky-time-%25d1%2581%25d1%2582%25d1%2580%25d0%25b0%25d1%2582%25d0%25b5%25d0%25b3%25d0%25b8%25d0%25b8-%25d0%25b8-%25d1%2581%25d0%25be%25d0%25b2%25d0%25b5%25d1%2582%25d1%258b-%25d0%25b4%25d0%25bb\">So gewinnen Sie bei Funky Time: Strategien und Tipps f\u00fcr erfolgreiches Spielen<\/h2>\n\n\n<p>Funky Time ist ein reines Gl\u00fccksspiel, es gibt jedoch mehrere Strategien, mit denen Sie Ihre Gewinnchancen erh\u00f6hen und das Beste aus dem Spiel herausholen k\u00f6nnen. Wichtige Tipps f\u00fcr ein erfolgreiches Spiel:<\/p>\n\n\n\n<ol class=\"wp-block-list\">\n<li>Sie m\u00fcssen die Regeln lernen. Dies ist der allererste Punkt, der nicht \u00fcbersprungen werden sollte. Bevor Sie mit dem Spiel beginnen, sollten Sie alle Regeln gr\u00fcndlich lesen und die Wettarten verstehen. Nur so kann der Spieler anschlie\u00dfend eine ausgewogene und informierte Entscheidung treffen.<\/li>\n\n\n\n<li>Es gibt viele Strategien, aber es gibt nur eine. Das bedeutet, dass einige Spieler es vorziehen, auf bestimmte Zahlen zu wetten, w\u00e4hrend andere m\u00f6glicherweise eine Strategie bevorzugen, bei der ihre Eins\u00e4tze schrittweise erh\u00f6ht werden. Wieder andere entscheiden sich sogar daf\u00fcr, mit allen Zahlen zu spielen und Boni aktiv zu nutzen. Unter den vielen verf\u00fcgbaren Schemata sollten Sie das attraktivste finden und es w\u00e4hrend des Spiels befolgen.<\/li>\n\n\n\n<li>Es lohnt sich, im Vorfeld Grenzen zu setzen. Der Nutzer muss vor Spielbeginn festlegen, wie viel er bereit ist, f\u00fcr das Spiel auszugeben. Insbesondere f\u00fcr Anf\u00e4nger ist es auch nicht empfehlenswert, zu gro\u00dfe Eins\u00e4tze zu machen.<\/li>\n\n\n\n<li>Statistiken sind das Ass im \u00c4rmel eines erfahrenen Benutzers. Mit seiner Hilfe k\u00f6nnen Sie den Verlauf der Gewinne bestimmen und dadurch Ihre Gewinnchancen erh\u00f6hen.<\/li>\n\n\n\n<li>Es besteht keine Notwendigkeit, auf Bonusspiele zu verzichten. W\u00e4hrend des Spiels kann der Benutzer zus\u00e4tzliche Preise und Multiplikatoren erhalten, um die Gewinne zu erh\u00f6hen. Daher empfiehlt es sich, das Steuer im Auge zu behalten und die M\u00f6glichkeit, eine gro\u00dfe Summe zu erhalten, nicht zu verpassen.<\/li>\n<\/ol>\n\n\n<div class=\"wp-block-image\">\n<figure class=\"aligncenter size-large is-resized\"><img loading=\"lazy\" decoding=\"async\" width=\"1024\" height=\"536\" src=\"https:\/\/funky-time.top\/wp-content\/uploads\/2023\/11\/funky-time-muzhyk-1024x536.jpg\" alt=\"So gewinnen Sie bei Funky Time\" class=\"wp-image-388\" style=\"width:611px;height:auto\" srcset=\"https:\/\/funky-time.top\/wp-content\/uploads\/2023\/11\/funky-time-muzhyk-1024x536.jpg 1024w, https:\/\/funky-time.top\/wp-content\/uploads\/2023\/11\/funky-time-muzhyk-300x157.jpg 300w, https:\/\/funky-time.top\/wp-content\/uploads\/2023\/11\/funky-time-muzhyk-768x402.jpg 768w, https:\/\/funky-time.top\/wp-content\/uploads\/2023\/11\/funky-time-muzhyk-1536x804.jpg 1536w, https:\/\/funky-time.top\/wp-content\/uploads\/2023\/11\/funky-time-muzhyk-18x9.jpg 18w, https:\/\/funky-time.top\/wp-content\/uploads\/2023\/11\/funky-time-muzhyk.jpg 1541w\" sizes=\"auto, (max-width: 1024px) 100vw, 1024px\" \/><\/figure>\n<\/div>\n\n\n<p>Wenn Sie die Empfehlungen befolgen, wird Ihnen das Spielen von Funky Time Freude bereiten. Es ist jedoch wichtig zu bedenken, dass das gesamte Gameplay auf Zufall basiert und es daher keine garantierten Gewinnm\u00f6glichkeiten gibt.<\/p>\n\n\n<h2 class=\"wp-block-heading\" id=\"%25d0%25b7%25d0%25b0%25d0%25ba%25d0%25bb%25d1%258e%25d1%2587%25d0%25b5%25d0%25bd%25d0%25b8%25d0%25b5\">Abschluss<\/h2>\n\n\n<p>Funky Time ist ein gro\u00dfartiger Slot f\u00fcr diejenigen, die Spa\u00df haben und Geld verdienen m\u00f6chten. Dies ist nicht nur eine weitere Neuheit in der Welt der Online-Casinos, sondern eine aufregende und innovative Unterhaltung mit interaktiven Elementen, einzigartigen Bonusspielen und farbenfrohem Design. All dies erm\u00f6glicht es dem Kunden des Gl\u00fccksspielclubs, in die Atmosph\u00e4re einer echten Fernsehsendung einzutauchen.<\/p>\n\n\n\n<p>Sie k\u00f6nnen Funky Time nur um echtes Geld spielen, aber wenn Sie m\u00f6chten, kann der Benutzer die \u00dcbertragung kostenlos ansehen oder Casino-Boni nutzen. Wenn Sie den Empfehlungen folgen und Strategien anwenden, erh\u00f6hen sich wiederum Ihre Chancen auf gro\u00dfe Gewinne.<\/p>\n\n\n\n<p><\/p>","protected":false},"excerpt":{"rendered":"<p>Funky Time \u2013 \u0443\u0432\u043b\u0435\u043a\u0430\u0442\u0435\u043b\u044c\u043d\u0430\u044f \u043e\u043d\u043b\u0430\u0439\u043d-\u0438\u0433\u0440\u0430, \u043a\u043e\u0442\u043e\u0440\u0430\u044f \u043f\u043e\u0441\u0442\u0435\u043f\u0435\u043d\u043d\u043e \u043d\u0430\u0431\u0438\u0440\u0430\u0435\u0442 \u043f\u043e\u043f\u0443\u043b\u044f\u0440\u043d\u043e\u0441\u0442\u044c. \u041f\u043e\u0434\u043e\u0439\u0434\u0435\u0442 \u043a\u0430\u043a \u043d\u043e\u0432\u0438\u0447\u043a\u0430\u043c \u0432 \u043c\u0438\u0440\u0435 \u0430\u0437\u0430\u0440\u0442\u0430, \u0442\u0430\u043a \u043e\u043f\u044b\u0442\u043d\u044b\u043c \u043f\u043e\u043b\u044c\u0437\u043e\u0432\u0430\u0442\u0435\u043b\u044f\u043c \u043e\u043d\u043b\u0430\u0439\u043d-\u043a\u0430\u0437\u0438\u043d\u043e. \u0427\u0442\u043e\u0431\u044b \u0440\u0430\u0437\u043e\u0431\u0440\u0430\u0442\u044c\u0441\u044f, \u043a\u0430\u043a \u0438\u0433\u0440\u0430\u0442\u044c \u0432 Funky Time, \u043d\u0443\u0436\u043d\u043e \u0440\u0430\u0441\u0441\u043c\u043e\u0442\u0440\u0435\u0442\u044c \u0435\u0435 \u043f\u0440\u0430\u0432\u0438\u043b\u0430, \u043e\u0441\u043e\u0431\u0435\u043d\u043d\u043e\u0441\u0442\u0438 \u0438 \u0432\u043e\u0437\u043c\u043e\u0436\u043d\u043e\u0441\u0442\u0438. \u0420\u0430\u0437\u0440\u0430\u0431\u043e\u0442\u043a\u043e\u0439 \u0438\u0433\u0440\u044b Funky Time \u0437\u0430\u043d\u0438\u043c\u0430\u043b\u0430\u0441\u044c \u043a\u043e\u043c\u043f\u0430\u043d\u0438\u044f Evolution Gaming. \u041f\u0440\u043e\u0432\u0430\u0439\u0434\u0435\u0440\u0443 \u0443\u0434\u0430\u043b\u043e\u0441\u044c \u0441\u043e\u0437\u0434\u0430\u0442\u044c \u0443\u043d\u0438\u043a\u0430\u043b\u044c\u043d\u044b\u0439 \u0444\u043e\u0440\u043c\u0430\u0442 \u043e\u043d\u043b\u0430\u0439\u043d-\u0440\u0430\u0437\u0432\u043b\u0435\u0447\u0435\u043d\u0438\u0439, \u043a\u043e\u0442\u043e\u0440\u044b\u0439 \u0441\u043e\u0447\u0435\u0442\u0430\u0435\u0442 \u0432 \u0441\u0435\u0431\u0435 \u043a\u043b\u0430\u0441\u0441\u0438\u0447\u0435\u0441\u043a\u0438\u0435 \u044d\u043b\u0435\u043c\u0435\u043d\u0442\u044b \u043a\u0430\u0437\u0438\u043d\u043e \u0438&#8230;<\/p>","protected":false},"author":1,"featured_media":0,"parent":0,"menu_order":0,"comment_status":"closed","ping_status":"closed","template":"","meta":{"_kad_post_transparent":"","_kad_post_title":"","_kad_post_layout":"","_kad_post_sidebar_id":"","_kad_post_content_style":"","_kad_post_vertical_padding":"","_kad_post_feature":"","_kad_post_feature_position":"","_kad_post_header":false,"_kad_post_footer":false,"footnotes":""},"class_list":["post-335","page","type-page","status-publish","hentry"],"aioseo_notices":[],"_links":{"self":[{"href":"https:\/\/funky-time.top\/de\/wp-json\/wp\/v2\/pages\/335","targetHints":{"allow":["GET"]}}],"collection":[{"href":"https:\/\/funky-time.top\/de\/wp-json\/wp\/v2\/pages"}],"about":[{"href":"https:\/\/funky-time.top\/de\/wp-json\/wp\/v2\/types\/page"}],"author":[{"embeddable":true,"href":"https:\/\/funky-time.top\/de\/wp-json\/wp\/v2\/users\/1"}],"replies":[{"embeddable":true,"href":"https:\/\/funky-time.top\/de\/wp-json\/wp\/v2\/comments?post=335"}],"version-history":[{"count":7,"href":"https:\/\/funky-time.top\/de\/wp-json\/wp\/v2\/pages\/335\/revisions"}],"predecessor-version":[{"id":466,"href":"https:\/\/funky-time.top\/de\/wp-json\/wp\/v2\/pages\/335\/revisions\/466"}],"wp:attachment":[{"href":"https:\/\/funky-time.top\/de\/wp-json\/wp\/v2\/media?parent=335"}],"curies":[{"name":"wp","href":"https:\/\/api.w.org\/{rel}","templated":true}]}}