{"id":338,"date":"2023-12-01T19:19:28","date_gmt":"2023-12-01T16:19:28","guid":{"rendered":"https:\/\/funky-time.top\/?page_id=338"},"modified":"2023-12-02T12:17:08","modified_gmt":"2023-12-02T09:17:08","slug":"statistic-funky-time","status":"publish","type":"page","link":"https:\/\/funky-time.top\/de\/statistic-funky-time\/","title":{"rendered":"Funky Time-Statistiken"},"content":{"rendered":"<p>Statistiken von Funky Time \u2013 ein Spiel, das den registrierten Casino-Kunden in die Welt angenehmer Musik, leuchtender Grafiken und in farbenfrohen Kost\u00fcmen gekleideter Dealer entf\u00fchrt. Das Studium der statistischen Indikatoren des Spiels kann f\u00fcr jeden Spieler, der am Gewinnen interessiert ist, von Vorteil sein. Bevor Sie mit der Funky Time-Statistik fortfahren, m\u00fcssen Sie verstehen, wie die Positionen der Symbole verteilt sind.<\/p>\n\n\n\n<div class=\"wp-block-buttons is-content-justification-center is-layout-flex wp-container-core-buttons-is-layout-16018d1d wp-block-buttons-is-layout-flex\">\n<div class=\"wp-block-button\"><a class=\"wp-block-button__link wp-element-button\" href=\"https:\/\/p72zy.bemobtrcks.com\/go\/7c083e47-a62b-4495-90b2-7b8a354eaa14?\"><strong>Spielen Sie Funky Time<\/strong><\/a><\/div>\n<\/div>\n\n\n\n<figure class=\"wp-block-table\"><table><tbody><tr><td><strong>Symbolname<\/strong><\/td><td><strong>Anzahl der Positionen<\/strong><\/td><\/tr><tr><td>NUMMER 1<\/td><td>28<\/td><\/tr><tr><td>SPIELEN<\/td><td>2 pro Buchstabe<\/td><\/tr><tr><td>FUNK<\/td><td>2 pro Buchstabe<\/td><\/tr><tr><td>ZEIT<\/td><td>2 pro Buchstabe<\/td><\/tr><tr><td>BAR<\/td><td>6<\/td><\/tr><tr><td>DISKO<\/td><td>3<\/td><\/tr><tr><td>AM LEBEN BLEIBEN<\/td><td>2<\/td><\/tr><tr><td>DISCO-VIP<\/td><td>1<\/td><\/tr><\/tbody><\/table><figcaption class=\"wp-element-caption\">Statistik und Analyse Funky Time<\/figcaption><\/figure>\n\n\n<h2 class=\"wp-block-heading\" id=\"%25d0%25ba%25d0%25be%25d1%258d%25d1%2584%25d1%2584%25d0%25b8%25d1%2586%25d0%25b8%25d0%25b5%25d0%25bd%25d1%2582%25d1%258b-%25d1%2581%25d0%25b8%25d0%25bc%25d0%25b2%25d0%25be%25d0%25bb%25d0%25be%25d0%25b2-funky-time\">Funky Time-Symbolkoeffizienten<\/h2>\n\n\n<p>Der Schl\u00fcssel zum Gewinn liegt darin, zu verstehen, wie hoch Ihre Gewinnchancen sind. Ja, die genauen Gewinnchancen h\u00e4ngen ausschlie\u00dflich von den Slot-Algorithmen ab und dies ist ein Geheimnis, das die Entwickler nicht preisgeben. Es gibt jedoch eine kleine Zusammenfassung der H\u00e4ufigkeit, mit der bestimmte Bilder angezeigt werden.<\/p>\n\n\n\n<figure class=\"wp-block-table\"><table><tbody><tr><td><strong>Symbolname<\/strong><\/td><td><strong>Drop-Prozentsatz, %<\/strong><\/td><td><strong>Drop-Chancen<\/strong><\/td><\/tr><tr><td>NUMMER 1<\/td><td>43,75<\/td><td>Hoch<\/td><\/tr><tr><td>SPIELEN<\/td><td>12,5<\/td><td>Durchschnitt<\/td><\/tr><tr><td>FUNK<\/td><td>12,5<\/td><td>Durchschnitt<\/td><\/tr><tr><td>ZEIT<\/td><td>12,5<\/td><td>Durchschnitt<\/td><\/tr><tr><td>BAR<\/td><td>3,38<\/td><td>Durchschnitt<\/td><\/tr><tr><td>DISKO<\/td><td>4,69<\/td><td>Niedrig<\/td><\/tr><tr><td>AM LEBEN BLEIBEN<\/td><td>3,13<\/td><td>Niedrig<\/td><\/tr><tr><td>DISCO-VIP<\/td><td>1,56<\/td><td>Niedrig<\/td><\/tr><\/tbody><\/table><figcaption class=\"wp-element-caption\">Symbole und Quoten Funky Time<\/figcaption><\/figure>\n\n\n\n<p>Um Funky Time zu spielen, sind Symbol-Drop-Statistiken ein unbedingt zu studierender Indikator. Dies gilt insbesondere f\u00fcr unerfahrene Benutzer, die durch die Ber\u00fccksichtigung dieser Empfehlung in der Lage sein werden, die Spielmechanik zu verstehen und sich auf den Sieg vorzubereiten.<\/p>\n\n\n\n<p>Wir d\u00fcrfen jedoch nicht vergessen, dass das erzielte Ergebnis in den meisten F\u00e4llen reiner Zufall ist. Daher sollten Sie bei einer Reihe von Ausf\u00e4llen nicht versuchen, den verlorenen Betrag zur\u00fcckzugewinnen. Es ist besser, die Spiellimits im Voraus zu stoppen oder festzulegen, damit nicht das Risiko besteht, dass Sie Ihr gesamtes Guthaben verlieren.<\/p>\n\n\n\n<div class=\"wp-block-buttons is-content-justification-center is-layout-flex wp-container-core-buttons-is-layout-16018d1d wp-block-buttons-is-layout-flex\">\n<div class=\"wp-block-button\"><a class=\"wp-block-button__link wp-element-button\" href=\"https:\/\/p72zy.bemobtrcks.com\/go\/7c083e47-a62b-4495-90b2-7b8a354eaa14?\"><strong>Spielen Sie Funky Time<\/strong><\/a><\/div>\n<\/div>\n\n\n<h2 class=\"wp-block-heading\" id=\"%25d1%2581%25d1%2582%25d0%25b0%25d1%2582%25d0%25b8%25d1%2581%25d1%2582%25d0%25b8%25d0%25ba%25d0%25b0-%25d0%25be%25d0%25bd%25d0%25bb%25d0%25b0%25d0%25b9%25d0%25bd%25d0%25ba%25d0%25b0%25d0%25b7%25d0%25b8%25d0%25bd%25d0%25be\">Online-Casino-Statistiken<\/h2>\n\n\n<p>Das Online-Casino bietet den Spielern umfangreiche Statistiken, deren ordnungsgem\u00e4\u00dfe Verwendung es ihnen erm\u00f6glicht, die Funktionen jedes Spielautomaten besser zu verstehen und die Dynamik jedes Spiels zu verstehen. Es hilft auch vielen Menschen, eine einzigartige Gewinnstrategie zu entwickeln. Die Statistiken umfassen Folgendes:<\/p>\n\n\n\n<ol class=\"wp-block-list\">\n<li>Gebotszeit. Der Spieler kann sehen, wann die letzte Wette get\u00e4tigt wurde. Dadurch k\u00f6nnen Sie nachvollziehen, wann das Spiel aktive Phasen hat und wann es ruhig ist.<\/li>\n\n\n\n<li>Wettbetrag. Zeigt an, welche Betr\u00e4ge die Spieler setzen. Anhand dieser Informationen kann ein neuer Benutzer schlie\u00dfen, welche Wetten die beste Reaktion in Form von hohen Betr\u00e4gen oder Boni erbracht haben.<\/li>\n\n\n\n<li>Benutzername. Diese Statistik ist eher f\u00fcr erfahrene Casino-Kunden relevant, die gerne mit anderen Spielern konkurrieren.<\/li>\n\n\n\n<li>Wettmultiplikator. Die Zahl gibt an, wie oft der Einsatz des Benutzers nach dem Gewinn erh\u00f6ht wurde. F\u00fcr diejenigen, die daran interessiert sind, das Potenzial von Wetten zu verstehen, ist es einen Blick wert.<\/li>\n\n\n\n<li>Gewinn. Die Statistiken vieler Casinos liefern Daten \u00fcber die Betr\u00e4ge, die Kunden beim Spielen von Funky Time erhalten haben.<\/li>\n\n\n\n<li>W\u00e4hrung der Wette. Manchmal kann es hilfreich sein, zu wissen, in welcher W\u00e4hrung fr\u00fchere Betas ver\u00f6ffentlicht wurden. Dies spiegelt sich auch in der Statistik wider.<\/li>\n\n\n\n<li>Spielgeschichte. Manchmal k\u00f6nnen Sie sich Daten fr\u00fcherer Spiele in Funky Time ansehen, um etwaige Trends zu erkennen.<\/li>\n\n\n\n<li>H\u00e4ufigkeit des Erhalts von Boni. Funky Time verf\u00fcgt \u00fcber mehrere Bonusrunden und Symbole, die f\u00fcr gro\u00dfe Gewinne sorgen. In Statistiken k\u00f6nnen Sie sehen, wie oft sie auftreten, um ideale Intervalle planen zu k\u00f6nnen.<\/li>\n\n\n\n<li>RTP. Auch die R\u00fccklaufquote bezieht sich auf Statistiken. Mit seiner Hilfe kann der Benutzer bestimmen, wie viel er von seinen Wetten zur\u00fcckerh\u00e4lt.<\/li>\n<\/ol>\n\n\n<div class=\"wp-block-image\">\n<figure class=\"aligncenter size-full\"><img loading=\"lazy\" decoding=\"async\" width=\"665\" height=\"324\" src=\"https:\/\/funky-time.top\/wp-content\/uploads\/2023\/11\/funky-time-stats-72-hours.jpg\" alt=\"funky time-Statistik f\u00fcr 72 Stunden\" class=\"wp-image-424\" srcset=\"https:\/\/funky-time.top\/wp-content\/uploads\/2023\/11\/funky-time-stats-72-hours.jpg 665w, https:\/\/funky-time.top\/wp-content\/uploads\/2023\/11\/funky-time-stats-72-hours-300x146.jpg 300w, https:\/\/funky-time.top\/wp-content\/uploads\/2023\/11\/funky-time-stats-72-hours-18x9.jpg 18w\" sizes=\"auto, (max-width: 665px) 100vw, 665px\" \/><\/figure>\n<\/div>\n\n\n<p>Casino-Statistiken sind ein allgemeines Tool, das verwendet werden kann, auf das man sich beim Spielen von Funky Time jedoch nicht verlassen sollte. Sie k\u00f6nnen die von der Plattform angezeigten Daten ber\u00fccksichtigen, aber gleichzeitig Ihre eigenen finanziellen M\u00f6glichkeiten ber\u00fccksichtigen und sich nicht von Emotionen oder dem Wunsch, jemanden zu schlagen, leiten lassen.<\/p>\n\n\n<h2 class=\"wp-block-heading\" id=\"%25d0%25b2%25d1%258b%25d0%25b2%25d0%25be%25d0%25b4%25d1%258b\">Schlussfolgerungen<\/h2>\n\n\n<p><strong>Spiel Funky Time<\/strong> voller Spa\u00df, was es so interessant macht. Jeder Spieler hat die Chance, jede Runde zu gewinnen, weshalb die Unterhaltung in vielen Online-Casinos beliebt ist. Um die Gewinnchance zu erh\u00f6hen, sollte der Benutzer besonderes Augenmerk auf statistische Indikatoren legen, die zur Verbesserung der gew\u00e4hlten Strategie beitragen.<\/p>\n\n\n<div class=\"wp-block-image\">\n<figure class=\"aligncenter size-large is-resized\"><img loading=\"lazy\" decoding=\"async\" width=\"1024\" height=\"621\" src=\"https:\/\/funky-time.top\/wp-content\/uploads\/2023\/11\/funky-time-1-1024x621.jpg\" alt=\"funky time Casino-Statistiken\" class=\"wp-image-426\" style=\"width:702px;height:auto\" srcset=\"https:\/\/funky-time.top\/wp-content\/uploads\/2023\/11\/funky-time-1-1024x621.jpg 1024w, https:\/\/funky-time.top\/wp-content\/uploads\/2023\/11\/funky-time-1-300x182.jpg 300w, https:\/\/funky-time.top\/wp-content\/uploads\/2023\/11\/funky-time-1-768x466.jpg 768w, https:\/\/funky-time.top\/wp-content\/uploads\/2023\/11\/funky-time-1-18x12.jpg 18w, https:\/\/funky-time.top\/wp-content\/uploads\/2023\/11\/funky-time-1.jpg 1230w\" sizes=\"auto, (max-width: 1024px) 100vw, 1024px\" \/><\/figure>\n<\/div>\n\n\n<p><strong>Funky Time<\/strong> \u2013 eine Gelegenheit, eine Pause vom Schul- oder Arbeitstag einzulegen und bei angenehmer Musik zu entspannen. Das Spiel bietet registrierten Benutzern auch jede Chance, eine gro\u00dfe Summe zu gewinnen. Es ist jedoch immer wichtig, sich an die Grunds\u00e4tze des verantwortungsvollen Spielens zu erinnern und nicht zu versuchen, im Falle einer Reihe von Misserfolgen wieder gutzumachen.<\/p>","protected":false},"excerpt":{"rendered":"<p>\u0421\u0442\u0430\u0442\u0438\u0441\u0442\u0438\u043a\u0430 Funky Time \u2013 \u0438\u0433\u0440\u044b, \u043a\u043e\u0442\u043e\u0440\u0430\u044f \u043f\u0435\u0440\u0435\u043d\u0435\u0441\u0435\u0442 \u0437\u0430\u0440\u0435\u0433\u0438\u0441\u0442\u0440\u0438\u0440\u043e\u0432\u0430\u043d\u043d\u043e\u0433\u043e \u043a\u043b\u0438\u0435\u043d\u0442\u0430 \u043a\u0430\u0437\u0438\u043d\u043e \u0432 \u043c\u0438\u0440 \u043f\u0440\u0438\u044f\u0442\u043d\u043e\u0439 \u043c\u0443\u0437\u044b\u043a\u0438, \u044f\u0440\u043a\u043e\u0439 \u0433\u0440\u0430\u0444\u0438\u043a\u0438 \u0438 \u0434\u0438\u043b\u0435\u0440\u043e\u0432, \u043e\u0434\u0435\u0442\u044b\u0445 \u0432 \u043f\u0435\u0441\u0442\u0440\u044b\u0435 \u043a\u043e\u0441\u0442\u044e\u043c\u044b. \u0418\u0437\u0443\u0447\u0435\u043d\u0438\u0435 \u0441\u0442\u0430\u0442\u0438\u0441\u0442\u0438\u0447\u0435\u0441\u043a\u0438\u0445 \u043f\u043e\u043a\u0430\u0437\u0430\u0442\u0435\u043b\u0435\u0439 \u0438\u0433\u0440\u044b \u0441\u043f\u043e\u0441\u043e\u0431\u043d\u043e \u0441\u0442\u0430\u0442\u044c \u043f\u0440\u0435\u0438\u043c\u0443\u0449\u0435\u0441\u0442\u0432\u043e\u043c \u043b\u044e\u0431\u043e\u0433\u043e \u0438\u0433\u0440\u043e\u043a\u0430, \u0447\u0442\u043e \u0437\u0430\u0438\u043d\u0442\u0435\u0440\u0435\u0441\u043e\u0432\u0430\u043d \u0432 \u043f\u043e\u0431\u0435\u0434\u0435. \u041f\u0440\u0435\u0436\u0434\u0435, \u0447\u0435\u043c \u043f\u0435\u0440\u0435\u0445\u043e\u0434\u0438\u0442\u044c \u043a \u0441\u0442\u0430\u0442\u0438\u0441\u0442\u0438\u043a\u0435 Funky Time, \u043d\u0443\u0436\u043d\u043e \u043f\u043e\u043d\u044f\u0442\u044c, \u043a\u0430\u043a \u0440\u0430\u0441\u043f\u0440\u0435\u0434\u0435\u043b\u044f\u044e\u0442\u0441\u044f \u043f\u043e\u0437\u0438\u0446\u0438\u0438 \u0434\u043b\u044f \u0441\u0438\u043c\u0432\u043e\u043b\u043e\u0432. \u041d\u0430\u0438\u043c\u0435\u043d\u043e\u0432\u0430\u043d\u0438\u0435 \u0441\u0438\u043c\u0432\u043e\u043b\u0430 \u041a\u043e\u043b\u0438\u0447\u0435\u0441\u0442\u0432\u043e \u043f\u043e\u0437\u0438\u0446\u0438\u0439 \u0427\u0418\u0421\u041b\u041e 1&#8230;<\/p>","protected":false},"author":1,"featured_media":0,"parent":0,"menu_order":0,"comment_status":"closed","ping_status":"closed","template":"","meta":{"_kad_post_transparent":"","_kad_post_title":"","_kad_post_layout":"","_kad_post_sidebar_id":"","_kad_post_content_style":"","_kad_post_vertical_padding":"","_kad_post_feature":"","_kad_post_feature_position":"","_kad_post_header":false,"_kad_post_footer":false,"footnotes":""},"class_list":["post-338","page","type-page","status-publish","hentry"],"aioseo_notices":[],"_links":{"self":[{"href":"https:\/\/funky-time.top\/de\/wp-json\/wp\/v2\/pages\/338","targetHints":{"allow":["GET"]}}],"collection":[{"href":"https:\/\/funky-time.top\/de\/wp-json\/wp\/v2\/pages"}],"about":[{"href":"https:\/\/funky-time.top\/de\/wp-json\/wp\/v2\/types\/page"}],"author":[{"embeddable":true,"href":"https:\/\/funky-time.top\/de\/wp-json\/wp\/v2\/users\/1"}],"replies":[{"embeddable":true,"href":"https:\/\/funky-time.top\/de\/wp-json\/wp\/v2\/comments?post=338"}],"version-history":[{"count":13,"href":"https:\/\/funky-time.top\/de\/wp-json\/wp\/v2\/pages\/338\/revisions"}],"predecessor-version":[{"id":465,"href":"https:\/\/funky-time.top\/de\/wp-json\/wp\/v2\/pages\/338\/revisions\/465"}],"wp:attachment":[{"href":"https:\/\/funky-time.top\/de\/wp-json\/wp\/v2\/media?parent=338"}],"curies":[{"name":"wp","href":"https:\/\/api.w.org\/{rel}","templated":true}]}}