{"id":342,"date":"2023-12-01T19:19:18","date_gmt":"2023-12-01T16:19:18","guid":{"rendered":"https:\/\/funky-time.top\/?page_id=342"},"modified":"2023-12-02T12:16:41","modified_gmt":"2023-12-02T09:16:41","slug":"funky-time-casino","status":"publish","type":"page","link":"https:\/\/funky-time.top\/de\/funky-time-casino\/","title":{"rendered":"Funky Time in den besten Online-Casinos"},"content":{"rendered":"<p>Das Online-Spiel Funky Time vom besten Entwickler f\u00fcr Gl\u00fccksspielunterhaltung wird jeden mit seiner einzigartigen Grafik und unterhaltsamen Atmosph\u00e4re in seinen Bann ziehen. Dazu kommen ein angenehmer Sound und spannende Spielmechaniken. Nach dem Start von Funky Time taucht der Casino-Kunde in eine unglaubliche Welt voller Musik und Tanz ein; auf dem Spielfeld wird er von einem Dealer in einem hellen Anzug empfangen. Jede Drehung des Rades wird neue Emotionen hervorrufen.<\/p>\n\n\n\n<div class=\"wp-block-buttons is-content-justification-center is-layout-flex wp-container-core-buttons-is-layout-16018d1d wp-block-buttons-is-layout-flex\">\n<div class=\"wp-block-button\"><a class=\"wp-block-button__link wp-element-button\" href=\"https:\/\/p72zy.bemobtrcks.com\/go\/7c083e47-a62b-4495-90b2-7b8a354eaa14?\"><strong>Spielen Sie Funky Time<\/strong><\/a><\/div>\n<\/div>\n\n\n\n<p>Es wird empfohlen, Funky Time nur in zuverl\u00e4ssigen Casinos zu spielen, die p\u00fcnktliche und faire Zahlungen garantieren. Es ist nicht immer m\u00f6glich, eine solche Plattform zu finden, aber es ist m\u00f6glich, wenn man einige Empfehlungen ber\u00fccksichtigt.<\/p>\n\n\n<h2 class=\"wp-block-heading\" id=\"%25d0%25ba%25d0%25b0%25d0%25ba-%25d0%25bc%25d1%258b-%25d0%25bd%25d0%25b0%25d1%2585%25d0%25be%25d0%25b4%25d0%25b8%25d0%25bc-%25d0%25bb%25d1%2583%25d1%2587%25d1%2588%25d0%25b8%25d0%25b5-%25d0%25ba%25d0%25b0%25d0%25b7%25d0%25b8%25d0%25bd%25d0%25be-%25d0%25b4%25d0%25bb%25d1%258f-%25d0%25b8%25d0%25b3%25d1%2580%25d1%258b-%25d0%25b2\">Wie finden wir die besten Casinos zum Spielen von Funky Time?<\/h2>\n\n\n<p>Im Gegensatz zu den meisten anderen Websites verfolgt unsere Ressource einen besonderen Ansatz bei der Auswahl der besten Online-Casinos, in denen Sie Funky Time spielen k\u00f6nnen. Hauptsuchkriterien:<\/p>\n\n\n\n<ol class=\"wp-block-list\">\n<li>Lizenz. Dies ist das Erste, worauf wir achten, wenn wir nach einer zuverl\u00e4ssigen Gl\u00fccksspielseite suchen. Eine Lizenz garantiert faires und sicheres Spiel sowie p\u00fcnktliche Zahlungen. Es ist wichtig, dass das Dokument von einer seri\u00f6sen Gl\u00fccksspielaufsichtsbeh\u00f6rde ausgestellt wurde.<\/li>\n\n\n\n<li>Sicherheit. Ein potenzieller Kunde ist stets daran interessiert, dass seine Daten bei der Registrierung nicht in die H\u00e4nde Dritter gelangen. Nur ehrliche und zuverl\u00e4ssige Casinos, die eine spezielle Verschl\u00fcsselung verwenden, k\u00f6nnen dies garantieren.<\/li>\n\n\n\n<li>Bonuspolitik. Wir studieren die Bonusrichtlinien sorgf\u00e4ltig: von der H\u00f6he der Geschenke bis zu den Wettbedingungen.<\/li>\n\n\n\n<li>Verf\u00fcgbarkeit von Funky Time. Auch diesem Punkt widmen wir besondere Aufmerksamkeit. Es ist wichtig, dass das Spiel einfach startet und auf jedem Ger\u00e4t einwandfrei funktioniert.<\/li>\n\n\n\n<li>Support-Service. Ein zuverl\u00e4ssiges Casino bietet die M\u00f6glichkeit, schnell einen Hotline-Mitarbeiter zu kontaktieren, um Fragen und Probleme zu l\u00f6sen, die w\u00e4hrend des Spiels auftreten k\u00f6nnen. Die besten Online-Casinos bieten mindestens drei M\u00f6glichkeiten, den technischen Support zu kontaktieren.<\/li>\n\n\n\n<li>Zahlungssysteme. Bei der Suche nach einem Casino pr\u00fcfen wir die verf\u00fcgbaren Methoden, um Ihr Konto aufzuf\u00fcllen und Auszahlungen zu erhalten. Die besten Plattformen verf\u00fcgen \u00fcber ein breites Angebot an Zahlungssystemen und eine schnelle Transaktionsabwicklung.<\/li>\n<\/ol>\n\n\n\n<p>Dar\u00fcber hinaus ber\u00fccksichtigen wir die Reputation des Unternehmens. Dies kann durch das Lesen von Rezensionen und Rezensionen erfolgen. Unser Ansatz ist einzigartig, weil er gleich mehrere wichtige Punkte anspricht. Wir sind bei unseren Beurteilungen unparteiisch, sodass Sie uns vertrauen k\u00f6nnen.<\/p>\n\n\n<h2 class=\"wp-block-heading\" id=\"%25d0%25b7%25d0%25b0%25d0%25ba%25d0%25bb%25d1%258e%25d1%2587%25d0%25b5%25d0%25bd%25d0%25b8%25d0%25b5\">Abschluss<\/h2>\n\n\n<p>Wir achten darauf, den Nutzern unserer Ressource nur zuverl\u00e4ssige Seiten zum Spielen von Funky Time zur Verf\u00fcgung zu stellen. Die Liste der besten Online-Casinos wird regelm\u00e4\u00dfig aktualisiert: Neue Plattformen erscheinen und die Pl\u00e4tze der Spitzenreiter \u00e4ndern sich.<\/p>\n\n\n<h2 class=\"wp-block-heading\" id=\"faq\">FAQ<\/h2>\n\n<h3 class=\"wp-block-heading\" id=\"%25d0%25b2-%25d0%25ba%25d0%25b0%25d0%25ba%25d0%25b8%25d1%2585-%25d0%25be%25d0%25bd%25d0%25bb%25d0%25b0%25d0%25b9%25d0%25bd-%25d0%25ba%25d0%25b0%25d0%25b7%25d0%25b8%25d0%25bd%25d0%25be-%25d1%258f-%25d0%25bc%25d0%25be%25d0%25b3%25d1%2583-%25d0%25b8%25d0%25b3%25d1%2580%25d0%25b0%25d1%2582%25d1%258c-%25d0%25b2-funky-time\">In welchen Online-Casinos kann ich Funky Time spielen?<\/h3>\n\n\n<p>Die Website pr\u00e4sentiert die neuesten TOP der besten Online-Casinos, in denen Sie bei Funky Time um Geld spielen k\u00f6nnen.<\/p>\n\n\n<h3 class=\"wp-block-heading\" id=\"%25d0%25ba%25d0%25b0%25d0%25ba-%25d0%25b2%25d1%258b%25d0%25b1%25d1%2580%25d0%25b0%25d1%2582%25d1%258c-%25d0%25bb%25d1%2583%25d1%2587%25d1%2588%25d0%25b5%25d0%25b5-%25d0%25ba%25d0%25b0%25d0%25b7%25d0%25b8%25d0%25bd%25d0%25be-%25d0%25b4%25d0%25bb%25d1%258f-%25d0%25b8%25d0%25b3%25d1%2580%25d1%258b-%25d0%25b2-funky-time\">Wie w\u00e4hlt man das beste Casino zum Spielen von Funky Time aus?<\/h3>\n\n\n<p>Bei der Auswahl eines Online-Casinos empfiehlt es sich zun\u00e4chst, die Verf\u00fcgbarkeit einer Lizenz, das Angebot an Zahlungssystemen, die Sicherheit und die Kontaktm\u00f6glichkeiten zum Support zu ber\u00fccksichtigen. Es lohnt sich auch, die Erschwinglichkeit des Funky Time zu pr\u00fcfen.<\/p>\n\n\n<h3 class=\"wp-block-heading\" id=\"%25d1%258f-%25d0%25bd%25d0%25be%25d0%25b2%25d0%25b8%25d1%2587%25d0%25be%25d0%25ba-%25d0%25b2-funky-time-%25d0%25b5%25d1%2581%25d1%2582%25d1%258c-%25d0%25ba%25d0%25b0%25d0%25ba%25d0%25b8%25d0%25b5%25d0%25bd%25d0%25b8%25d0%25b1%25d1%2583%25d0%25b4%25d1%258c-%25d1%2581%25d0%25be%25d0%25b2%25d0%25b5%25d1%2582%25d1%258b\">Ich bin neu bei Funky Time, irgendwelche Tipps?<\/h3>\n\n\n<p>Das Hauptziel von Funky Time ist Spa\u00df zu haben. Konzentrieren Sie sich nicht darauf, einen gro\u00dfen Sieg zu erringen oder einen anderen Spieler zu schlagen. Dies f\u00fchrt normalerweise zu einem Verlust der Bankroll und einer Verschlechterung der Stimmung. \u00dcben Sie, studieren Sie die Spielregeln, schauen Sie sich \u00dcbertragungen an und behalten Sie die Statistiken im Auge, um Ihre Gewinnchancen zu erh\u00f6hen.<\/p>\n\n\n<h3 class=\"wp-block-heading\" id=\"%25d1%2581%25d1%2583%25d1%2589%25d0%25b5%25d1%2581%25d1%2582%25d0%25b2%25d1%2583%25d1%258e%25d1%2582-%25d0%25bb%25d0%25b8-%25d0%25bc%25d0%25be%25d0%25b1%25d0%25b8%25d0%25bb%25d1%258c%25d0%25bd%25d1%258b%25d0%25b5-%25d0%25b2%25d0%25b5%25d1%2580%25d1%2581%25d0%25b8%25d0%25b8-%25d0%25ba%25d0%25b0%25d0%25b7%25d0%25b8%25d0%25bd\">Gibt es mobile Casino-Versionen zum Spielen von Funky Time?<\/h3>\n\n\n<p>Ja, viele Casinos verf\u00fcgen \u00fcber mobile Anwendungen und mobile Versionen ihrer Plattformen. Daher k\u00f6nnen Sie Funky Time von einem Smartphone, Tablet oder einem anderen Ger\u00e4t aus starten.<\/p>\n\n\n<h3 class=\"wp-block-heading\" id=\"%25d0%25b1%25d0%25b5%25d0%25b7%25d0%25be%25d0%25bf%25d0%25b0%25d1%2581%25d0%25bd%25d0%25be-%25d0%25bb%25d0%25b8-%25d0%25b8%25d0%25b3%25d1%2580%25d0%25b0%25d1%2582%25d1%258c-%25d0%25b2-funky-time-%25d0%25b2-%25d0%25ba%25d0%25b0%25d0%25b7%25d0%25b8%25d0%25bd%25d0%25be-%25d0%25ba%25d0%25be%25d1%2582%25d0%25be%25d1%2580\">Ist es sicher, Funky Time in den von Ihnen empfohlenen Casinos zu spielen?<\/h3>\n\n\n<p>Bei der Erstellung der Bewertung pr\u00fcfen wir jede Plattform sorgf\u00e4ltig auf die Einhaltung grundlegender Kriterien und Anforderungen: von der Lizenz bis hin zu den Kontaktm\u00f6glichkeiten mit dem Support. Wir betrachten auch den Einsatz moderner Verschl\u00fcsselungstechnologien durch Online-Casinos, die den Schutz der Benutzerdaten gew\u00e4hrleisten.<\/p>","protected":false},"excerpt":{"rendered":"<p>\u041e\u043d\u043b\u0430\u0439\u043d-\u0438\u0433\u0440\u0430 Funky Time \u043e\u0442 \u043b\u0443\u0447\u0448\u0435\u0433\u043e \u0440\u0430\u0437\u0440\u0430\u0431\u043e\u0442\u0447\u0438\u043a\u0430 \u0430\u0437\u0430\u0440\u0442\u043d\u044b\u0445 \u0440\u0430\u0437\u0432\u043b\u0435\u0447\u0435\u043d\u0438\u0439 \u043f\u043e\u043a\u043e\u0440\u0438\u0442 \u043b\u044e\u0431\u043e\u0433\u043e \u0443\u043d\u0438\u043a\u0430\u043b\u044c\u043d\u043e\u0439 \u0433\u0440\u0430\u0444\u0438\u043a\u043e\u0439 \u0438 \u0432\u0435\u0441\u0435\u043b\u043e\u0439 \u0430\u0442\u043c\u043e\u0441\u0444\u0435\u0440\u043e\u0439. \u0412 \u0434\u043e\u043f\u043e\u043b\u043d\u0435\u043d\u0438\u0435 \u043a \u044d\u0442\u043e\u043c\u0443 \u0438\u0434\u0435\u0442 \u043f\u0440\u0438\u044f\u0442\u043d\u044b\u0439 \u0437\u0432\u0443\u043a \u0438 \u0437\u0430\u0445\u0432\u0430\u0442\u044b\u0432\u0430\u044e\u0449\u0430\u044f \u0438\u0433\u0440\u043e\u0432\u0430\u044f \u043c\u0435\u0445\u0430\u043d\u0438\u043a\u0430. \u041f\u043e\u0441\u043b\u0435 \u0437\u0430\u043f\u0443\u0441\u043a\u0430 Funky Time \u043a\u043b\u0438\u0435\u043d\u0442 \u043a\u0430\u0437\u0438\u043d\u043e \u043f\u043e\u0433\u0440\u0443\u0437\u0438\u0442\u0441\u044f \u0432 \u043d\u0435\u0432\u0435\u0440\u043e\u044f\u0442\u043d\u044b\u0439 \u043c\u0438\u0440, \u043d\u0430\u043f\u043e\u043b\u043d\u0435\u043d\u043d\u043e\u0439 \u043c\u0443\u0437\u044b\u043a\u043e\u0439 \u0438 \u0442\u0430\u043d\u0446\u0430\u043c\u0438, \u043d\u0430 \u0438\u0433\u0440\u043e\u0432\u043e\u043c \u043f\u043e\u043b\u0435 \u0435\u0433\u043e \u0432\u0441\u0442\u0440\u0435\u0442\u0438\u0442 \u0434\u0438\u043b\u0435\u0440, \u043e\u0434\u0435\u0442\u044b\u0439 \u0432 \u044f\u0440\u043a\u0438\u0439 \u043a\u043e\u0441\u0442\u044e\u043c. \u041a\u0430\u0436\u0434\u043e\u0435 \u0432\u0440\u0430\u0449\u0435\u043d\u0438\u0435 \u043a\u043e\u043b\u0435\u0441\u0430 \u0431\u0443\u0434\u0435\u0442 \u0434\u0430\u0440\u0438\u0442\u044c&#8230;<\/p>","protected":false},"author":1,"featured_media":0,"parent":0,"menu_order":0,"comment_status":"closed","ping_status":"closed","template":"","meta":{"_kad_post_transparent":"","_kad_post_title":"","_kad_post_layout":"","_kad_post_sidebar_id":"","_kad_post_content_style":"","_kad_post_vertical_padding":"","_kad_post_feature":"","_kad_post_feature_position":"","_kad_post_header":false,"_kad_post_footer":false,"footnotes":""},"class_list":["post-342","page","type-page","status-publish","hentry"],"aioseo_notices":[],"_links":{"self":[{"href":"https:\/\/funky-time.top\/de\/wp-json\/wp\/v2\/pages\/342","targetHints":{"allow":["GET"]}}],"collection":[{"href":"https:\/\/funky-time.top\/de\/wp-json\/wp\/v2\/pages"}],"about":[{"href":"https:\/\/funky-time.top\/de\/wp-json\/wp\/v2\/types\/page"}],"author":[{"embeddable":true,"href":"https:\/\/funky-time.top\/de\/wp-json\/wp\/v2\/users\/1"}],"replies":[{"embeddable":true,"href":"https:\/\/funky-time.top\/de\/wp-json\/wp\/v2\/comments?post=342"}],"version-history":[{"count":5,"href":"https:\/\/funky-time.top\/de\/wp-json\/wp\/v2\/pages\/342\/revisions"}],"predecessor-version":[{"id":462,"href":"https:\/\/funky-time.top\/de\/wp-json\/wp\/v2\/pages\/342\/revisions\/462"}],"wp:attachment":[{"href":"https:\/\/funky-time.top\/de\/wp-json\/wp\/v2\/media?parent=342"}],"curies":[{"name":"wp","href":"https:\/\/api.w.org\/{rel}","templated":true}]}}