{"id":335,"date":"2023-12-01T19:19:24","date_gmt":"2023-12-01T16:19:24","guid":{"rendered":"https:\/\/funky-time.top\/?page_id=335"},"modified":"2023-12-02T12:17:33","modified_gmt":"2023-12-02T09:17:33","slug":"play-funky-time","status":"publish","type":"page","link":"https:\/\/funky-time.top\/es\/play-funky-time\/","title":{"rendered":"C\u00f3mo jugar Funky Time: una gu\u00eda completa para principiantes"},"content":{"rendered":"<p><strong>Funky Time<\/strong> es un emocionante juego en l\u00ednea que poco a poco est\u00e1 ganando popularidad. Adecuado tanto para principiantes en el mundo de los juegos de azar como para usuarios experimentados de casinos en l\u00ednea. Para descubrir c\u00f3mo jugar Funky Time, debes considerar sus reglas, caracter\u00edsticas y capacidades.<\/p>\n\n\n\n<div class=\"wp-block-buttons is-content-justification-center is-layout-flex wp-container-core-buttons-is-layout-16018d1d wp-block-buttons-is-layout-flex\">\n<div class=\"wp-block-button\"><a class=\"wp-block-button__link wp-element-button\" href=\"https:\/\/p72zy.bemobtrcks.com\/go\/7c083e47-a62b-4495-90b2-7b8a354eaa14?\">Jugar Funky Time<\/a><\/div>\n<\/div>\n\n\n\n<p>El desarrollo del juego Funky Time estuvo a cargo de Evolution Gaming. El proveedor logr\u00f3 crear un formato \u00fanico de entretenimiento en l\u00ednea que combina elementos cl\u00e1sicos de casinos y juegos de televisi\u00f3n. Todo esto hace que el juego sea muy emocionante y no permite que el jugador se aburra.<\/p>\n\n\n<div class=\"wp-block-image\">\n<figure class=\"aligncenter size-large is-resized\"><img loading=\"lazy\" decoding=\"async\" width=\"1024\" height=\"588\" src=\"https:\/\/funky-time.top\/wp-content\/uploads\/2023\/11\/funky-time-other-1024x588.jpg\" alt=\"C\u00f3mo jugar Funky Time\" class=\"wp-image-387\" style=\"width:622px;height:auto\" srcset=\"https:\/\/funky-time.top\/wp-content\/uploads\/2023\/11\/funky-time-other-1024x588.jpg 1024w, https:\/\/funky-time.top\/wp-content\/uploads\/2023\/11\/funky-time-other-300x172.jpg 300w, https:\/\/funky-time.top\/wp-content\/uploads\/2023\/11\/funky-time-other-768x441.jpg 768w, https:\/\/funky-time.top\/wp-content\/uploads\/2023\/11\/funky-time-other-18x10.jpg 18w, https:\/\/funky-time.top\/wp-content\/uploads\/2023\/11\/funky-time-other.jpg 1149w\" sizes=\"auto, (max-width: 1024px) 100vw, 1024px\" \/><\/figure>\n<\/div>\n\n<h2 class=\"wp-block-heading\" id=\"%25d0%25ba%25d0%25b0%25d0%25ba-%25d0%25b8%25d0%25b3%25d1%2580%25d0%25b0%25d1%2582%25d1%258c-%25d0%25b2-funky-time\">C\u00f3mo jugar Funky Time<\/h2>\n\n\n<p>Aquellos que quieran probar un juego emocionante de un desarrollador popular deben seguir unos sencillos pasos:<\/p>\n\n\n\n<ol class=\"wp-block-list\">\n<li>Vaya al sitio web oficial del casino, donde se encuentra Funky Time.<\/li>\n\n\n\n<li>Reg\u00edstrese en el sistema.<\/li>\n\n\n\n<li>Haga un dep\u00f3sito a la cuenta.<\/li>\n\n\n\n<li>Iniciar el Juego.<\/li>\n\n\n\n<li>Seleccione el tama\u00f1o del chip.<\/li>\n\n\n\n<li>Haga su apuesta en n\u00fameros disponibles y juegos de bonificaci\u00f3n.<\/li>\n\n\n\n<li>Haga girar la rueda.<\/li>\n<\/ol>\n\n\n\n<div class=\"wp-block-buttons is-content-justification-center is-layout-flex wp-container-core-buttons-is-layout-16018d1d wp-block-buttons-is-layout-flex\">\n<div class=\"wp-block-button\"><a class=\"wp-block-button__link wp-element-button\" href=\"https:\/\/p72zy.bemobtrcks.com\/go\/7c083e47-a62b-4495-90b2-7b8a354eaa14?\">Jugar Funky Time<\/a><\/div>\n<\/div>\n\n\n\n<p>Si la apuesta del usuario coincide con el resultado del giro de la rueda, recibir\u00e1 un premio. Algunos multiplicadores pueden multiplicar tus ganancias muchas veces.<\/p>\n\n\n<h2 class=\"wp-block-heading\" id=\"%25d1%2581%25d1%2582%25d1%2580%25d0%25b0%25d1%2582%25d0%25b5%25d0%25b3%25d0%25b8%25d0%25b8-%25d0%25b8-%25d1%2581%25d0%25be%25d0%25b2%25d0%25b5%25d1%2582%25d1%258b-%25d0%25b4%25d0%25bb%25d1%258f-%25d0%25bd%25d0%25b0%25d1%2587%25d0%25b8%25d0%25bd%25d0%25b0%25d1%258e%25d1%2589%25d0%25b8%25d1%2585-%25d0%25b8%25d0%25b3%25d1%2580\">Estrategias y consejos para nuevos jugadores.<\/h2>\n\n\n<p>Funky Time es un juego divertido que atraer\u00e1 tanto a principiantes como a usuarios experimentados. Por lo tanto, si quieres probar algo nuevo, deber\u00edas echarle un vistazo m\u00e1s de cerca a este juego. Y recomendaciones simples lo ayudar\u00e1n a obtener ganancias:<\/p>\n\n\n\n<ul class=\"wp-block-list\">\n<li>estudiar los tipos de apuestas y pagos te ayudar\u00e1 a determinar qu\u00e9 versi\u00f3n del juego ser\u00e1 m\u00e1s rentable;<\/li>\n\n\n\n<li>Es mejor comenzar el juego con apuestas peque\u00f1as, probando gradualmente diferentes estrategias e introduciendo las tuyas propias;<\/li>\n\n\n\n<li>Durante el juego debes prestar atenci\u00f3n a las estad\u00edsticas para aumentar tus posibilidades de \u00e9xito.<\/li>\n<\/ul>\n\n\n\n<p>Adem\u00e1s, no te olvides de los juegos de bonificaci\u00f3n. Esta no s\u00f3lo es una excelente manera de aumentar sus ganancias, sino tambi\u00e9n de sentir la emoci\u00f3n.<\/p>\n\n\n<h2 class=\"wp-block-heading\" id=\"%25d0%25ba%25d0%25b0%25d0%25ba-%25d0%25b8%25d0%25b3%25d1%2580%25d0%25b0%25d1%2582%25d1%258c-%25d0%25b2-funky-time-%25d0%25b1%25d0%25b5%25d1%2581%25d0%25bf%25d0%25bb%25d0%25b0%25d1%2582%25d0%25bd%25d0%25be-%25d0%25be%25d1%2581%25d0%25be%25d0%25b1%25d0%25b5%25d0%25bd%25d0%25bd%25d0%25be%25d1%2581%25d1%2582%25d0%25b8\">C\u00f3mo jugar Funky Time gratis: caracter\u00edsticas y alternativas<\/h2>\n\n\n<p>Funky Time no ofrece juego gratuito. Esto se debe a que se trata de una tragamonedas en vivo, lo que implica jugar con crupieres reales y participantes que apuestan con dinero real. Sin embargo, esto no significa que no haya alternativa. Puedes ver el juego en streaming de forma totalmente gratuita. Este formato permitir\u00e1:<\/p>\n\n\n\n<ul class=\"wp-block-list\">\n<li>apreciar la atm\u00f3sfera de entretenimiento;<\/li>\n\n\n\n<li>comprender las reglas y los esquemas de apuestas;<\/li>\n\n\n\n<li>entender si vale la pena jugar funky time con dinero real.<\/li>\n<\/ul>\n\n\n\n<p>Para ver el partido sin participar en \u00e9l, debes:<\/p>\n\n\n\n<ol class=\"wp-block-list\">\n<li>Encuentre un casino en l\u00ednea confiable que tenga Funky Time.<\/li>\n\n\n\n<li>Vaya al sitio web oficial y abra la secci\u00f3n de juegos.<\/li>\n\n\n\n<li>Encuentra Funky Time y comienza a ver la transmisi\u00f3n.<\/li>\n<\/ol>\n\n\n\n<p>Sin embargo, no es necesario registrarse en el sistema.<\/p>\n\n\n\n<p>Existe otra opci\u00f3n para los juegos gratuitos: los bonos de casino. Algunos sitios grandes los ofrecen, lo que permite a los jugadores realizar apuestas sin gastar su propio dinero. Sin embargo, debes recordar que cada bono tiene condiciones de apuesta. Por lo tanto, antes de activar un regalo de un casino, debes familiarizarte con los requisitos b\u00e1sicos.<\/p>\n\n\n<h2 class=\"wp-block-heading\" id=\"%25d0%25ba%25d0%25b0%25d0%25ba-%25d0%25b2%25d1%258b%25d0%25b8%25d0%25b3%25d1%2580%25d0%25b0%25d1%2582%25d1%258c-%25d0%25b2-funky-time-%25d1%2581%25d1%2582%25d1%2580%25d0%25b0%25d1%2582%25d0%25b5%25d0%25b3%25d0%25b8%25d0%25b8-%25d0%25b8-%25d1%2581%25d0%25be%25d0%25b2%25d0%25b5%25d1%2582%25d1%258b-%25d0%25b4%25d0%25bb\">C\u00f3mo ganar en Funky Time: estrategias y consejos para jugar con \u00e9xito<\/h2>\n\n\n<p>Funky Time es un juego de puro azar, pero existen varias estrategias que puedes utilizar para aumentar tus posibilidades de ganar y aprovechar al m\u00e1ximo el juego. Consejos importantes para un juego exitoso:<\/p>\n\n\n\n<ol class=\"wp-block-list\">\n<li>Necesitas aprender las reglas. Este es el primer punto que no se debe omitir. Antes de comenzar el juego, debes leer detenidamente todas las reglas y comprender los tipos de apuestas. S\u00f3lo as\u00ed el jugador podr\u00e1 tomar posteriormente una decisi\u00f3n equilibrada e informada.<\/li>\n\n\n\n<li>Hay muchas estrategias, pero s\u00f3lo hay una. Esto significa que algunos jugadores prefieren apostar a determinados n\u00fameros, mientras que otros prefieren una estrategia de aumentar gradualmente sus apuestas. Otros incluso optan por jugar con todos los n\u00fameros y utilizar activamente los bonos. Entre los muchos esquemas disponibles, debes encontrar el m\u00e1s atractivo y seguirlo durante todo el juego.<\/li>\n\n\n\n<li>Vale la pena fijar l\u00edmites de antemano. El usuario debe determinar antes de comenzar el juego cu\u00e1nto est\u00e1 dispuesto a gastar en \u00e9l. Tampoco se recomienda hacer apuestas demasiado grandes, especialmente para principiantes.<\/li>\n\n\n\n<li>Las estad\u00edsticas son el as en la manga de un usuario experimentado. Con su ayuda, podr\u00e1 determinar el patr\u00f3n de ganancias y as\u00ed aumentar sus posibilidades de ganar.<\/li>\n\n\n\n<li>No es necesario renunciar a los juegos de bonificaci\u00f3n. Durante el juego, el usuario puede recibir premios y multiplicadores adicionales para aumentar las ganancias. Por ello, se recomienda estar atento al volante y no evitar la oportunidad de recibir una gran suma.<\/li>\n<\/ol>\n\n\n<div class=\"wp-block-image\">\n<figure class=\"aligncenter size-large is-resized\"><img loading=\"lazy\" decoding=\"async\" width=\"1024\" height=\"536\" src=\"https:\/\/funky-time.top\/wp-content\/uploads\/2023\/11\/funky-time-muzhyk-1024x536.jpg\" alt=\"C\u00f3mo ganar en Funky Time\" class=\"wp-image-388\" style=\"width:611px;height:auto\" srcset=\"https:\/\/funky-time.top\/wp-content\/uploads\/2023\/11\/funky-time-muzhyk-1024x536.jpg 1024w, https:\/\/funky-time.top\/wp-content\/uploads\/2023\/11\/funky-time-muzhyk-300x157.jpg 300w, https:\/\/funky-time.top\/wp-content\/uploads\/2023\/11\/funky-time-muzhyk-768x402.jpg 768w, https:\/\/funky-time.top\/wp-content\/uploads\/2023\/11\/funky-time-muzhyk-1536x804.jpg 1536w, https:\/\/funky-time.top\/wp-content\/uploads\/2023\/11\/funky-time-muzhyk-18x9.jpg 18w, https:\/\/funky-time.top\/wp-content\/uploads\/2023\/11\/funky-time-muzhyk.jpg 1541w\" sizes=\"auto, (max-width: 1024px) 100vw, 1024px\" \/><\/figure>\n<\/div>\n\n\n<p>Seguir las recomendaciones te ayudar\u00e1 a disfrutar jugando Funky Time. Sin embargo, es importante recordar que todo el juego se basa en el azar, por lo que no hay formas garantizadas de ganar.<\/p>\n\n\n<h2 class=\"wp-block-heading\" id=\"%25d0%25b7%25d0%25b0%25d0%25ba%25d0%25bb%25d1%258e%25d1%2587%25d0%25b5%25d0%25bd%25d0%25b8%25d0%25b5\">Conclusi\u00f3n<\/h2>\n\n\n<p>Funky Time es una gran tragamonedas para aquellos que quieren pasar un buen rato y ganar dinero. Esto no es simplemente otra novedad en el mundo de los casinos en l\u00ednea, sino un entretenimiento emocionante e innovador con elementos interactivos, juegos de bonificaci\u00f3n \u00fanicos y un dise\u00f1o colorido. Todo esto permite al cliente del club de juego sumergirse en la atm\u00f3sfera de un programa de televisi\u00f3n real.<\/p>\n\n\n\n<p>Solo puedes jugar Funky Time con dinero real, pero si lo deseas, el usuario puede ver la transmisi\u00f3n gratis o utilizar bonos de casino. Seguir las recomendaciones y utilizar estrategias, a su vez, aumentar\u00e1 sus posibilidades de obtener grandes ganancias.<\/p>\n\n\n\n<p><\/p>","protected":false},"excerpt":{"rendered":"<p>Funky Time \u2013 \u0443\u0432\u043b\u0435\u043a\u0430\u0442\u0435\u043b\u044c\u043d\u0430\u044f \u043e\u043d\u043b\u0430\u0439\u043d-\u0438\u0433\u0440\u0430, \u043a\u043e\u0442\u043e\u0440\u0430\u044f \u043f\u043e\u0441\u0442\u0435\u043f\u0435\u043d\u043d\u043e \u043d\u0430\u0431\u0438\u0440\u0430\u0435\u0442 \u043f\u043e\u043f\u0443\u043b\u044f\u0440\u043d\u043e\u0441\u0442\u044c. \u041f\u043e\u0434\u043e\u0439\u0434\u0435\u0442 \u043a\u0430\u043a \u043d\u043e\u0432\u0438\u0447\u043a\u0430\u043c \u0432 \u043c\u0438\u0440\u0435 \u0430\u0437\u0430\u0440\u0442\u0430, \u0442\u0430\u043a \u043e\u043f\u044b\u0442\u043d\u044b\u043c \u043f\u043e\u043b\u044c\u0437\u043e\u0432\u0430\u0442\u0435\u043b\u044f\u043c \u043e\u043d\u043b\u0430\u0439\u043d-\u043a\u0430\u0437\u0438\u043d\u043e. \u0427\u0442\u043e\u0431\u044b \u0440\u0430\u0437\u043e\u0431\u0440\u0430\u0442\u044c\u0441\u044f, \u043a\u0430\u043a \u0438\u0433\u0440\u0430\u0442\u044c \u0432 Funky Time, \u043d\u0443\u0436\u043d\u043e \u0440\u0430\u0441\u0441\u043c\u043e\u0442\u0440\u0435\u0442\u044c \u0435\u0435 \u043f\u0440\u0430\u0432\u0438\u043b\u0430, \u043e\u0441\u043e\u0431\u0435\u043d\u043d\u043e\u0441\u0442\u0438 \u0438 \u0432\u043e\u0437\u043c\u043e\u0436\u043d\u043e\u0441\u0442\u0438. \u0420\u0430\u0437\u0440\u0430\u0431\u043e\u0442\u043a\u043e\u0439 \u0438\u0433\u0440\u044b Funky Time \u0437\u0430\u043d\u0438\u043c\u0430\u043b\u0430\u0441\u044c \u043a\u043e\u043c\u043f\u0430\u043d\u0438\u044f Evolution Gaming. \u041f\u0440\u043e\u0432\u0430\u0439\u0434\u0435\u0440\u0443 \u0443\u0434\u0430\u043b\u043e\u0441\u044c \u0441\u043e\u0437\u0434\u0430\u0442\u044c \u0443\u043d\u0438\u043a\u0430\u043b\u044c\u043d\u044b\u0439 \u0444\u043e\u0440\u043c\u0430\u0442 \u043e\u043d\u043b\u0430\u0439\u043d-\u0440\u0430\u0437\u0432\u043b\u0435\u0447\u0435\u043d\u0438\u0439, \u043a\u043e\u0442\u043e\u0440\u044b\u0439 \u0441\u043e\u0447\u0435\u0442\u0430\u0435\u0442 \u0432 \u0441\u0435\u0431\u0435 \u043a\u043b\u0430\u0441\u0441\u0438\u0447\u0435\u0441\u043a\u0438\u0435 \u044d\u043b\u0435\u043c\u0435\u043d\u0442\u044b \u043a\u0430\u0437\u0438\u043d\u043e \u0438&#8230;<\/p>","protected":false},"author":1,"featured_media":0,"parent":0,"menu_order":0,"comment_status":"closed","ping_status":"closed","template":"","meta":{"_kad_post_transparent":"","_kad_post_title":"","_kad_post_layout":"","_kad_post_sidebar_id":"","_kad_post_content_style":"","_kad_post_vertical_padding":"","_kad_post_feature":"","_kad_post_feature_position":"","_kad_post_header":false,"_kad_post_footer":false,"footnotes":""},"class_list":["post-335","page","type-page","status-publish","hentry"],"aioseo_notices":[],"_links":{"self":[{"href":"https:\/\/funky-time.top\/es\/wp-json\/wp\/v2\/pages\/335","targetHints":{"allow":["GET"]}}],"collection":[{"href":"https:\/\/funky-time.top\/es\/wp-json\/wp\/v2\/pages"}],"about":[{"href":"https:\/\/funky-time.top\/es\/wp-json\/wp\/v2\/types\/page"}],"author":[{"embeddable":true,"href":"https:\/\/funky-time.top\/es\/wp-json\/wp\/v2\/users\/1"}],"replies":[{"embeddable":true,"href":"https:\/\/funky-time.top\/es\/wp-json\/wp\/v2\/comments?post=335"}],"version-history":[{"count":7,"href":"https:\/\/funky-time.top\/es\/wp-json\/wp\/v2\/pages\/335\/revisions"}],"predecessor-version":[{"id":466,"href":"https:\/\/funky-time.top\/es\/wp-json\/wp\/v2\/pages\/335\/revisions\/466"}],"wp:attachment":[{"href":"https:\/\/funky-time.top\/es\/wp-json\/wp\/v2\/media?parent=335"}],"curies":[{"name":"wp","href":"https:\/\/api.w.org\/{rel}","templated":true}]}}