{"id":338,"date":"2023-12-01T19:19:28","date_gmt":"2023-12-01T16:19:28","guid":{"rendered":"https:\/\/funky-time.top\/?page_id=338"},"modified":"2023-12-02T12:17:08","modified_gmt":"2023-12-02T09:17:08","slug":"statistic-funky-time","status":"publish","type":"page","link":"https:\/\/funky-time.top\/es\/statistic-funky-time\/","title":{"rendered":"Estad\u00edsticas de Funky Time"},"content":{"rendered":"<p>Estad\u00edsticas de Funky Time: un juego que llevar\u00e1 al cliente registrado del casino al mundo de la m\u00fasica agradable, los gr\u00e1ficos brillantes y los crupieres vestidos con trajes coloridos. Estudiar los indicadores estad\u00edsticos del juego puede convertirse en una ventaja para cualquier jugador que est\u00e9 interesado en ganar. Antes de pasar a las estad\u00edsticas Funky Time, es necesario comprender c\u00f3mo se distribuyen las posiciones de los s\u00edmbolos.<\/p>\n\n\n\n<div class=\"wp-block-buttons is-content-justification-center is-layout-flex wp-container-core-buttons-is-layout-16018d1d wp-block-buttons-is-layout-flex\">\n<div class=\"wp-block-button\"><a class=\"wp-block-button__link wp-element-button\" href=\"https:\/\/p72zy.bemobtrcks.com\/go\/7c083e47-a62b-4495-90b2-7b8a354eaa14?\"><strong>Jugar Funky Time<\/strong><\/a><\/div>\n<\/div>\n\n\n\n<figure class=\"wp-block-table\"><table><tbody><tr><td><strong>Nombre del s\u00edmbolo<\/strong><\/td><td><strong>N\u00famero de posiciones<\/strong><\/td><\/tr><tr><td>NUMERO 1<\/td><td>28<\/td><\/tr><tr><td>JUGAR<\/td><td>2 por letra<\/td><\/tr><tr><td>CANGUELO<\/td><td>2 por letra<\/td><\/tr><tr><td>TIEMPO<\/td><td>2 por letra<\/td><\/tr><tr><td>BAR<\/td><td>6<\/td><\/tr><tr><td>DISCO<\/td><td>3<\/td><\/tr><tr><td>QUEDARSE VIVO<\/td><td>2<\/td><\/tr><tr><td>discoteca vip<\/td><td>1<\/td><\/tr><\/tbody><\/table><figcaption class=\"wp-element-caption\">Estad\u00edstica y an\u00e1lisis Funky Time<\/figcaption><\/figure>\n\n\n<h2 class=\"wp-block-heading\" id=\"%25d0%25ba%25d0%25be%25d1%258d%25d1%2584%25d1%2584%25d0%25b8%25d1%2586%25d0%25b8%25d0%25b5%25d0%25bd%25d1%2582%25d1%258b-%25d1%2581%25d0%25b8%25d0%25bc%25d0%25b2%25d0%25be%25d0%25bb%25d0%25be%25d0%25b2-funky-time\">Coeficientes del s\u00edmbolo Funky Time<\/h2>\n\n\n<p>La clave para ganar es comprender cu\u00e1les son sus posibilidades de ganar. S\u00ed, las probabilidades exactas dependen \u00fanicamente de los algoritmos de las tragamonedas, y este es un secreto que los desarrolladores no revelan. Sin embargo, hay un peque\u00f1o resumen de la frecuencia con la que aparecen determinadas im\u00e1genes.<\/p>\n\n\n\n<figure class=\"wp-block-table\"><table><tbody><tr><td><strong>Nombre del s\u00edmbolo<\/strong><\/td><td><strong>Porcentaje de ca\u00edda, %<\/strong><\/td><td><strong>Posibilidades de ca\u00edda<\/strong><\/td><\/tr><tr><td>NUMERO 1<\/td><td>43,75<\/td><td>Alto<\/td><\/tr><tr><td>JUGAR<\/td><td>12,5<\/td><td>Promedio<\/td><\/tr><tr><td>CANGUELO<\/td><td>12,5<\/td><td>Promedio<\/td><\/tr><tr><td>TIEMPO<\/td><td>12,5<\/td><td>Promedio<\/td><\/tr><tr><td>BAR<\/td><td>3,38<\/td><td>Promedio<\/td><\/tr><tr><td>DISCO<\/td><td>4,69<\/td><td>Bajo<\/td><\/tr><tr><td>QUEDARSE VIVO<\/td><td>3,13<\/td><td>Bajo<\/td><\/tr><tr><td>discoteca vip<\/td><td>1,56<\/td><td>Bajo<\/td><\/tr><\/tbody><\/table><figcaption class=\"wp-element-caption\">S\u00edmbolos y probabilidades Funky Time<\/figcaption><\/figure>\n\n\n\n<p>Para jugar Funky Time, las estad\u00edsticas de ca\u00edda de s\u00edmbolos son un indicador imprescindible para estudiar. Esto es especialmente cierto para los usuarios novatos que, teniendo en cuenta esta recomendaci\u00f3n, podr\u00e1n comprender la mec\u00e1nica del juego y prepararse para la victoria.<\/p>\n\n\n\n<p>Sin embargo, no debemos olvidar que en la mayor\u00eda de los casos el resultado obtenido es pura casualidad. Por lo tanto, no debes intentar recuperar la cantidad perdida si tienes una serie de fracasos. Es mejor detenerse o determinar los l\u00edmites del juego de antemano para no correr el riesgo de perder todos sus fondos.<\/p>\n\n\n\n<div class=\"wp-block-buttons is-content-justification-center is-layout-flex wp-container-core-buttons-is-layout-16018d1d wp-block-buttons-is-layout-flex\">\n<div class=\"wp-block-button\"><a class=\"wp-block-button__link wp-element-button\" href=\"https:\/\/p72zy.bemobtrcks.com\/go\/7c083e47-a62b-4495-90b2-7b8a354eaa14?\"><strong>Jugar Funky Time<\/strong><\/a><\/div>\n<\/div>\n\n\n<h2 class=\"wp-block-heading\" id=\"%25d1%2581%25d1%2582%25d0%25b0%25d1%2582%25d0%25b8%25d1%2581%25d1%2582%25d0%25b8%25d0%25ba%25d0%25b0-%25d0%25be%25d0%25bd%25d0%25bb%25d0%25b0%25d0%25b9%25d0%25bd%25d0%25ba%25d0%25b0%25d0%25b7%25d0%25b8%25d0%25bd%25d0%25be\">Estad\u00edsticas de casinos en l\u00ednea<\/h2>\n\n\n<p>El casino en l\u00ednea ofrece a los jugadores amplias estad\u00edsticas, cuyo uso adecuado les permite comprender mejor las caracter\u00edsticas de cualquier tragamonedas y comprender la din\u00e1mica de cualquier juego. Tambi\u00e9n ayuda a muchas personas a crear una estrategia ganadora \u00fanica. Las estad\u00edsticas incluyen lo siguiente:<\/p>\n\n\n\n<ol class=\"wp-block-list\">\n<li>Hora de ofertar. El jugador puede ver cu\u00e1ndo se realiz\u00f3 la \u00faltima apuesta. Esto te permite comprender cu\u00e1ndo el juego tiene per\u00edodos activos y cu\u00e1ndo est\u00e1 en silencio.<\/li>\n\n\n\n<li>Monto de la apuesta. Muestra qu\u00e9 cantidades apuestan los jugadores. Con esta informaci\u00f3n, un nuevo usuario puede concluir qu\u00e9 apuestas dieron mejor respuesta en forma de grandes cantidades o bonificaciones.<\/li>\n\n\n\n<li>Apodo del usuario. Esta estad\u00edstica es m\u00e1s relevante para los clientes de casinos experimentados a quienes les gusta competir con otros jugadores.<\/li>\n\n\n\n<li>Multiplicador de apuestas. El n\u00famero muestra cu\u00e1ntas veces se increment\u00f3 la apuesta del usuario despu\u00e9s de ganar. Vale la pena verlo para aquellos interesados en comprender el potencial de las apuestas.<\/li>\n\n\n\n<li>Ganancias. Las estad\u00edsticas de muchos casinos proporcionan datos sobre las cantidades que recibieron los clientes al jugar Funky Time.<\/li>\n\n\n\n<li>Moneda de la apuesta. A veces puede resultar \u00fatil saber en qu\u00e9 moneda estaban las versiones beta anteriores. Esto tambi\u00e9n se refleja en las estad\u00edsticas.<\/li>\n\n\n\n<li>Historia del juego. A veces puedes consultar datos de juegos anteriores en Funky Time, lo que te permite identificar cualquier tendencia.<\/li>\n\n\n\n<li>Frecuencia de recepci\u00f3n de bonificaciones. Funky Time tiene varias rondas de bonificaci\u00f3n y s\u00edmbolos que proporcionan grandes ganancias. En las estad\u00edsticas puedes ver con qu\u00e9 frecuencia ocurren para poder planificar intervalos ideales.<\/li>\n\n\n\n<li>RTP. La tasa de retorno tambi\u00e9n se refiere a las estad\u00edsticas. Con su ayuda, el usuario podr\u00e1 determinar cu\u00e1nto recibir\u00e1 de sus apuestas.<\/li>\n<\/ol>\n\n\n<div class=\"wp-block-image\">\n<figure class=\"aligncenter size-full\"><img loading=\"lazy\" decoding=\"async\" width=\"665\" height=\"324\" src=\"https:\/\/funky-time.top\/wp-content\/uploads\/2023\/11\/funky-time-stats-72-hours.jpg\" alt=\"Estad\u00edsticas funky time durante 72 horas\" class=\"wp-image-424\" srcset=\"https:\/\/funky-time.top\/wp-content\/uploads\/2023\/11\/funky-time-stats-72-hours.jpg 665w, https:\/\/funky-time.top\/wp-content\/uploads\/2023\/11\/funky-time-stats-72-hours-300x146.jpg 300w, https:\/\/funky-time.top\/wp-content\/uploads\/2023\/11\/funky-time-stats-72-hours-18x9.jpg 18w\" sizes=\"auto, (max-width: 665px) 100vw, 665px\" \/><\/figure>\n<\/div>\n\n\n<p>Las estad\u00edsticas del casino son una herramienta general que se puede utilizar, pero no se debe confiar en ella al jugar Funky Time. Puedes tener en cuenta los datos que muestra la plataforma, pero al mismo tiempo tener en cuenta tus propias capacidades financieras y no dejarte llevar por las emociones o el deseo de vencer a alguien.<\/p>\n\n\n<h2 class=\"wp-block-heading\" id=\"%25d0%25b2%25d1%258b%25d0%25b2%25d0%25be%25d0%25b4%25d1%258b\">conclusiones<\/h2>\n\n\n<p><strong>Juego Funky Time<\/strong> lleno de diversi\u00f3n, que es lo que lo hace tan interesante. Cada jugador tiene la posibilidad de ganar cualquier ronda, raz\u00f3n por la cual el entretenimiento es popular en muchos casinos en l\u00ednea. Para aumentar las posibilidades de ganar, el usuario debe prestar especial atenci\u00f3n a los indicadores estad\u00edsticos que ayudar\u00e1n a mejorar la estrategia elegida.<\/p>\n\n\n<div class=\"wp-block-image\">\n<figure class=\"aligncenter size-large is-resized\"><img loading=\"lazy\" decoding=\"async\" width=\"1024\" height=\"621\" src=\"https:\/\/funky-time.top\/wp-content\/uploads\/2023\/11\/funky-time-1-1024x621.jpg\" alt=\"Estad\u00edsticas del casino funky time\" class=\"wp-image-426\" style=\"width:702px;height:auto\" srcset=\"https:\/\/funky-time.top\/wp-content\/uploads\/2023\/11\/funky-time-1-1024x621.jpg 1024w, https:\/\/funky-time.top\/wp-content\/uploads\/2023\/11\/funky-time-1-300x182.jpg 300w, https:\/\/funky-time.top\/wp-content\/uploads\/2023\/11\/funky-time-1-768x466.jpg 768w, https:\/\/funky-time.top\/wp-content\/uploads\/2023\/11\/funky-time-1-18x12.jpg 18w, https:\/\/funky-time.top\/wp-content\/uploads\/2023\/11\/funky-time-1.jpg 1230w\" sizes=\"auto, (max-width: 1024px) 100vw, 1024px\" \/><\/figure>\n<\/div>\n\n\n<p><strong>Funky Time<\/strong> \u2013 una oportunidad para tomar un descanso de la jornada escolar o laboral y relajarse con m\u00fasica agradable. El juego tambi\u00e9n ofrece a los usuarios registrados todas las posibilidades de ganar una gran suma. Sin embargo, siempre es importante recordar los principios del juego responsable y no intentar recuperarse en caso de una serie de fallos.<\/p>","protected":false},"excerpt":{"rendered":"<p>\u0421\u0442\u0430\u0442\u0438\u0441\u0442\u0438\u043a\u0430 Funky Time \u2013 \u0438\u0433\u0440\u044b, \u043a\u043e\u0442\u043e\u0440\u0430\u044f \u043f\u0435\u0440\u0435\u043d\u0435\u0441\u0435\u0442 \u0437\u0430\u0440\u0435\u0433\u0438\u0441\u0442\u0440\u0438\u0440\u043e\u0432\u0430\u043d\u043d\u043e\u0433\u043e \u043a\u043b\u0438\u0435\u043d\u0442\u0430 \u043a\u0430\u0437\u0438\u043d\u043e \u0432 \u043c\u0438\u0440 \u043f\u0440\u0438\u044f\u0442\u043d\u043e\u0439 \u043c\u0443\u0437\u044b\u043a\u0438, \u044f\u0440\u043a\u043e\u0439 \u0433\u0440\u0430\u0444\u0438\u043a\u0438 \u0438 \u0434\u0438\u043b\u0435\u0440\u043e\u0432, \u043e\u0434\u0435\u0442\u044b\u0445 \u0432 \u043f\u0435\u0441\u0442\u0440\u044b\u0435 \u043a\u043e\u0441\u0442\u044e\u043c\u044b. \u0418\u0437\u0443\u0447\u0435\u043d\u0438\u0435 \u0441\u0442\u0430\u0442\u0438\u0441\u0442\u0438\u0447\u0435\u0441\u043a\u0438\u0445 \u043f\u043e\u043a\u0430\u0437\u0430\u0442\u0435\u043b\u0435\u0439 \u0438\u0433\u0440\u044b \u0441\u043f\u043e\u0441\u043e\u0431\u043d\u043e \u0441\u0442\u0430\u0442\u044c \u043f\u0440\u0435\u0438\u043c\u0443\u0449\u0435\u0441\u0442\u0432\u043e\u043c \u043b\u044e\u0431\u043e\u0433\u043e \u0438\u0433\u0440\u043e\u043a\u0430, \u0447\u0442\u043e \u0437\u0430\u0438\u043d\u0442\u0435\u0440\u0435\u0441\u043e\u0432\u0430\u043d \u0432 \u043f\u043e\u0431\u0435\u0434\u0435. \u041f\u0440\u0435\u0436\u0434\u0435, \u0447\u0435\u043c \u043f\u0435\u0440\u0435\u0445\u043e\u0434\u0438\u0442\u044c \u043a \u0441\u0442\u0430\u0442\u0438\u0441\u0442\u0438\u043a\u0435 Funky Time, \u043d\u0443\u0436\u043d\u043e \u043f\u043e\u043d\u044f\u0442\u044c, \u043a\u0430\u043a \u0440\u0430\u0441\u043f\u0440\u0435\u0434\u0435\u043b\u044f\u044e\u0442\u0441\u044f \u043f\u043e\u0437\u0438\u0446\u0438\u0438 \u0434\u043b\u044f \u0441\u0438\u043c\u0432\u043e\u043b\u043e\u0432. \u041d\u0430\u0438\u043c\u0435\u043d\u043e\u0432\u0430\u043d\u0438\u0435 \u0441\u0438\u043c\u0432\u043e\u043b\u0430 \u041a\u043e\u043b\u0438\u0447\u0435\u0441\u0442\u0432\u043e \u043f\u043e\u0437\u0438\u0446\u0438\u0439 \u0427\u0418\u0421\u041b\u041e 1&#8230;<\/p>","protected":false},"author":1,"featured_media":0,"parent":0,"menu_order":0,"comment_status":"closed","ping_status":"closed","template":"","meta":{"_kad_post_transparent":"","_kad_post_title":"","_kad_post_layout":"","_kad_post_sidebar_id":"","_kad_post_content_style":"","_kad_post_vertical_padding":"","_kad_post_feature":"","_kad_post_feature_position":"","_kad_post_header":false,"_kad_post_footer":false,"footnotes":""},"class_list":["post-338","page","type-page","status-publish","hentry"],"aioseo_notices":[],"_links":{"self":[{"href":"https:\/\/funky-time.top\/es\/wp-json\/wp\/v2\/pages\/338","targetHints":{"allow":["GET"]}}],"collection":[{"href":"https:\/\/funky-time.top\/es\/wp-json\/wp\/v2\/pages"}],"about":[{"href":"https:\/\/funky-time.top\/es\/wp-json\/wp\/v2\/types\/page"}],"author":[{"embeddable":true,"href":"https:\/\/funky-time.top\/es\/wp-json\/wp\/v2\/users\/1"}],"replies":[{"embeddable":true,"href":"https:\/\/funky-time.top\/es\/wp-json\/wp\/v2\/comments?post=338"}],"version-history":[{"count":13,"href":"https:\/\/funky-time.top\/es\/wp-json\/wp\/v2\/pages\/338\/revisions"}],"predecessor-version":[{"id":465,"href":"https:\/\/funky-time.top\/es\/wp-json\/wp\/v2\/pages\/338\/revisions\/465"}],"wp:attachment":[{"href":"https:\/\/funky-time.top\/es\/wp-json\/wp\/v2\/media?parent=338"}],"curies":[{"name":"wp","href":"https:\/\/api.w.org\/{rel}","templated":true}]}}