{"id":342,"date":"2023-12-01T19:19:18","date_gmt":"2023-12-01T16:19:18","guid":{"rendered":"https:\/\/funky-time.top\/?page_id=342"},"modified":"2023-12-02T12:16:41","modified_gmt":"2023-12-02T09:16:41","slug":"funky-time-casino","status":"publish","type":"page","link":"https:\/\/funky-time.top\/es\/funky-time-casino\/","title":{"rendered":"Funky Time en los mejores casinos online"},"content":{"rendered":"<p>El juego en l\u00ednea Funky Time del mejor desarrollador de entretenimiento de juegos de azar cautivar\u00e1 a cualquiera con sus gr\u00e1ficos \u00fanicos y su atm\u00f3sfera divertida. Adem\u00e1s de esto, hay un sonido agradable y una mec\u00e1nica de juego emocionante. Despu\u00e9s del lanzamiento de Funky Time, el cliente del casino se sumergir\u00e1 en un mundo incre\u00edble lleno de m\u00fasica y baile; en el campo de juego lo recibir\u00e1 un crupier vestido con un traje brillante. Cada giro de la rueda te dar\u00e1 nuevas emociones.<\/p>\n\n\n\n<div class=\"wp-block-buttons is-content-justification-center is-layout-flex wp-container-core-buttons-is-layout-16018d1d wp-block-buttons-is-layout-flex\">\n<div class=\"wp-block-button\"><a class=\"wp-block-button__link wp-element-button\" href=\"https:\/\/p72zy.bemobtrcks.com\/go\/7c083e47-a62b-4495-90b2-7b8a354eaa14?\"><strong>Jugar Funky Time<\/strong><\/a><\/div>\n<\/div>\n\n\n\n<p>Se recomienda jugar Funky Time s\u00f3lo en casinos confiables que garanticen pagos justos y oportunos. No siempre es posible encontrar una plataforma de este tipo, pero es posible si se tienen en cuenta algunas recomendaciones.<\/p>\n\n\n<h2 class=\"wp-block-heading\" id=\"%25d0%25ba%25d0%25b0%25d0%25ba-%25d0%25bc%25d1%258b-%25d0%25bd%25d0%25b0%25d1%2585%25d0%25be%25d0%25b4%25d0%25b8%25d0%25bc-%25d0%25bb%25d1%2583%25d1%2587%25d1%2588%25d0%25b8%25d0%25b5-%25d0%25ba%25d0%25b0%25d0%25b7%25d0%25b8%25d0%25bd%25d0%25be-%25d0%25b4%25d0%25bb%25d1%258f-%25d0%25b8%25d0%25b3%25d1%2580%25d1%258b-%25d0%25b2\">\u00bfC\u00f3mo encontramos los mejores casinos para jugar Funky Time?<\/h2>\n\n\n<p>A diferencia de la mayor\u00eda de los otros sitios, nuestro recurso adopta un enfoque especial para elegir los mejores casinos en l\u00ednea donde puedes jugar Funky Time. Principales criterios de b\u00fasqueda:<\/p>\n\n\n\n<ol class=\"wp-block-list\">\n<li>Licencia. Esto es lo primero que miramos cuando buscamos un sitio de apuestas confiable. Tener una licencia garantiza un juego limpio y seguro, as\u00ed como pagos puntuales. Es importante que el documento sea emitido por un regulador de juegos de azar acreditado.<\/li>\n\n\n\n<li>Seguridad. Un cliente potencial siempre est\u00e1 interesado en que sus datos durante el registro no caigan en manos de terceros. S\u00f3lo los casinos honestos y confiables que utilizan un cifrado especial pueden garantizar esto.<\/li>\n\n\n\n<li>Pol\u00edtica de bonificaci\u00f3n. Estudiamos detenidamente la pol\u00edtica de bonos: desde el tama\u00f1o de los obsequios hasta las condiciones de apuesta.<\/li>\n\n\n\n<li>Disponibilidad de Funky Time. Tambi\u00e9n prestamos especial atenci\u00f3n a este punto. Es importante que el juego se inicie f\u00e1cilmente y funcione perfectamente en cualquier dispositivo.<\/li>\n\n\n\n<li>Servicio de soporte. Un casino confiable es una oportunidad para contactar r\u00e1pidamente a un empleado de la l\u00ednea directa para resolver preguntas y problemas que puedan surgir durante el juego. Los mejores casinos online ofrecen al menos 3 formas de contactar con el soporte t\u00e9cnico.<\/li>\n\n\n\n<li>Sistemas de pago. Al buscar un casino, estudiamos los m\u00e9todos disponibles para recargar su cuenta y recibir pagos. Las mejores plataformas cuentan con una amplia gama de sistemas de pago y un r\u00e1pido procesamiento de transacciones.<\/li>\n<\/ol>\n\n\n\n<p>Adem\u00e1s, tenemos en cuenta la reputaci\u00f3n de la empresa. Esto se puede hacer leyendo rese\u00f1as, rese\u00f1as. Nuestro enfoque es \u00fanico porque aborda varios puntos importantes a la vez. Somos imparciales en nuestras evaluaciones, por lo que puede confiar en nosotros.<\/p>\n\n\n<h2 class=\"wp-block-heading\" id=\"%25d0%25b7%25d0%25b0%25d0%25ba%25d0%25bb%25d1%258e%25d1%2587%25d0%25b5%25d0%25bd%25d0%25b8%25d0%25b5\">Conclusi\u00f3n<\/h2>\n\n\n<p>Nos preocupamos de proporcionar a los usuarios de nuestro recurso s\u00f3lo sitios confiables para jugar Funky Time. La lista de los mejores casinos en l\u00ednea se actualiza peri\u00f3dicamente: aparecen nuevas plataformas y los lugares de los l\u00edderes cambian.<\/p>\n\n\n<h2 class=\"wp-block-heading\" id=\"faq\">Preguntas m\u00e1s frecuentes<\/h2>\n\n<h3 class=\"wp-block-heading\" id=\"%25d0%25b2-%25d0%25ba%25d0%25b0%25d0%25ba%25d0%25b8%25d1%2585-%25d0%25be%25d0%25bd%25d0%25bb%25d0%25b0%25d0%25b9%25d0%25bd-%25d0%25ba%25d0%25b0%25d0%25b7%25d0%25b8%25d0%25bd%25d0%25be-%25d1%258f-%25d0%25bc%25d0%25be%25d0%25b3%25d1%2583-%25d0%25b8%25d0%25b3%25d1%2580%25d0%25b0%25d1%2582%25d1%258c-%25d0%25b2-funky-time\">\u00bfEn qu\u00e9 casinos online puedo jugar Funky Time?<\/h3>\n\n\n<p>El sitio presenta el TOP m\u00e1s reciente de los mejores casinos en l\u00ednea donde puedes jugar por dinero en Funky Time.<\/p>\n\n\n<h3 class=\"wp-block-heading\" id=\"%25d0%25ba%25d0%25b0%25d0%25ba-%25d0%25b2%25d1%258b%25d0%25b1%25d1%2580%25d0%25b0%25d1%2582%25d1%258c-%25d0%25bb%25d1%2583%25d1%2587%25d1%2588%25d0%25b5%25d0%25b5-%25d0%25ba%25d0%25b0%25d0%25b7%25d0%25b8%25d0%25bd%25d0%25be-%25d0%25b4%25d0%25bb%25d1%258f-%25d0%25b8%25d0%25b3%25d1%2580%25d1%258b-%25d0%25b2-funky-time\">\u00bfC\u00f3mo elegir el mejor casino para jugar Funky Time?<\/h3>\n\n\n<p>Al elegir un casino en l\u00ednea, se recomienda, en primer lugar, tener en cuenta la disponibilidad de una licencia, la variedad de sistemas de pago, la seguridad y los m\u00e9todos para contactar con el soporte. Tambi\u00e9n vale la pena comprobar la asequibilidad del Funky Time.<\/p>\n\n\n<h3 class=\"wp-block-heading\" id=\"%25d1%258f-%25d0%25bd%25d0%25be%25d0%25b2%25d0%25b8%25d1%2587%25d0%25be%25d0%25ba-%25d0%25b2-funky-time-%25d0%25b5%25d1%2581%25d1%2582%25d1%258c-%25d0%25ba%25d0%25b0%25d0%25ba%25d0%25b8%25d0%25b5%25d0%25bd%25d0%25b8%25d0%25b1%25d1%2583%25d0%25b4%25d1%258c-%25d1%2581%25d0%25be%25d0%25b2%25d0%25b5%25d1%2582%25d1%258b\">Soy nuevo en Funky Time, \u00bfalg\u00fan consejo?<\/h3>\n\n\n<p>El objetivo principal de Funky Time es divertirse. No te concentres en conseguir una gran victoria ni en intentar vencer a otro jugador. Esto suele provocar una p\u00e9rdida de fondos y un empeoramiento del estado de \u00e1nimo. Practicar, estudiar las reglas del juego, ver retransmisiones y realizar un seguimiento de las estad\u00edsticas ayudar\u00e1 a aumentar tus posibilidades de ganar.<\/p>\n\n\n<h3 class=\"wp-block-heading\" id=\"%25d1%2581%25d1%2583%25d1%2589%25d0%25b5%25d1%2581%25d1%2582%25d0%25b2%25d1%2583%25d1%258e%25d1%2582-%25d0%25bb%25d0%25b8-%25d0%25bc%25d0%25be%25d0%25b1%25d0%25b8%25d0%25bb%25d1%258c%25d0%25bd%25d1%258b%25d0%25b5-%25d0%25b2%25d0%25b5%25d1%2580%25d1%2581%25d0%25b8%25d0%25b8-%25d0%25ba%25d0%25b0%25d0%25b7%25d0%25b8%25d0%25bd\">\u00bfExisten versiones de casino m\u00f3vil para jugar Funky Time?<\/h3>\n\n\n<p>S\u00ed, muchos casinos tienen aplicaciones m\u00f3viles y versiones m\u00f3viles de sus plataformas. Por lo tanto, puede iniciar Funky Time desde un tel\u00e9fono inteligente, tableta u otro dispositivo.<\/p>\n\n\n<h3 class=\"wp-block-heading\" id=\"%25d0%25b1%25d0%25b5%25d0%25b7%25d0%25be%25d0%25bf%25d0%25b0%25d1%2581%25d0%25bd%25d0%25be-%25d0%25bb%25d0%25b8-%25d0%25b8%25d0%25b3%25d1%2580%25d0%25b0%25d1%2582%25d1%258c-%25d0%25b2-funky-time-%25d0%25b2-%25d0%25ba%25d0%25b0%25d0%25b7%25d0%25b8%25d0%25bd%25d0%25be-%25d0%25ba%25d0%25be%25d1%2582%25d0%25be%25d1%2580\">\u00bfEs seguro jugar Funky Time en los casinos que recomiendas?<\/h3>\n\n\n<p>Al compilar la calificaci\u00f3n, verificamos cuidadosamente que cada plataforma cumpla con los criterios y requisitos b\u00e1sicos: desde la licencia hasta los m\u00e9todos para contactar al soporte. Tambi\u00e9n analizamos el uso de tecnolog\u00edas de cifrado modernas por parte de los casinos en l\u00ednea, que garantizan la protecci\u00f3n de los datos de los usuarios.<\/p>","protected":false},"excerpt":{"rendered":"<p>\u041e\u043d\u043b\u0430\u0439\u043d-\u0438\u0433\u0440\u0430 Funky Time \u043e\u0442 \u043b\u0443\u0447\u0448\u0435\u0433\u043e \u0440\u0430\u0437\u0440\u0430\u0431\u043e\u0442\u0447\u0438\u043a\u0430 \u0430\u0437\u0430\u0440\u0442\u043d\u044b\u0445 \u0440\u0430\u0437\u0432\u043b\u0435\u0447\u0435\u043d\u0438\u0439 \u043f\u043e\u043a\u043e\u0440\u0438\u0442 \u043b\u044e\u0431\u043e\u0433\u043e \u0443\u043d\u0438\u043a\u0430\u043b\u044c\u043d\u043e\u0439 \u0433\u0440\u0430\u0444\u0438\u043a\u043e\u0439 \u0438 \u0432\u0435\u0441\u0435\u043b\u043e\u0439 \u0430\u0442\u043c\u043e\u0441\u0444\u0435\u0440\u043e\u0439. \u0412 \u0434\u043e\u043f\u043e\u043b\u043d\u0435\u043d\u0438\u0435 \u043a \u044d\u0442\u043e\u043c\u0443 \u0438\u0434\u0435\u0442 \u043f\u0440\u0438\u044f\u0442\u043d\u044b\u0439 \u0437\u0432\u0443\u043a \u0438 \u0437\u0430\u0445\u0432\u0430\u0442\u044b\u0432\u0430\u044e\u0449\u0430\u044f \u0438\u0433\u0440\u043e\u0432\u0430\u044f \u043c\u0435\u0445\u0430\u043d\u0438\u043a\u0430. \u041f\u043e\u0441\u043b\u0435 \u0437\u0430\u043f\u0443\u0441\u043a\u0430 Funky Time \u043a\u043b\u0438\u0435\u043d\u0442 \u043a\u0430\u0437\u0438\u043d\u043e \u043f\u043e\u0433\u0440\u0443\u0437\u0438\u0442\u0441\u044f \u0432 \u043d\u0435\u0432\u0435\u0440\u043e\u044f\u0442\u043d\u044b\u0439 \u043c\u0438\u0440, \u043d\u0430\u043f\u043e\u043b\u043d\u0435\u043d\u043d\u043e\u0439 \u043c\u0443\u0437\u044b\u043a\u043e\u0439 \u0438 \u0442\u0430\u043d\u0446\u0430\u043c\u0438, \u043d\u0430 \u0438\u0433\u0440\u043e\u0432\u043e\u043c \u043f\u043e\u043b\u0435 \u0435\u0433\u043e \u0432\u0441\u0442\u0440\u0435\u0442\u0438\u0442 \u0434\u0438\u043b\u0435\u0440, \u043e\u0434\u0435\u0442\u044b\u0439 \u0432 \u044f\u0440\u043a\u0438\u0439 \u043a\u043e\u0441\u0442\u044e\u043c. \u041a\u0430\u0436\u0434\u043e\u0435 \u0432\u0440\u0430\u0449\u0435\u043d\u0438\u0435 \u043a\u043e\u043b\u0435\u0441\u0430 \u0431\u0443\u0434\u0435\u0442 \u0434\u0430\u0440\u0438\u0442\u044c&#8230;<\/p>","protected":false},"author":1,"featured_media":0,"parent":0,"menu_order":0,"comment_status":"closed","ping_status":"closed","template":"","meta":{"_kad_post_transparent":"","_kad_post_title":"","_kad_post_layout":"","_kad_post_sidebar_id":"","_kad_post_content_style":"","_kad_post_vertical_padding":"","_kad_post_feature":"","_kad_post_feature_position":"","_kad_post_header":false,"_kad_post_footer":false,"footnotes":""},"class_list":["post-342","page","type-page","status-publish","hentry"],"aioseo_notices":[],"_links":{"self":[{"href":"https:\/\/funky-time.top\/es\/wp-json\/wp\/v2\/pages\/342","targetHints":{"allow":["GET"]}}],"collection":[{"href":"https:\/\/funky-time.top\/es\/wp-json\/wp\/v2\/pages"}],"about":[{"href":"https:\/\/funky-time.top\/es\/wp-json\/wp\/v2\/types\/page"}],"author":[{"embeddable":true,"href":"https:\/\/funky-time.top\/es\/wp-json\/wp\/v2\/users\/1"}],"replies":[{"embeddable":true,"href":"https:\/\/funky-time.top\/es\/wp-json\/wp\/v2\/comments?post=342"}],"version-history":[{"count":5,"href":"https:\/\/funky-time.top\/es\/wp-json\/wp\/v2\/pages\/342\/revisions"}],"predecessor-version":[{"id":462,"href":"https:\/\/funky-time.top\/es\/wp-json\/wp\/v2\/pages\/342\/revisions\/462"}],"wp:attachment":[{"href":"https:\/\/funky-time.top\/es\/wp-json\/wp\/v2\/media?parent=342"}],"curies":[{"name":"wp","href":"https:\/\/api.w.org\/{rel}","templated":true}]}}