{"id":342,"date":"2023-12-01T19:19:18","date_gmt":"2023-12-01T16:19:18","guid":{"rendered":"https:\/\/funky-time.top\/?page_id=342"},"modified":"2023-12-02T12:16:41","modified_gmt":"2023-12-02T09:16:41","slug":"funky-time-casino","status":"publish","type":"page","link":"https:\/\/funky-time.top\/fr\/funky-time-casino\/","title":{"rendered":"Funky Time dans les meilleurs casinos en ligne"},"content":{"rendered":"<p>Le jeu en ligne Funky Time du meilleur d\u00e9veloppeur de jeux de hasard captivera tout le monde avec ses graphismes uniques et son atmosph\u00e8re amusante. En plus de cela, il y a un son agr\u00e9able et des m\u00e9canismes de jeu passionnants. Apr\u00e8s avoir lanc\u00e9 Funky Time, le client du casino sera immerg\u00e9 dans un monde incroyable rempli de musique et de danse ; il sera accueilli sur le terrain de jeu par un croupier v\u00eatu d&#039;un costume brillant. Chaque rotation de la roue donnera de nouvelles \u00e9motions.<\/p>\n\n\n\n<div class=\"wp-block-buttons is-content-justification-center is-layout-flex wp-container-core-buttons-is-layout-16018d1d wp-block-buttons-is-layout-flex\">\n<div class=\"wp-block-button\"><a class=\"wp-block-button__link wp-element-button\" href=\"https:\/\/p72zy.bemobtrcks.com\/go\/7c083e47-a62b-4495-90b2-7b8a354eaa14?\"><strong>Jouer \u00e0 Funky Time<\/strong><\/a><\/div>\n<\/div>\n\n\n\n<p>Il est recommand\u00e9 de jouer \u00e0 Funky Time uniquement dans des casinos fiables qui garantissent des paiements \u00e9quitables et en temps opportun. Il n&#039;est pas toujours possible de trouver une telle plateforme, mais c&#039;est possible si l&#039;on prend en compte quelques recommandations.<\/p>\n\n\n<h2 class=\"wp-block-heading\" id=\"%25d0%25ba%25d0%25b0%25d0%25ba-%25d0%25bc%25d1%258b-%25d0%25bd%25d0%25b0%25d1%2585%25d0%25be%25d0%25b4%25d0%25b8%25d0%25bc-%25d0%25bb%25d1%2583%25d1%2587%25d1%2588%25d0%25b8%25d0%25b5-%25d0%25ba%25d0%25b0%25d0%25b7%25d0%25b8%25d0%25bd%25d0%25be-%25d0%25b4%25d0%25bb%25d1%258f-%25d0%25b8%25d0%25b3%25d1%2580%25d1%258b-%25d0%25b2\">Comment trouver les meilleurs casinos pour jouer \u00e0 Funky Time ?<\/h2>\n\n\n<p>Contrairement \u00e0 la plupart des autres sites, notre ressource adopte une approche particuli\u00e8re pour choisir les meilleurs casinos en ligne sur lesquels vous pouvez jouer \u00e0 Funky Time. Principaux crit\u00e8res de recherche\u00a0:<\/p>\n\n\n\n<ol class=\"wp-block-list\">\n<li>Licence. C\u2019est la premi\u00e8re chose que nous examinons lorsque nous recherchons un site de jeu fiable. Avoir une licence garantit un jeu \u00e9quitable et s\u00fbr, ainsi que des paiements ponctuels. Il est important que le document soit d\u00e9livr\u00e9 par un organisme de r\u00e9glementation des jeux de hasard r\u00e9put\u00e9.<\/li>\n\n\n\n<li>S\u00e9curit\u00e9. Un client potentiel souhaite toujours s&#039;assurer que ses donn\u00e9es lors de son inscription ne tombent pas entre les mains de tiers. Seuls les casinos honn\u00eates et fiables utilisant un cryptage sp\u00e9cial peuvent le garantir.<\/li>\n\n\n\n<li>Politique de bonus. Nous \u00e9tudions attentivement la politique des bonus : du montant des cadeaux aux conditions de mise.<\/li>\n\n\n\n<li>Disponibilit\u00e9 du Funky Time. Nous accordons \u00e9galement une attention particuli\u00e8re \u00e0 ce point. Il est important que le jeu se lance facilement et fonctionne parfaitement sur n&#039;importe quel appareil.<\/li>\n\n\n\n<li>Service d&#039;assistance. Un casino fiable est l&#039;occasion de contacter rapidement un employ\u00e9 de la hotline pour r\u00e9soudre les questions et les probl\u00e8mes qui peuvent survenir pendant le jeu. Les meilleurs casinos en ligne proposent au moins 3 fa\u00e7ons de contacter le support technique.<\/li>\n\n\n\n<li>Syst\u00e8mes de paiement. Lors de la recherche d&#039;un casino, nous \u00e9tudions les m\u00e9thodes disponibles pour reconstituer votre compte et recevoir des paiements. Les meilleures plateformes disposent d\u2019une large gamme de syst\u00e8mes de paiement et d\u2019un traitement rapide des transactions.<\/li>\n<\/ol>\n\n\n\n<p>De plus, nous prenons en compte la r\u00e9putation de l&#039;entreprise. Cela peut \u00eatre fait en lisant des critiques, des critiques. Notre approche est unique car elle aborde plusieurs points importants \u00e0 la fois. Nous sommes impartiaux dans nos \u00e9valuations, vous pouvez donc nous faire confiance.<\/p>\n\n\n<h2 class=\"wp-block-heading\" id=\"%25d0%25b7%25d0%25b0%25d0%25ba%25d0%25bb%25d1%258e%25d1%2587%25d0%25b5%25d0%25bd%25d0%25b8%25d0%25b5\">Conclusion<\/h2>\n\n\n<p>Nous veillons \u00e0 fournir aux utilisateurs de notre ressource uniquement des sites fiables pour jouer \u00e0 Funky Time. La liste des meilleurs casinos en ligne est p\u00e9riodiquement mise \u00e0 jour : de nouvelles plateformes apparaissent, et les places de leaders changent.<\/p>\n\n\n<h2 class=\"wp-block-heading\" id=\"faq\">FAQ<\/h2>\n\n<h3 class=\"wp-block-heading\" id=\"%25d0%25b2-%25d0%25ba%25d0%25b0%25d0%25ba%25d0%25b8%25d1%2585-%25d0%25be%25d0%25bd%25d0%25bb%25d0%25b0%25d0%25b9%25d0%25bd-%25d0%25ba%25d0%25b0%25d0%25b7%25d0%25b8%25d0%25bd%25d0%25be-%25d1%258f-%25d0%25bc%25d0%25be%25d0%25b3%25d1%2583-%25d0%25b8%25d0%25b3%25d1%2580%25d0%25b0%25d1%2582%25d1%258c-%25d0%25b2-funky-time\">Dans quels casinos en ligne puis-je jouer \u00e0 Funky Time ?<\/h3>\n\n\n<p>Le site pr\u00e9sente le dernier TOP des meilleurs casinos en ligne o\u00f9 vous pouvez jouer pour de l&#039;argent sur Funky Time.<\/p>\n\n\n<h3 class=\"wp-block-heading\" id=\"%25d0%25ba%25d0%25b0%25d0%25ba-%25d0%25b2%25d1%258b%25d0%25b1%25d1%2580%25d0%25b0%25d1%2582%25d1%258c-%25d0%25bb%25d1%2583%25d1%2587%25d1%2588%25d0%25b5%25d0%25b5-%25d0%25ba%25d0%25b0%25d0%25b7%25d0%25b8%25d0%25bd%25d0%25be-%25d0%25b4%25d0%25bb%25d1%258f-%25d0%25b8%25d0%25b3%25d1%2580%25d1%258b-%25d0%25b2-funky-time\">Comment choisir le meilleur casino pour jouer \u00e0 Funky Time ?<\/h3>\n\n\n<p>Lors du choix d&#039;un casino en ligne, il est recommand\u00e9 tout d&#039;abord de prendre en compte la disponibilit\u00e9 d&#039;une licence, la gamme de syst\u00e8mes de paiement, la s\u00e9curit\u00e9 et les modalit\u00e9s de contact avec l&#039;assistance. Il vaut \u00e9galement la peine de v\u00e9rifier le prix abordable du Funky Time.<\/p>\n\n\n<h3 class=\"wp-block-heading\" id=\"%25d1%258f-%25d0%25bd%25d0%25be%25d0%25b2%25d0%25b8%25d1%2587%25d0%25be%25d0%25ba-%25d0%25b2-funky-time-%25d0%25b5%25d1%2581%25d1%2582%25d1%258c-%25d0%25ba%25d0%25b0%25d0%25ba%25d0%25b8%25d0%25b5%25d0%25bd%25d0%25b8%25d0%25b1%25d1%2583%25d0%25b4%25d1%258c-%25d1%2581%25d0%25be%25d0%25b2%25d0%25b5%25d1%2582%25d1%258b\">Je suis nouveau sur Funky Time, des conseils ?<\/h3>\n\n\n<p>L&#039;objectif principal de Funky Time est de s&#039;amuser. Ne vous concentrez pas sur l\u2019obtention d\u2019une grosse victoire ou sur la tentative de battre un autre joueur. Cela entra\u00eene g\u00e9n\u00e9ralement une perte de fonds et une d\u00e9t\u00e9rioration de l\u2019humeur. S&#039;entra\u00eener, \u00e9tudier les r\u00e8gles du jeu, regarder des \u00e9missions et suivre des statistiques vous aideront \u00e0 augmenter vos chances de gagner.<\/p>\n\n\n<h3 class=\"wp-block-heading\" id=\"%25d1%2581%25d1%2583%25d1%2589%25d0%25b5%25d1%2581%25d1%2582%25d0%25b2%25d1%2583%25d1%258e%25d1%2582-%25d0%25bb%25d0%25b8-%25d0%25bc%25d0%25be%25d0%25b1%25d0%25b8%25d0%25bb%25d1%258c%25d0%25bd%25d1%258b%25d0%25b5-%25d0%25b2%25d0%25b5%25d1%2580%25d1%2581%25d0%25b8%25d0%25b8-%25d0%25ba%25d0%25b0%25d0%25b7%25d0%25b8%25d0%25bd\">Existe-t-il des versions de casino mobile pour jouer \u00e0 Funky Time ?<\/h3>\n\n\n<p>Oui, de nombreux casinos disposent d\u2019applications mobiles et de versions mobiles de leurs plateformes. Vous pouvez donc lancer Funky Time depuis un smartphone, une tablette ou un autre appareil.<\/p>\n\n\n<h3 class=\"wp-block-heading\" id=\"%25d0%25b1%25d0%25b5%25d0%25b7%25d0%25be%25d0%25bf%25d0%25b0%25d1%2581%25d0%25bd%25d0%25be-%25d0%25bb%25d0%25b8-%25d0%25b8%25d0%25b3%25d1%2580%25d0%25b0%25d1%2582%25d1%258c-%25d0%25b2-funky-time-%25d0%25b2-%25d0%25ba%25d0%25b0%25d0%25b7%25d0%25b8%25d0%25bd%25d0%25be-%25d0%25ba%25d0%25be%25d1%2582%25d0%25be%25d1%2580\">Est-il s\u00e9curitaire de jouer \u00e0 Funky Time dans les casinos que vous recommandez\u00a0?<\/h3>\n\n\n<p>Lors de l&#039;\u00e9tablissement de l&#039;\u00e9valuation, nous v\u00e9rifions soigneusement chaque plateforme pour v\u00e9rifier sa conformit\u00e9 aux crit\u00e8res et exigences de base : de la licence aux m\u00e9thodes de contact avec l&#039;assistance. Nous examinons \u00e9galement l&#039;utilisation de technologies de cryptage modernes par les casinos en ligne, qui garantissent la protection des donn\u00e9es des utilisateurs.<\/p>","protected":false},"excerpt":{"rendered":"<p>\u041e\u043d\u043b\u0430\u0439\u043d-\u0438\u0433\u0440\u0430 Funky Time \u043e\u0442 \u043b\u0443\u0447\u0448\u0435\u0433\u043e \u0440\u0430\u0437\u0440\u0430\u0431\u043e\u0442\u0447\u0438\u043a\u0430 \u0430\u0437\u0430\u0440\u0442\u043d\u044b\u0445 \u0440\u0430\u0437\u0432\u043b\u0435\u0447\u0435\u043d\u0438\u0439 \u043f\u043e\u043a\u043e\u0440\u0438\u0442 \u043b\u044e\u0431\u043e\u0433\u043e \u0443\u043d\u0438\u043a\u0430\u043b\u044c\u043d\u043e\u0439 \u0433\u0440\u0430\u0444\u0438\u043a\u043e\u0439 \u0438 \u0432\u0435\u0441\u0435\u043b\u043e\u0439 \u0430\u0442\u043c\u043e\u0441\u0444\u0435\u0440\u043e\u0439. \u0412 \u0434\u043e\u043f\u043e\u043b\u043d\u0435\u043d\u0438\u0435 \u043a \u044d\u0442\u043e\u043c\u0443 \u0438\u0434\u0435\u0442 \u043f\u0440\u0438\u044f\u0442\u043d\u044b\u0439 \u0437\u0432\u0443\u043a \u0438 \u0437\u0430\u0445\u0432\u0430\u0442\u044b\u0432\u0430\u044e\u0449\u0430\u044f \u0438\u0433\u0440\u043e\u0432\u0430\u044f \u043c\u0435\u0445\u0430\u043d\u0438\u043a\u0430. \u041f\u043e\u0441\u043b\u0435 \u0437\u0430\u043f\u0443\u0441\u043a\u0430 Funky Time \u043a\u043b\u0438\u0435\u043d\u0442 \u043a\u0430\u0437\u0438\u043d\u043e \u043f\u043e\u0433\u0440\u0443\u0437\u0438\u0442\u0441\u044f \u0432 \u043d\u0435\u0432\u0435\u0440\u043e\u044f\u0442\u043d\u044b\u0439 \u043c\u0438\u0440, \u043d\u0430\u043f\u043e\u043b\u043d\u0435\u043d\u043d\u043e\u0439 \u043c\u0443\u0437\u044b\u043a\u043e\u0439 \u0438 \u0442\u0430\u043d\u0446\u0430\u043c\u0438, \u043d\u0430 \u0438\u0433\u0440\u043e\u0432\u043e\u043c \u043f\u043e\u043b\u0435 \u0435\u0433\u043e \u0432\u0441\u0442\u0440\u0435\u0442\u0438\u0442 \u0434\u0438\u043b\u0435\u0440, \u043e\u0434\u0435\u0442\u044b\u0439 \u0432 \u044f\u0440\u043a\u0438\u0439 \u043a\u043e\u0441\u0442\u044e\u043c. \u041a\u0430\u0436\u0434\u043e\u0435 \u0432\u0440\u0430\u0449\u0435\u043d\u0438\u0435 \u043a\u043e\u043b\u0435\u0441\u0430 \u0431\u0443\u0434\u0435\u0442 \u0434\u0430\u0440\u0438\u0442\u044c&#8230;<\/p>","protected":false},"author":1,"featured_media":0,"parent":0,"menu_order":0,"comment_status":"closed","ping_status":"closed","template":"","meta":{"_kad_post_transparent":"","_kad_post_title":"","_kad_post_layout":"","_kad_post_sidebar_id":"","_kad_post_content_style":"","_kad_post_vertical_padding":"","_kad_post_feature":"","_kad_post_feature_position":"","_kad_post_header":false,"_kad_post_footer":false,"footnotes":""},"class_list":["post-342","page","type-page","status-publish","hentry"],"aioseo_notices":[],"_links":{"self":[{"href":"https:\/\/funky-time.top\/fr\/wp-json\/wp\/v2\/pages\/342","targetHints":{"allow":["GET"]}}],"collection":[{"href":"https:\/\/funky-time.top\/fr\/wp-json\/wp\/v2\/pages"}],"about":[{"href":"https:\/\/funky-time.top\/fr\/wp-json\/wp\/v2\/types\/page"}],"author":[{"embeddable":true,"href":"https:\/\/funky-time.top\/fr\/wp-json\/wp\/v2\/users\/1"}],"replies":[{"embeddable":true,"href":"https:\/\/funky-time.top\/fr\/wp-json\/wp\/v2\/comments?post=342"}],"version-history":[{"count":5,"href":"https:\/\/funky-time.top\/fr\/wp-json\/wp\/v2\/pages\/342\/revisions"}],"predecessor-version":[{"id":462,"href":"https:\/\/funky-time.top\/fr\/wp-json\/wp\/v2\/pages\/342\/revisions\/462"}],"wp:attachment":[{"href":"https:\/\/funky-time.top\/fr\/wp-json\/wp\/v2\/media?parent=342"}],"curies":[{"name":"wp","href":"https:\/\/api.w.org\/{rel}","templated":true}]}}