{"id":335,"date":"2023-12-01T19:19:24","date_gmt":"2023-12-01T16:19:24","guid":{"rendered":"https:\/\/funky-time.top\/?page_id=335"},"modified":"2023-12-02T12:17:33","modified_gmt":"2023-12-02T09:17:33","slug":"play-funky-time","status":"publish","type":"page","link":"https:\/\/funky-time.top\/fr_ca\/play-funky-time\/","title":{"rendered":"Comment jouer \u00e0 Funky Time\u00a0: un guide complet pour les d\u00e9butants"},"content":{"rendered":"<p><strong>Funky Time<\/strong> est un jeu en ligne passionnant qui gagne progressivement en popularit\u00e9. Convient aussi bien aux d\u00e9butants dans le monde du jeu qu\u2019aux utilisateurs exp\u00e9riment\u00e9s de casino en ligne. Pour savoir comment jouer \u00e0 Funky Time, vous devez tenir compte de ses r\u00e8gles, caract\u00e9ristiques et capacit\u00e9s.<\/p>\n\n\n\n<div class=\"wp-block-buttons is-content-justification-center is-layout-flex wp-container-core-buttons-is-layout-16018d1d wp-block-buttons-is-layout-flex\">\n<div class=\"wp-block-button\"><a class=\"wp-block-button__link wp-element-button\" href=\"https:\/\/p72zy.bemobtrcks.com\/go\/7c083e47-a62b-4495-90b2-7b8a354eaa14?\">Jouer \u00e0 Funky Time<\/a><\/div>\n<\/div>\n\n\n\n<p>Le d\u00e9veloppement du jeu Funky Time a \u00e9t\u00e9 r\u00e9alis\u00e9 par Evolution Gaming. Le fournisseur a r\u00e9ussi \u00e0 cr\u00e9er un format unique de divertissement en ligne qui combine des \u00e9l\u00e9ments classiques des casinos et des jeux t\u00e9l\u00e9vis\u00e9s. Tout cela rend le gameplay si excitant et ne permet pas au joueur de s&#039;ennuyer.<\/p>\n\n\n<div class=\"wp-block-image\">\n<figure class=\"aligncenter size-large is-resized\"><img loading=\"lazy\" decoding=\"async\" width=\"1024\" height=\"588\" src=\"https:\/\/funky-time.top\/wp-content\/uploads\/2023\/11\/funky-time-other-1024x588.jpg\" alt=\"Comment jouer \u00e0 Funky Time\" class=\"wp-image-387\" style=\"width:622px;height:auto\" srcset=\"https:\/\/funky-time.top\/wp-content\/uploads\/2023\/11\/funky-time-other-1024x588.jpg 1024w, https:\/\/funky-time.top\/wp-content\/uploads\/2023\/11\/funky-time-other-300x172.jpg 300w, https:\/\/funky-time.top\/wp-content\/uploads\/2023\/11\/funky-time-other-768x441.jpg 768w, https:\/\/funky-time.top\/wp-content\/uploads\/2023\/11\/funky-time-other-18x10.jpg 18w, https:\/\/funky-time.top\/wp-content\/uploads\/2023\/11\/funky-time-other.jpg 1149w\" sizes=\"auto, (max-width: 1024px) 100vw, 1024px\" \/><\/figure>\n<\/div>\n\n<h2 class=\"wp-block-heading\" id=\"%25d0%25ba%25d0%25b0%25d0%25ba-%25d0%25b8%25d0%25b3%25d1%2580%25d0%25b0%25d1%2582%25d1%258c-%25d0%25b2-funky-time\">Comment jouer \u00e0 Funky Time<\/h2>\n\n\n<p>Ceux qui veulent s&#039;essayer \u00e0 un jeu passionnant d&#039;un d\u00e9veloppeur populaire doivent suivre quelques \u00e9tapes simples :<\/p>\n\n\n\n<ol class=\"wp-block-list\">\n<li>Rendez-vous sur le site officiel du casino, o\u00f9 se trouve Funky Time.<\/li>\n\n\n\n<li>Inscrivez-vous dans le syst\u00e8me.<\/li>\n\n\n\n<li>Effectuez un d\u00e9p\u00f4t sur le compte.<\/li>\n\n\n\n<li>Lancer le jeu.<\/li>\n\n\n\n<li>S\u00e9lectionnez la taille de la puce.<\/li>\n\n\n\n<li>Placez votre pari sur les num\u00e9ros disponibles et les jeux bonus.<\/li>\n\n\n\n<li>Faites tourner la roue.<\/li>\n<\/ol>\n\n\n\n<div class=\"wp-block-buttons is-content-justification-center is-layout-flex wp-container-core-buttons-is-layout-16018d1d wp-block-buttons-is-layout-flex\">\n<div class=\"wp-block-button\"><a class=\"wp-block-button__link wp-element-button\" href=\"https:\/\/p72zy.bemobtrcks.com\/go\/7c083e47-a62b-4495-90b2-7b8a354eaa14?\">Jouer \u00e0 Funky Time<\/a><\/div>\n<\/div>\n\n\n\n<p>Si le pari de l&#039;utilisateur correspond au r\u00e9sultat de la rotation de la roue, il recevra un prix. Certains multiplicateurs peuvent multiplier vos gains plusieurs fois.<\/p>\n\n\n<h2 class=\"wp-block-heading\" id=\"%25d1%2581%25d1%2582%25d1%2580%25d0%25b0%25d1%2582%25d0%25b5%25d0%25b3%25d0%25b8%25d0%25b8-%25d0%25b8-%25d1%2581%25d0%25be%25d0%25b2%25d0%25b5%25d1%2582%25d1%258b-%25d0%25b4%25d0%25bb%25d1%258f-%25d0%25bd%25d0%25b0%25d1%2587%25d0%25b8%25d0%25bd%25d0%25b0%25d1%258e%25d1%2589%25d0%25b8%25d1%2585-%25d0%25b8%25d0%25b3%25d1%2580\">Strat\u00e9gies et conseils pour les nouveaux joueurs<\/h2>\n\n\n<p>Funky Time est un jeu amusant qui s\u00e9duira aussi bien les d\u00e9butants que les utilisateurs exp\u00e9riment\u00e9s. Par cons\u00e9quent, si vous voulez essayer quelque chose de nouveau, vous devriez regarder ce jeu de plus pr\u00e8s. Et des recommandations simples vous aideront \u00e0 obtenir des gains :<\/p>\n\n\n\n<ul class=\"wp-block-list\">\n<li>\u00e9tudier les types de paris et de paiements vous aidera \u00e0 d\u00e9terminer quelle version du jeu sera la plus rentable ;<\/li>\n\n\n\n<li>Il est pr\u00e9f\u00e9rable de commencer le jeu avec de petites mises, en essayant progressivement diff\u00e9rentes strat\u00e9gies et en introduisant la v\u00f4tre ;<\/li>\n\n\n\n<li>Pendant le jeu, vous devez faire attention aux statistiques pour augmenter vos chances de succ\u00e8s.<\/li>\n<\/ul>\n\n\n\n<p>N\u2019oubliez pas non plus les jeux bonus. Ce n&#039;est pas seulement un excellent moyen d&#039;augmenter vos gains, mais aussi de ressentir l&#039;excitation.<\/p>\n\n\n<h2 class=\"wp-block-heading\" id=\"%25d0%25ba%25d0%25b0%25d0%25ba-%25d0%25b8%25d0%25b3%25d1%2580%25d0%25b0%25d1%2582%25d1%258c-%25d0%25b2-funky-time-%25d0%25b1%25d0%25b5%25d1%2581%25d0%25bf%25d0%25bb%25d0%25b0%25d1%2582%25d0%25bd%25d0%25be-%25d0%25be%25d1%2581%25d0%25be%25d0%25b1%25d0%25b5%25d0%25bd%25d0%25bd%25d0%25be%25d1%2581%25d1%2582%25d0%25b8\">Comment jouer \u00e0 Funky Time gratuitement : fonctionnalit\u00e9s et alternatives<\/h2>\n\n\n<p>Funky Time ne propose pas de jeu gratuit. En effet, il s&#039;agit d&#039;une machine \u00e0 sous en direct, qui implique de jouer avec de vrais croupiers et des participants qui parient de l&#039;argent r\u00e9el. Toutefois, cela ne signifie pas qu\u2019il n\u2019y a pas d\u2019alternative. Vous pouvez regarder le jeu en streaming enti\u00e8rement gratuitement. Ce format permettra :<\/p>\n\n\n\n<ul class=\"wp-block-list\">\n<li>appr\u00e9cier l&#039;atmosph\u00e8re de divertissement;<\/li>\n\n\n\n<li>comprendre les r\u00e8gles et les syst\u00e8mes de paris\u00a0;<\/li>\n\n\n\n<li>comprenez si cela vaut la peine de jouer \u00e0 funky time pour de l&#039;argent r\u00e9el.<\/li>\n<\/ul>\n\n\n\n<p>Pour regarder le match sans y participer, vous devez :<\/p>\n\n\n\n<ol class=\"wp-block-list\">\n<li>Trouvez un casino en ligne fiable dot\u00e9 de Funky Time.<\/li>\n\n\n\n<li>Acc\u00e9dez au site officiel et ouvrez la section jeux.<\/li>\n\n\n\n<li>Trouvez Funky Time et commencez \u00e0 regarder la diffusion.<\/li>\n<\/ol>\n\n\n\n<p>Il n\u2019est cependant pas n\u00e9cessaire de s\u2019inscrire dans le syst\u00e8me.<\/p>\n\n\n\n<p>Il existe une autre option pour les jeux gratuits : les bonus de casino. Certains grands sites les proposent, permettant aux joueurs de placer des paris sans d\u00e9penser leur propre argent. Cependant, vous devez vous rappeler que chaque bonus comporte des conditions de mise. Par cons\u00e9quent, avant d\u2019activer un cadeau d\u2019un casino, vous devez vous familiariser avec les exigences de base.<\/p>\n\n\n<h2 class=\"wp-block-heading\" id=\"%25d0%25ba%25d0%25b0%25d0%25ba-%25d0%25b2%25d1%258b%25d0%25b8%25d0%25b3%25d1%2580%25d0%25b0%25d1%2582%25d1%258c-%25d0%25b2-funky-time-%25d1%2581%25d1%2582%25d1%2580%25d0%25b0%25d1%2582%25d0%25b5%25d0%25b3%25d0%25b8%25d0%25b8-%25d0%25b8-%25d1%2581%25d0%25be%25d0%25b2%25d0%25b5%25d1%2582%25d1%258b-%25d0%25b4%25d0%25bb\">Comment gagner au Funky Time : strat\u00e9gies et astuces pour r\u00e9ussir son jeu<\/h2>\n\n\n<p>Funky Time est un jeu de pur hasard, mais il existe plusieurs strat\u00e9gies que vous pouvez utiliser pour augmenter vos chances de gagner et tirer le meilleur parti du jeu. Conseils importants pour un jeu r\u00e9ussi\u00a0:<\/p>\n\n\n\n<ol class=\"wp-block-list\">\n<li>Vous devez apprendre les r\u00e8gles. C\u2019est le tout premier point \u00e0 ne pas omettre. Avant de commencer le jeu, vous devez lire attentivement toutes les r\u00e8gles et comprendre les types de paris. Ce n\u2019est qu\u2019ainsi que le joueur pourra ensuite prendre une d\u00e9cision \u00e9quilibr\u00e9e et \u00e9clair\u00e9e.<\/li>\n\n\n\n<li>Il existe de nombreuses strat\u00e9gies, mais il n\u2019y en a qu\u2019une. Cela signifie que certains joueurs pr\u00e9f\u00e8rent parier sur certains num\u00e9ros, tandis que d\u2019autres peuvent pr\u00e9f\u00e9rer une strat\u00e9gie consistant \u00e0 augmenter progressivement leurs mises. D&#039;autres encore choisissent m\u00eame de jouer avec tous les num\u00e9ros et d&#039;utiliser activement les bonus. Parmi les nombreux sch\u00e9mas disponibles, vous devriez trouver le plus attractif et le suivre tout au long du jeu.<\/li>\n\n\n\n<li>Cela vaut la peine de fixer des limites \u00e0 l&#039;avance. L&#039;utilisateur doit d\u00e9terminer avant de commencer le jeu combien il est pr\u00eat \u00e0 d\u00e9penser pour le jeu. Il est \u00e9galement d\u00e9conseill\u00e9 de placer des paris trop importants, surtout pour les d\u00e9butants.<\/li>\n\n\n\n<li>Les statistiques sont l\u2019atout dans la manche d\u2019un utilisateur exp\u00e9riment\u00e9. Avec son aide, vous pouvez d\u00e9terminer le sch\u00e9ma des gains et ainsi augmenter vos chances de gagner.<\/li>\n\n\n\n<li>Il n\u2019est pas n\u00e9cessaire d\u2019abandonner les jeux bonus. Pendant le jeu, l&#039;utilisateur peut recevoir des prix suppl\u00e9mentaires et des multiplicateurs pour augmenter ses gains. Par cons\u00e9quent, il est recommand\u00e9 de garder un \u0153il sur la roue et de ne pas \u00e9viter l\u2019opportunit\u00e9 de recevoir une somme importante.<\/li>\n<\/ol>\n\n\n<div class=\"wp-block-image\">\n<figure class=\"aligncenter size-large is-resized\"><img loading=\"lazy\" decoding=\"async\" width=\"1024\" height=\"536\" src=\"https:\/\/funky-time.top\/wp-content\/uploads\/2023\/11\/funky-time-muzhyk-1024x536.jpg\" alt=\"Comment gagner au Funky Time\" class=\"wp-image-388\" style=\"width:611px;height:auto\" srcset=\"https:\/\/funky-time.top\/wp-content\/uploads\/2023\/11\/funky-time-muzhyk-1024x536.jpg 1024w, https:\/\/funky-time.top\/wp-content\/uploads\/2023\/11\/funky-time-muzhyk-300x157.jpg 300w, https:\/\/funky-time.top\/wp-content\/uploads\/2023\/11\/funky-time-muzhyk-768x402.jpg 768w, https:\/\/funky-time.top\/wp-content\/uploads\/2023\/11\/funky-time-muzhyk-1536x804.jpg 1536w, https:\/\/funky-time.top\/wp-content\/uploads\/2023\/11\/funky-time-muzhyk-18x9.jpg 18w, https:\/\/funky-time.top\/wp-content\/uploads\/2023\/11\/funky-time-muzhyk.jpg 1541w\" sizes=\"auto, (max-width: 1024px) 100vw, 1024px\" \/><\/figure>\n<\/div>\n\n\n<p>Suivre les recommandations vous aidera \u00e0 profiter de jouer \u00e0 Funky Time. Cependant, il est important de se rappeler que tout jeu est bas\u00e9 sur le hasard et qu\u2019il n\u2019existe donc aucune mani\u00e8re garantie de gagner.<\/p>\n\n\n<h2 class=\"wp-block-heading\" id=\"%25d0%25b7%25d0%25b0%25d0%25ba%25d0%25bb%25d1%258e%25d1%2587%25d0%25b5%25d0%25bd%25d0%25b8%25d0%25b5\">Conclusion<\/h2>\n\n\n<p>Funky Time est une machine \u00e0 sous id\u00e9ale pour ceux qui veulent passer un bon moment et gagner de l&#039;argent. Il ne s&#039;agit pas simplement d&#039;une nouveaut\u00e9 dans le monde des casinos en ligne, mais d&#039;un divertissement passionnant et innovant avec des \u00e9l\u00e9ments interactifs, des jeux bonus uniques et un design color\u00e9. Tout cela permet au client du club de jeux de se plonger dans l\u2019atmosph\u00e8re d\u2019une v\u00e9ritable \u00e9mission de t\u00e9l\u00e9vision.<\/p>\n\n\n\n<p>Vous ne pouvez jouer \u00e0 Funky Time qu&#039;avec de l&#039;argent r\u00e9el, mais s&#039;il le souhaite, l&#039;utilisateur peut regarder la diffusion gratuitement ou utiliser les bonus du casino. Suivre les recommandations et utiliser des strat\u00e9gies augmentera, \u00e0 son tour, vos chances d\u2019obtenir de gros gains.<\/p>\n\n\n\n<p><\/p>","protected":false},"excerpt":{"rendered":"<p>Funky Time \u2013 \u0443\u0432\u043b\u0435\u043a\u0430\u0442\u0435\u043b\u044c\u043d\u0430\u044f \u043e\u043d\u043b\u0430\u0439\u043d-\u0438\u0433\u0440\u0430, \u043a\u043e\u0442\u043e\u0440\u0430\u044f \u043f\u043e\u0441\u0442\u0435\u043f\u0435\u043d\u043d\u043e \u043d\u0430\u0431\u0438\u0440\u0430\u0435\u0442 \u043f\u043e\u043f\u0443\u043b\u044f\u0440\u043d\u043e\u0441\u0442\u044c. \u041f\u043e\u0434\u043e\u0439\u0434\u0435\u0442 \u043a\u0430\u043a \u043d\u043e\u0432\u0438\u0447\u043a\u0430\u043c \u0432 \u043c\u0438\u0440\u0435 \u0430\u0437\u0430\u0440\u0442\u0430, \u0442\u0430\u043a \u043e\u043f\u044b\u0442\u043d\u044b\u043c \u043f\u043e\u043b\u044c\u0437\u043e\u0432\u0430\u0442\u0435\u043b\u044f\u043c \u043e\u043d\u043b\u0430\u0439\u043d-\u043a\u0430\u0437\u0438\u043d\u043e. \u0427\u0442\u043e\u0431\u044b \u0440\u0430\u0437\u043e\u0431\u0440\u0430\u0442\u044c\u0441\u044f, \u043a\u0430\u043a \u0438\u0433\u0440\u0430\u0442\u044c \u0432 Funky Time, \u043d\u0443\u0436\u043d\u043e \u0440\u0430\u0441\u0441\u043c\u043e\u0442\u0440\u0435\u0442\u044c \u0435\u0435 \u043f\u0440\u0430\u0432\u0438\u043b\u0430, \u043e\u0441\u043e\u0431\u0435\u043d\u043d\u043e\u0441\u0442\u0438 \u0438 \u0432\u043e\u0437\u043c\u043e\u0436\u043d\u043e\u0441\u0442\u0438. \u0420\u0430\u0437\u0440\u0430\u0431\u043e\u0442\u043a\u043e\u0439 \u0438\u0433\u0440\u044b Funky Time \u0437\u0430\u043d\u0438\u043c\u0430\u043b\u0430\u0441\u044c \u043a\u043e\u043c\u043f\u0430\u043d\u0438\u044f Evolution Gaming. \u041f\u0440\u043e\u0432\u0430\u0439\u0434\u0435\u0440\u0443 \u0443\u0434\u0430\u043b\u043e\u0441\u044c \u0441\u043e\u0437\u0434\u0430\u0442\u044c \u0443\u043d\u0438\u043a\u0430\u043b\u044c\u043d\u044b\u0439 \u0444\u043e\u0440\u043c\u0430\u0442 \u043e\u043d\u043b\u0430\u0439\u043d-\u0440\u0430\u0437\u0432\u043b\u0435\u0447\u0435\u043d\u0438\u0439, \u043a\u043e\u0442\u043e\u0440\u044b\u0439 \u0441\u043e\u0447\u0435\u0442\u0430\u0435\u0442 \u0432 \u0441\u0435\u0431\u0435 \u043a\u043b\u0430\u0441\u0441\u0438\u0447\u0435\u0441\u043a\u0438\u0435 \u044d\u043b\u0435\u043c\u0435\u043d\u0442\u044b \u043a\u0430\u0437\u0438\u043d\u043e \u0438&#8230;<\/p>","protected":false},"author":1,"featured_media":0,"parent":0,"menu_order":0,"comment_status":"closed","ping_status":"closed","template":"","meta":{"_kad_post_transparent":"","_kad_post_title":"","_kad_post_layout":"","_kad_post_sidebar_id":"","_kad_post_content_style":"","_kad_post_vertical_padding":"","_kad_post_feature":"","_kad_post_feature_position":"","_kad_post_header":false,"_kad_post_footer":false,"footnotes":""},"class_list":["post-335","page","type-page","status-publish","hentry"],"aioseo_notices":[],"_links":{"self":[{"href":"https:\/\/funky-time.top\/fr_ca\/wp-json\/wp\/v2\/pages\/335","targetHints":{"allow":["GET"]}}],"collection":[{"href":"https:\/\/funky-time.top\/fr_ca\/wp-json\/wp\/v2\/pages"}],"about":[{"href":"https:\/\/funky-time.top\/fr_ca\/wp-json\/wp\/v2\/types\/page"}],"author":[{"embeddable":true,"href":"https:\/\/funky-time.top\/fr_ca\/wp-json\/wp\/v2\/users\/1"}],"replies":[{"embeddable":true,"href":"https:\/\/funky-time.top\/fr_ca\/wp-json\/wp\/v2\/comments?post=335"}],"version-history":[{"count":7,"href":"https:\/\/funky-time.top\/fr_ca\/wp-json\/wp\/v2\/pages\/335\/revisions"}],"predecessor-version":[{"id":466,"href":"https:\/\/funky-time.top\/fr_ca\/wp-json\/wp\/v2\/pages\/335\/revisions\/466"}],"wp:attachment":[{"href":"https:\/\/funky-time.top\/fr_ca\/wp-json\/wp\/v2\/media?parent=335"}],"curies":[{"name":"wp","href":"https:\/\/api.w.org\/{rel}","templated":true}]}}