{"id":338,"date":"2023-12-01T19:19:28","date_gmt":"2023-12-01T16:19:28","guid":{"rendered":"https:\/\/funky-time.top\/?page_id=338"},"modified":"2023-12-02T12:17:08","modified_gmt":"2023-12-02T09:17:08","slug":"statistic-funky-time","status":"publish","type":"page","link":"https:\/\/funky-time.top\/fr_ca\/statistic-funky-time\/","title":{"rendered":"Statistiques Funky Time"},"content":{"rendered":"<p>Statistiques de Funky Time - un jeu qui emm\u00e8nera le client du casino enregistr\u00e9 dans le monde d&#039;une musique agr\u00e9able, de graphismes lumineux et de croupiers v\u00eatus de costumes color\u00e9s. L&#039;\u00e9tude des indicateurs statistiques du jeu peut devenir un avantage pour tout joueur int\u00e9ress\u00e9 \u00e0 gagner. Avant de passer aux statistiques Funky Time, vous devez comprendre comment les positions des symboles sont r\u00e9parties.<\/p>\n\n\n\n<div class=\"wp-block-buttons is-content-justification-center is-layout-flex wp-container-core-buttons-is-layout-16018d1d wp-block-buttons-is-layout-flex\">\n<div class=\"wp-block-button\"><a class=\"wp-block-button__link wp-element-button\" href=\"https:\/\/p72zy.bemobtrcks.com\/go\/7c083e47-a62b-4495-90b2-7b8a354eaa14?\"><strong>Jouer \u00e0 Funky Time<\/strong><\/a><\/div>\n<\/div>\n\n\n\n<figure class=\"wp-block-table\"><table><tbody><tr><td><strong>Nom du symbole<\/strong><\/td><td><strong>Nombre de postes<\/strong><\/td><\/tr><tr><td>NUM\u00c9RO 1<\/td><td>28<\/td><\/tr><tr><td>JOUER<\/td><td>2 par lettre<\/td><\/tr><tr><td>TROUILLE<\/td><td>2 par lettre<\/td><\/tr><tr><td>TEMPS<\/td><td>2 par lettre<\/td><\/tr><tr><td>BAR<\/td><td>6<\/td><\/tr><tr><td>DISCO<\/td><td>3<\/td><\/tr><tr><td>RESTE EN VIE<\/td><td>2<\/td><\/tr><tr><td>DISCO VIP<\/td><td>1<\/td><\/tr><\/tbody><\/table><figcaption class=\"wp-element-caption\">Statistiques et analyses Funky Time<\/figcaption><\/figure>\n\n\n<h2 class=\"wp-block-heading\" id=\"%25d0%25ba%25d0%25be%25d1%258d%25d1%2584%25d1%2584%25d0%25b8%25d1%2586%25d0%25b8%25d0%25b5%25d0%25bd%25d1%2582%25d1%258b-%25d1%2581%25d0%25b8%25d0%25bc%25d0%25b2%25d0%25be%25d0%25bb%25d0%25be%25d0%25b2-funky-time\">Coefficients du symbole Funky Time<\/h2>\n\n\n<p>La cl\u00e9 pour gagner est de comprendre quelles sont vos chances de gagner. Oui, les cotes exactes d\u00e9pendent uniquement des algorithmes des machines \u00e0 sous, et c&#039;est un secret que les d\u00e9veloppeurs ne divulguent pas. Il existe cependant un petit r\u00e9sum\u00e9 de la fr\u00e9quence d\u2019apparition de certaines images.<\/p>\n\n\n\n<figure class=\"wp-block-table\"><table><tbody><tr><td><strong>Nom du symbole<\/strong><\/td><td><strong>Pourcentage de chute, %<\/strong><\/td><td><strong>Chances de chute<\/strong><\/td><\/tr><tr><td>NUM\u00c9RO 1<\/td><td>43,75<\/td><td>Haut<\/td><\/tr><tr><td>JOUER<\/td><td>12,5<\/td><td>Moyenne<\/td><\/tr><tr><td>TROUILLE<\/td><td>12,5<\/td><td>Moyenne<\/td><\/tr><tr><td>TEMPS<\/td><td>12,5<\/td><td>Moyenne<\/td><\/tr><tr><td>BAR<\/td><td>3,38<\/td><td>Moyenne<\/td><\/tr><tr><td>DISCO<\/td><td>4,69<\/td><td>Faible<\/td><\/tr><tr><td>RESTE EN VIE<\/td><td>3,13<\/td><td>Faible<\/td><\/tr><tr><td>DISCO VIP<\/td><td>1,56<\/td><td>Faible<\/td><\/tr><\/tbody><\/table><figcaption class=\"wp-element-caption\">Symboles et cotes Funky Time<\/figcaption><\/figure>\n\n\n\n<p>Pour jouer \u00e0 Funky Time, les statistiques de chute de symboles sont un indicateur incontournable \u00e0 \u00e9tudier. Cela est particuli\u00e8rement vrai pour les utilisateurs novices qui, en tenant compte de cette recommandation, pourront comprendre les m\u00e9canismes du jeu et se pr\u00e9parer \u00e0 la victoire.<\/p>\n\n\n\n<p>Cependant, il ne faut pas oublier que dans la plupart des cas, le r\u00e9sultat obtenu est un pur hasard. Par cons\u00e9quent, vous ne devriez pas essayer de r\u00e9cup\u00e9rer le montant perdu si vous rencontrez une s\u00e9rie d\u2019\u00e9checs. Il est pr\u00e9f\u00e9rable d&#039;arr\u00eater ou de d\u00e9terminer les limites du jeu \u00e0 l&#039;avance afin de ne pas risquer de perdre la totalit\u00e9 de votre bankroll.<\/p>\n\n\n\n<div class=\"wp-block-buttons is-content-justification-center is-layout-flex wp-container-core-buttons-is-layout-16018d1d wp-block-buttons-is-layout-flex\">\n<div class=\"wp-block-button\"><a class=\"wp-block-button__link wp-element-button\" href=\"https:\/\/p72zy.bemobtrcks.com\/go\/7c083e47-a62b-4495-90b2-7b8a354eaa14?\"><strong>Jouer \u00e0 Funky Time<\/strong><\/a><\/div>\n<\/div>\n\n\n<h2 class=\"wp-block-heading\" id=\"%25d1%2581%25d1%2582%25d0%25b0%25d1%2582%25d0%25b8%25d1%2581%25d1%2582%25d0%25b8%25d0%25ba%25d0%25b0-%25d0%25be%25d0%25bd%25d0%25bb%25d0%25b0%25d0%25b9%25d0%25bd%25d0%25ba%25d0%25b0%25d0%25b7%25d0%25b8%25d0%25bd%25d0%25be\">Statistiques des casinos en ligne<\/h2>\n\n\n<p>Le casino en ligne propose aux joueurs des statistiques d\u00e9taill\u00e9es, dont l&#039;utilisation appropri\u00e9e leur permet de mieux comprendre les caract\u00e9ristiques de n&#039;importe quelle machine \u00e0 sous et de comprendre la dynamique de n&#039;importe quel jeu. Cela aide \u00e9galement de nombreuses personnes \u00e0 \u00e9laborer une strat\u00e9gie gagnante unique. Les statistiques comprennent les \u00e9l\u00e9ments suivants\u00a0:<\/p>\n\n\n\n<ol class=\"wp-block-list\">\n<li>Temps d&#039;ench\u00e8re. Le joueur peut voir quand le dernier pari a \u00e9t\u00e9 effectu\u00e9. Cela vous permet de comprendre quand le jeu a des p\u00e9riodes actives et quand il est calme.<\/li>\n\n\n\n<li>Montant du pari. Montre les montants pari\u00e9s par les joueurs. Gr\u00e2ce \u00e0 ces informations, un nouvel utilisateur peut d\u00e9terminer quels paris ont donn\u00e9 la meilleure r\u00e9ponse sous forme de montants importants ou de bonus.<\/li>\n\n\n\n<li>Pseudonyme de l&#039;utilisateur. Cette statistique est plus pertinente pour les clients de casino exp\u00e9riment\u00e9s qui aiment rivaliser avec d\u2019autres joueurs.<\/li>\n\n\n\n<li>Multiplicateur de pari. Le nombre indique combien de fois la mise de l&#039;utilisateur a \u00e9t\u00e9 augment\u00e9e apr\u00e8s avoir gagn\u00e9. Cela vaut la peine d&#039;\u00eatre surveill\u00e9 pour ceux qui souhaitent comprendre le potentiel des paris.<\/li>\n\n\n\n<li>Gains. Les statistiques de nombreux casinos fournissent des donn\u00e9es sur les montants que les clients ont re\u00e7us en jouant \u00e0 Funky Time.<\/li>\n\n\n\n<li>Devise du pari. Parfois, savoir dans quelle devise se trouvaient les versions b\u00eata pr\u00e9c\u00e9dentes peut \u00eatre utile. Cela se refl\u00e8te \u00e9galement dans les statistiques.<\/li>\n\n\n\n<li>Historique du jeu. Parfois, vous pouvez consulter les donn\u00e9es des jeux pr\u00e9c\u00e9dents dans Funky Time, ce qui vous permet d&#039;identifier les tendances.<\/li>\n\n\n\n<li>Fr\u00e9quence de r\u00e9ception des bonus. Funky Time propose plusieurs tours bonus et symboles qui permettent de gros gains. Dans les statistiques, vous pouvez voir leur fr\u00e9quence afin de planifier des intervalles id\u00e9aux.<\/li>\n\n\n\n<li>RTP. Le taux de retour fait \u00e9galement r\u00e9f\u00e9rence aux statistiques. Avec son aide, l&#039;utilisateur pourra d\u00e9terminer combien il recevra en retour de ses paris.<\/li>\n<\/ol>\n\n\n<div class=\"wp-block-image\">\n<figure class=\"aligncenter size-full\"><img loading=\"lazy\" decoding=\"async\" width=\"665\" height=\"324\" src=\"https:\/\/funky-time.top\/wp-content\/uploads\/2023\/11\/funky-time-stats-72-hours.jpg\" alt=\"Statistiques funky time sur 72 heures\" class=\"wp-image-424\" srcset=\"https:\/\/funky-time.top\/wp-content\/uploads\/2023\/11\/funky-time-stats-72-hours.jpg 665w, https:\/\/funky-time.top\/wp-content\/uploads\/2023\/11\/funky-time-stats-72-hours-300x146.jpg 300w, https:\/\/funky-time.top\/wp-content\/uploads\/2023\/11\/funky-time-stats-72-hours-18x9.jpg 18w\" sizes=\"auto, (max-width: 665px) 100vw, 665px\" \/><\/figure>\n<\/div>\n\n\n<p>Les statistiques du casino sont un outil g\u00e9n\u00e9ral qui peut \u00eatre utilis\u00e9, mais il ne faut pas s&#039;y fier lorsque l&#039;on joue \u00e0 Funky Time. Vous pouvez prendre en compte les donn\u00e9es affich\u00e9es par la plateforme, mais en m\u00eame temps prendre en compte vos propres capacit\u00e9s financi\u00e8res et ne pas vous laisser guider par les \u00e9motions ou le d\u00e9sir de battre quelqu&#039;un.<\/p>\n\n\n<h2 class=\"wp-block-heading\" id=\"%25d0%25b2%25d1%258b%25d0%25b2%25d0%25be%25d0%25b4%25d1%258b\">conclusions<\/h2>\n\n\n<p><strong>Jeu Funky Time<\/strong> plein de plaisir, c&#039;est ce qui le rend si int\u00e9ressant. Chaque joueur a une chance de gagner n\u2019importe quelle partie, c\u2019est pourquoi ce divertissement est populaire dans de nombreux casinos en ligne. Pour augmenter les chances de gagner, l&#039;utilisateur doit accorder une attention particuli\u00e8re aux indicateurs statistiques qui contribueront \u00e0 am\u00e9liorer la strat\u00e9gie choisie.<\/p>\n\n\n<div class=\"wp-block-image\">\n<figure class=\"aligncenter size-large is-resized\"><img loading=\"lazy\" decoding=\"async\" width=\"1024\" height=\"621\" src=\"https:\/\/funky-time.top\/wp-content\/uploads\/2023\/11\/funky-time-1-1024x621.jpg\" alt=\"Statistiques du casino funky time\" class=\"wp-image-426\" style=\"width:702px;height:auto\" srcset=\"https:\/\/funky-time.top\/wp-content\/uploads\/2023\/11\/funky-time-1-1024x621.jpg 1024w, https:\/\/funky-time.top\/wp-content\/uploads\/2023\/11\/funky-time-1-300x182.jpg 300w, https:\/\/funky-time.top\/wp-content\/uploads\/2023\/11\/funky-time-1-768x466.jpg 768w, https:\/\/funky-time.top\/wp-content\/uploads\/2023\/11\/funky-time-1-18x12.jpg 18w, https:\/\/funky-time.top\/wp-content\/uploads\/2023\/11\/funky-time-1.jpg 1230w\" sizes=\"auto, (max-width: 1024px) 100vw, 1024px\" \/><\/figure>\n<\/div>\n\n\n<p><strong>Funky Time<\/strong> \u2013 une occasion de faire une pause dans la journ\u00e9e d&#039;\u00e9cole ou de travail et de se d\u00e9tendre avec une musique agr\u00e9able. Le jeu donne \u00e9galement aux utilisateurs enregistr\u00e9s toutes les chances de gagner une grosse somme. Cependant, il est toujours important de rappeler les principes du jeu responsable et de ne pas chercher \u00e0 r\u00e9cup\u00e9rer en cas de s\u00e9rie d\u2019\u00e9checs.<\/p>","protected":false},"excerpt":{"rendered":"<p>\u0421\u0442\u0430\u0442\u0438\u0441\u0442\u0438\u043a\u0430 Funky Time \u2013 \u0438\u0433\u0440\u044b, \u043a\u043e\u0442\u043e\u0440\u0430\u044f \u043f\u0435\u0440\u0435\u043d\u0435\u0441\u0435\u0442 \u0437\u0430\u0440\u0435\u0433\u0438\u0441\u0442\u0440\u0438\u0440\u043e\u0432\u0430\u043d\u043d\u043e\u0433\u043e \u043a\u043b\u0438\u0435\u043d\u0442\u0430 \u043a\u0430\u0437\u0438\u043d\u043e \u0432 \u043c\u0438\u0440 \u043f\u0440\u0438\u044f\u0442\u043d\u043e\u0439 \u043c\u0443\u0437\u044b\u043a\u0438, \u044f\u0440\u043a\u043e\u0439 \u0433\u0440\u0430\u0444\u0438\u043a\u0438 \u0438 \u0434\u0438\u043b\u0435\u0440\u043e\u0432, \u043e\u0434\u0435\u0442\u044b\u0445 \u0432 \u043f\u0435\u0441\u0442\u0440\u044b\u0435 \u043a\u043e\u0441\u0442\u044e\u043c\u044b. \u0418\u0437\u0443\u0447\u0435\u043d\u0438\u0435 \u0441\u0442\u0430\u0442\u0438\u0441\u0442\u0438\u0447\u0435\u0441\u043a\u0438\u0445 \u043f\u043e\u043a\u0430\u0437\u0430\u0442\u0435\u043b\u0435\u0439 \u0438\u0433\u0440\u044b \u0441\u043f\u043e\u0441\u043e\u0431\u043d\u043e \u0441\u0442\u0430\u0442\u044c \u043f\u0440\u0435\u0438\u043c\u0443\u0449\u0435\u0441\u0442\u0432\u043e\u043c \u043b\u044e\u0431\u043e\u0433\u043e \u0438\u0433\u0440\u043e\u043a\u0430, \u0447\u0442\u043e \u0437\u0430\u0438\u043d\u0442\u0435\u0440\u0435\u0441\u043e\u0432\u0430\u043d \u0432 \u043f\u043e\u0431\u0435\u0434\u0435. \u041f\u0440\u0435\u0436\u0434\u0435, \u0447\u0435\u043c \u043f\u0435\u0440\u0435\u0445\u043e\u0434\u0438\u0442\u044c \u043a \u0441\u0442\u0430\u0442\u0438\u0441\u0442\u0438\u043a\u0435 Funky Time, \u043d\u0443\u0436\u043d\u043e \u043f\u043e\u043d\u044f\u0442\u044c, \u043a\u0430\u043a \u0440\u0430\u0441\u043f\u0440\u0435\u0434\u0435\u043b\u044f\u044e\u0442\u0441\u044f \u043f\u043e\u0437\u0438\u0446\u0438\u0438 \u0434\u043b\u044f \u0441\u0438\u043c\u0432\u043e\u043b\u043e\u0432. \u041d\u0430\u0438\u043c\u0435\u043d\u043e\u0432\u0430\u043d\u0438\u0435 \u0441\u0438\u043c\u0432\u043e\u043b\u0430 \u041a\u043e\u043b\u0438\u0447\u0435\u0441\u0442\u0432\u043e \u043f\u043e\u0437\u0438\u0446\u0438\u0439 \u0427\u0418\u0421\u041b\u041e 1&#8230;<\/p>","protected":false},"author":1,"featured_media":0,"parent":0,"menu_order":0,"comment_status":"closed","ping_status":"closed","template":"","meta":{"_kad_post_transparent":"","_kad_post_title":"","_kad_post_layout":"","_kad_post_sidebar_id":"","_kad_post_content_style":"","_kad_post_vertical_padding":"","_kad_post_feature":"","_kad_post_feature_position":"","_kad_post_header":false,"_kad_post_footer":false,"footnotes":""},"class_list":["post-338","page","type-page","status-publish","hentry"],"aioseo_notices":[],"_links":{"self":[{"href":"https:\/\/funky-time.top\/fr_ca\/wp-json\/wp\/v2\/pages\/338","targetHints":{"allow":["GET"]}}],"collection":[{"href":"https:\/\/funky-time.top\/fr_ca\/wp-json\/wp\/v2\/pages"}],"about":[{"href":"https:\/\/funky-time.top\/fr_ca\/wp-json\/wp\/v2\/types\/page"}],"author":[{"embeddable":true,"href":"https:\/\/funky-time.top\/fr_ca\/wp-json\/wp\/v2\/users\/1"}],"replies":[{"embeddable":true,"href":"https:\/\/funky-time.top\/fr_ca\/wp-json\/wp\/v2\/comments?post=338"}],"version-history":[{"count":13,"href":"https:\/\/funky-time.top\/fr_ca\/wp-json\/wp\/v2\/pages\/338\/revisions"}],"predecessor-version":[{"id":465,"href":"https:\/\/funky-time.top\/fr_ca\/wp-json\/wp\/v2\/pages\/338\/revisions\/465"}],"wp:attachment":[{"href":"https:\/\/funky-time.top\/fr_ca\/wp-json\/wp\/v2\/media?parent=338"}],"curies":[{"name":"wp","href":"https:\/\/api.w.org\/{rel}","templated":true}]}}