{"id":335,"date":"2023-12-01T19:19:24","date_gmt":"2023-12-01T16:19:24","guid":{"rendered":"https:\/\/funky-time.top\/?page_id=335"},"modified":"2023-12-02T12:17:33","modified_gmt":"2023-12-02T09:17:33","slug":"play-funky-time","status":"publish","type":"page","link":"https:\/\/funky-time.top\/it\/play-funky-time\/","title":{"rendered":"Come giocare a Funky Time: una guida completa per principianti"},"content":{"rendered":"<p><strong>Funky Time<\/strong> \u00e8 un entusiasmante gioco online che sta gradualmente guadagnando popolarit\u00e0. Adatto sia ai principianti nel mondo del gioco d&#039;azzardo che agli utenti esperti di casin\u00f2 online. Per capire come giocare a Funky Time, devi considerarne le regole, le caratteristiche e le capacit\u00e0.<\/p>\n\n\n\n<div class=\"wp-block-buttons is-content-justification-center is-layout-flex wp-container-core-buttons-is-layout-16018d1d wp-block-buttons-is-layout-flex\">\n<div class=\"wp-block-button\"><a class=\"wp-block-button__link wp-element-button\" href=\"https:\/\/p72zy.bemobtrcks.com\/go\/7c083e47-a62b-4495-90b2-7b8a354eaa14?\">Gioca a Funky Time<\/a><\/div>\n<\/div>\n\n\n\n<p>Lo sviluppo del gioco Funky Time \u00e8 stato realizzato da Evolution Gaming. Il fornitore \u00e8 riuscito a creare un formato unico di intrattenimento online che combina elementi classici dei casin\u00f2 e dei giochi televisivi. Tutto ci\u00f2 rende il gameplay cos\u00ec emozionante e non permette al giocatore di annoiarsi.<\/p>\n\n\n<div class=\"wp-block-image\">\n<figure class=\"aligncenter size-large is-resized\"><img loading=\"lazy\" decoding=\"async\" width=\"1024\" height=\"588\" src=\"https:\/\/funky-time.top\/wp-content\/uploads\/2023\/11\/funky-time-other-1024x588.jpg\" alt=\"Come giocare a Funky Time\" class=\"wp-image-387\" style=\"width:622px;height:auto\" srcset=\"https:\/\/funky-time.top\/wp-content\/uploads\/2023\/11\/funky-time-other-1024x588.jpg 1024w, https:\/\/funky-time.top\/wp-content\/uploads\/2023\/11\/funky-time-other-300x172.jpg 300w, https:\/\/funky-time.top\/wp-content\/uploads\/2023\/11\/funky-time-other-768x441.jpg 768w, https:\/\/funky-time.top\/wp-content\/uploads\/2023\/11\/funky-time-other-18x10.jpg 18w, https:\/\/funky-time.top\/wp-content\/uploads\/2023\/11\/funky-time-other.jpg 1149w\" sizes=\"auto, (max-width: 1024px) 100vw, 1024px\" \/><\/figure>\n<\/div>\n\n<h2 class=\"wp-block-heading\" id=\"%25d0%25ba%25d0%25b0%25d0%25ba-%25d0%25b8%25d0%25b3%25d1%2580%25d0%25b0%25d1%2582%25d1%258c-%25d0%25b2-funky-time\">Come giocare a Funky Time<\/h2>\n\n\n<p>Coloro che vogliono cimentarsi in un gioco entusiasmante di uno sviluppatore famoso dovrebbero seguire alcuni semplici passaggi:<\/p>\n\n\n\n<ol class=\"wp-block-list\">\n<li>Vai al sito ufficiale del casin\u00f2, dove c&#039;\u00e8 Funky Time.<\/li>\n\n\n\n<li>Registrati nel sistema.<\/li>\n\n\n\n<li>Effettua un deposito sul conto.<\/li>\n\n\n\n<li>Fai partire il gioco.<\/li>\n\n\n\n<li>Seleziona la dimensione del chip.<\/li>\n\n\n\n<li>Piazza la tua scommessa sui numeri disponibili e sui giochi bonus.<\/li>\n\n\n\n<li>Inizia a girare la ruota.<\/li>\n<\/ol>\n\n\n\n<div class=\"wp-block-buttons is-content-justification-center is-layout-flex wp-container-core-buttons-is-layout-16018d1d wp-block-buttons-is-layout-flex\">\n<div class=\"wp-block-button\"><a class=\"wp-block-button__link wp-element-button\" href=\"https:\/\/p72zy.bemobtrcks.com\/go\/7c083e47-a62b-4495-90b2-7b8a354eaa14?\">Gioca a Funky Time<\/a><\/div>\n<\/div>\n\n\n\n<p>Se la scommessa dell&#039;utente corrisponde al risultato del giro della ruota, ricever\u00e0 un premio. Alcuni moltiplicatori possono moltiplicare le tue vincite molte volte.<\/p>\n\n\n<h2 class=\"wp-block-heading\" id=\"%25d1%2581%25d1%2582%25d1%2580%25d0%25b0%25d1%2582%25d0%25b5%25d0%25b3%25d0%25b8%25d0%25b8-%25d0%25b8-%25d1%2581%25d0%25be%25d0%25b2%25d0%25b5%25d1%2582%25d1%258b-%25d0%25b4%25d0%25bb%25d1%258f-%25d0%25bd%25d0%25b0%25d1%2587%25d0%25b8%25d0%25bd%25d0%25b0%25d1%258e%25d1%2589%25d0%25b8%25d1%2585-%25d0%25b8%25d0%25b3%25d1%2580\">Strategie e consigli per i nuovi giocatori<\/h2>\n\n\n<p>Funky Time \u00e8 un gioco divertente che piacer\u00e0 sia ai principianti che agli utenti esperti. Pertanto, se vuoi provare qualcosa di nuovo, dovresti dare un&#039;occhiata pi\u00f9 da vicino a questo gioco. E semplici consigli ti aiuteranno a ottenere vincite:<\/p>\n\n\n\n<ul class=\"wp-block-list\">\n<li>studiare le tipologie di scommessa e di vincita ti aiuter\u00e0 a capire quale versione del gioco sar\u00e0 pi\u00f9 redditizia;<\/li>\n\n\n\n<li>\u00c8 meglio iniziare il gioco con piccole puntate, provando gradualmente diverse strategie e introducendone di proprie;<\/li>\n\n\n\n<li>Durante il gioco dovresti prestare attenzione alle statistiche per aumentare le tue possibilit\u00e0 di successo.<\/li>\n<\/ul>\n\n\n\n<p>Inoltre, non dimenticare i giochi bonus. Questo non \u00e8 solo un ottimo modo per aumentare le tue vincite, ma anche per provare l&#039;eccitazione.<\/p>\n\n\n<h2 class=\"wp-block-heading\" id=\"%25d0%25ba%25d0%25b0%25d0%25ba-%25d0%25b8%25d0%25b3%25d1%2580%25d0%25b0%25d1%2582%25d1%258c-%25d0%25b2-funky-time-%25d0%25b1%25d0%25b5%25d1%2581%25d0%25bf%25d0%25bb%25d0%25b0%25d1%2582%25d0%25bd%25d0%25be-%25d0%25be%25d1%2581%25d0%25be%25d0%25b1%25d0%25b5%25d0%25bd%25d0%25bd%25d0%25be%25d1%2581%25d1%2582%25d0%25b8\">Come giocare gratuitamente a Funky Time: caratteristiche e alternative<\/h2>\n\n\n<p>Funky Time non fornisce gioco gratuito. Questo perch\u00e9 si tratta di una slot dal vivo, che prevede il gioco con croupier reali e partecipanti che scommettono soldi veri. Ci\u00f2 per\u00f2 non significa che non ci siano alternative. Puoi guardare la partita in streaming in modo completamente gratuito. Questo formato consentir\u00e0:<\/p>\n\n\n\n<ul class=\"wp-block-list\">\n<li>apprezzare l&#039;atmosfera di intrattenimento;<\/li>\n\n\n\n<li>comprendere le regole e gli schemi di scommessa;<\/li>\n\n\n\n<li>capire se vale la pena giocare a funky time con soldi veri.<\/li>\n<\/ul>\n\n\n\n<p>Per guardare la partita senza prendervi parte \u00e8 necessario:<\/p>\n\n\n\n<ol class=\"wp-block-list\">\n<li>Trova un casin\u00f2 online affidabile che abbia Funky Time.<\/li>\n\n\n\n<li>Vai al sito ufficiale e apri la sezione giochi.<\/li>\n\n\n\n<li>Trova Funky Time e inizia a guardare la trasmissione.<\/li>\n<\/ol>\n\n\n\n<p>Tuttavia non \u00e8 necessario registrarsi nel sistema.<\/p>\n\n\n\n<p>Esiste un\u2019altra opzione per i giochi free-to-play: i bonus del casin\u00f2. Alcuni grandi siti li offrono, consentendo ai giocatori di piazzare scommesse senza spendere i propri soldi. Tuttavia, devi ricordare che ogni bonus ha requisiti di scommessa. Pertanto, prima di attivare un regalo da un casin\u00f2, dovresti familiarizzare con i requisiti di base.<\/p>\n\n\n<h2 class=\"wp-block-heading\" id=\"%25d0%25ba%25d0%25b0%25d0%25ba-%25d0%25b2%25d1%258b%25d0%25b8%25d0%25b3%25d1%2580%25d0%25b0%25d1%2582%25d1%258c-%25d0%25b2-funky-time-%25d1%2581%25d1%2582%25d1%2580%25d0%25b0%25d1%2582%25d0%25b5%25d0%25b3%25d0%25b8%25d0%25b8-%25d0%25b8-%25d1%2581%25d0%25be%25d0%25b2%25d0%25b5%25d1%2582%25d1%258b-%25d0%25b4%25d0%25bb\">Come vincere su Funky Time: strategie e consigli per giocare con successo<\/h2>\n\n\n<p>Funky Time \u00e8 un gioco di pura fortuna, ma esistono diverse strategie che puoi utilizzare per aumentare le tue possibilit\u00e0 di vincita e ottenere il massimo dal gioco. Suggerimenti importanti per un gioco di successo:<\/p>\n\n\n\n<ol class=\"wp-block-list\">\n<li>Devi imparare le regole. Questo \u00e8 il primo punto da non tralasciare. Prima di iniziare il gioco, dovresti leggere attentamente tutte le regole e comprendere i tipi di scommesse. Solo in questo modo il giocatore potr\u00e0 successivamente prendere una decisione equilibrata e informata.<\/li>\n\n\n\n<li>Esistono molte strategie, ma ce n\u2019\u00e8 solo una. Ci\u00f2 significa che alcuni giocatori preferiscono scommettere su determinati numeri, mentre altri potrebbero preferire una strategia che aumenti gradualmente le loro scommesse. Altri ancora scelgono addirittura di giocare con tutti i numeri e di utilizzare attivamente i bonus. Tra i tanti schemi disponibili, dovresti trovare quello pi\u00f9 attraente e seguirlo durante il gioco.<\/li>\n\n\n\n<li>Vale la pena fissare i limiti in anticipo. L&#039;utente deve determinare prima di iniziare il gioco quanto \u00e8 disposto a spendere per il gioco. Inoltre, non \u00e8 consigliabile piazzare scommesse troppo grandi, soprattutto per i principianti.<\/li>\n\n\n\n<li>Le statistiche sono l&#039;asso nella manica di un utente esperto. Con il suo aiuto, puoi determinare lo schema delle vincite e quindi aumentare le tue possibilit\u00e0 di vincita.<\/li>\n\n\n\n<li>Non \u00e8 necessario rinunciare ai giochi bonus. Durante il gioco, l&#039;utente pu\u00f2 ricevere premi aggiuntivi e moltiplicatori per aumentare le vincite. Pertanto, si consiglia di tenere d&#039;occhio la ruota e di non evitare l&#039;opportunit\u00e0 di ricevere una grossa somma.<\/li>\n<\/ol>\n\n\n<div class=\"wp-block-image\">\n<figure class=\"aligncenter size-large is-resized\"><img loading=\"lazy\" decoding=\"async\" width=\"1024\" height=\"536\" src=\"https:\/\/funky-time.top\/wp-content\/uploads\/2023\/11\/funky-time-muzhyk-1024x536.jpg\" alt=\"Come vincere a Funky Time\" class=\"wp-image-388\" style=\"width:611px;height:auto\" srcset=\"https:\/\/funky-time.top\/wp-content\/uploads\/2023\/11\/funky-time-muzhyk-1024x536.jpg 1024w, https:\/\/funky-time.top\/wp-content\/uploads\/2023\/11\/funky-time-muzhyk-300x157.jpg 300w, https:\/\/funky-time.top\/wp-content\/uploads\/2023\/11\/funky-time-muzhyk-768x402.jpg 768w, https:\/\/funky-time.top\/wp-content\/uploads\/2023\/11\/funky-time-muzhyk-1536x804.jpg 1536w, https:\/\/funky-time.top\/wp-content\/uploads\/2023\/11\/funky-time-muzhyk-18x9.jpg 18w, https:\/\/funky-time.top\/wp-content\/uploads\/2023\/11\/funky-time-muzhyk.jpg 1541w\" sizes=\"auto, (max-width: 1024px) 100vw, 1024px\" \/><\/figure>\n<\/div>\n\n\n<p>Seguire i consigli ti aiuter\u00e0 a divertirti giocando a Funky Time. Tuttavia, \u00e8 importante ricordare che tutto il gameplay \u00e8 basato sul caso, quindi non esistono modi garantiti per vincere.<\/p>\n\n\n<h2 class=\"wp-block-heading\" id=\"%25d0%25b7%25d0%25b0%25d0%25ba%25d0%25bb%25d1%258e%25d1%2587%25d0%25b5%25d0%25bd%25d0%25b8%25d0%25b5\">Conclusione<\/h2>\n\n\n<p>Funky Time \u00e8 un&#039;ottima slot per coloro che vogliono divertirsi e fare soldi. Questa non \u00e8 solo un&#039;altra novit\u00e0 nel mondo dei casin\u00f2 online, ma un intrattenimento emozionante e innovativo con elementi interattivi, giochi bonus unici e design colorato. Tutto ci\u00f2 consente al cliente del club di gioco d&#039;azzardo di immergersi nell&#039;atmosfera di un vero spettacolo televisivo.<\/p>\n\n\n\n<p>Puoi giocare a Funky Time solo con soldi veri, ma se lo desideri, l&#039;utente pu\u00f2 guardare la trasmissione gratuitamente o utilizzare i bonus del casin\u00f2. Seguire i consigli e utilizzare le strategie aumenter\u00e0, a sua volta, le tue possibilit\u00e0 di ottenere grandi vincite.<\/p>\n\n\n\n<p><\/p>","protected":false},"excerpt":{"rendered":"<p>Funky Time \u2013 \u0443\u0432\u043b\u0435\u043a\u0430\u0442\u0435\u043b\u044c\u043d\u0430\u044f \u043e\u043d\u043b\u0430\u0439\u043d-\u0438\u0433\u0440\u0430, \u043a\u043e\u0442\u043e\u0440\u0430\u044f \u043f\u043e\u0441\u0442\u0435\u043f\u0435\u043d\u043d\u043e \u043d\u0430\u0431\u0438\u0440\u0430\u0435\u0442 \u043f\u043e\u043f\u0443\u043b\u044f\u0440\u043d\u043e\u0441\u0442\u044c. \u041f\u043e\u0434\u043e\u0439\u0434\u0435\u0442 \u043a\u0430\u043a \u043d\u043e\u0432\u0438\u0447\u043a\u0430\u043c \u0432 \u043c\u0438\u0440\u0435 \u0430\u0437\u0430\u0440\u0442\u0430, \u0442\u0430\u043a \u043e\u043f\u044b\u0442\u043d\u044b\u043c \u043f\u043e\u043b\u044c\u0437\u043e\u0432\u0430\u0442\u0435\u043b\u044f\u043c \u043e\u043d\u043b\u0430\u0439\u043d-\u043a\u0430\u0437\u0438\u043d\u043e. \u0427\u0442\u043e\u0431\u044b \u0440\u0430\u0437\u043e\u0431\u0440\u0430\u0442\u044c\u0441\u044f, \u043a\u0430\u043a \u0438\u0433\u0440\u0430\u0442\u044c \u0432 Funky Time, \u043d\u0443\u0436\u043d\u043e \u0440\u0430\u0441\u0441\u043c\u043e\u0442\u0440\u0435\u0442\u044c \u0435\u0435 \u043f\u0440\u0430\u0432\u0438\u043b\u0430, \u043e\u0441\u043e\u0431\u0435\u043d\u043d\u043e\u0441\u0442\u0438 \u0438 \u0432\u043e\u0437\u043c\u043e\u0436\u043d\u043e\u0441\u0442\u0438. \u0420\u0430\u0437\u0440\u0430\u0431\u043e\u0442\u043a\u043e\u0439 \u0438\u0433\u0440\u044b Funky Time \u0437\u0430\u043d\u0438\u043c\u0430\u043b\u0430\u0441\u044c \u043a\u043e\u043c\u043f\u0430\u043d\u0438\u044f Evolution Gaming. \u041f\u0440\u043e\u0432\u0430\u0439\u0434\u0435\u0440\u0443 \u0443\u0434\u0430\u043b\u043e\u0441\u044c \u0441\u043e\u0437\u0434\u0430\u0442\u044c \u0443\u043d\u0438\u043a\u0430\u043b\u044c\u043d\u044b\u0439 \u0444\u043e\u0440\u043c\u0430\u0442 \u043e\u043d\u043b\u0430\u0439\u043d-\u0440\u0430\u0437\u0432\u043b\u0435\u0447\u0435\u043d\u0438\u0439, \u043a\u043e\u0442\u043e\u0440\u044b\u0439 \u0441\u043e\u0447\u0435\u0442\u0430\u0435\u0442 \u0432 \u0441\u0435\u0431\u0435 \u043a\u043b\u0430\u0441\u0441\u0438\u0447\u0435\u0441\u043a\u0438\u0435 \u044d\u043b\u0435\u043c\u0435\u043d\u0442\u044b \u043a\u0430\u0437\u0438\u043d\u043e \u0438&#8230;<\/p>","protected":false},"author":1,"featured_media":0,"parent":0,"menu_order":0,"comment_status":"closed","ping_status":"closed","template":"","meta":{"_kad_post_transparent":"","_kad_post_title":"","_kad_post_layout":"","_kad_post_sidebar_id":"","_kad_post_content_style":"","_kad_post_vertical_padding":"","_kad_post_feature":"","_kad_post_feature_position":"","_kad_post_header":false,"_kad_post_footer":false,"footnotes":""},"class_list":["post-335","page","type-page","status-publish","hentry"],"aioseo_notices":[],"_links":{"self":[{"href":"https:\/\/funky-time.top\/it\/wp-json\/wp\/v2\/pages\/335","targetHints":{"allow":["GET"]}}],"collection":[{"href":"https:\/\/funky-time.top\/it\/wp-json\/wp\/v2\/pages"}],"about":[{"href":"https:\/\/funky-time.top\/it\/wp-json\/wp\/v2\/types\/page"}],"author":[{"embeddable":true,"href":"https:\/\/funky-time.top\/it\/wp-json\/wp\/v2\/users\/1"}],"replies":[{"embeddable":true,"href":"https:\/\/funky-time.top\/it\/wp-json\/wp\/v2\/comments?post=335"}],"version-history":[{"count":7,"href":"https:\/\/funky-time.top\/it\/wp-json\/wp\/v2\/pages\/335\/revisions"}],"predecessor-version":[{"id":466,"href":"https:\/\/funky-time.top\/it\/wp-json\/wp\/v2\/pages\/335\/revisions\/466"}],"wp:attachment":[{"href":"https:\/\/funky-time.top\/it\/wp-json\/wp\/v2\/media?parent=335"}],"curies":[{"name":"wp","href":"https:\/\/api.w.org\/{rel}","templated":true}]}}