{"id":338,"date":"2023-12-01T19:19:28","date_gmt":"2023-12-01T16:19:28","guid":{"rendered":"https:\/\/funky-time.top\/?page_id=338"},"modified":"2023-12-02T12:17:08","modified_gmt":"2023-12-02T09:17:08","slug":"statistic-funky-time","status":"publish","type":"page","link":"https:\/\/funky-time.top\/it\/statistic-funky-time\/","title":{"rendered":"Statistiche Funky Time"},"content":{"rendered":"<p>Statistiche di Funky Time - un gioco che porter\u00e0 il cliente del casin\u00f2 registrato nel mondo della musica piacevole, della grafica brillante e dei croupier vestiti con costumi colorati. Studiare gli indicatori statistici del gioco pu\u00f2 diventare un vantaggio per qualsiasi giocatore interessato a vincere. Prima di passare alle statistiche Funky Time, \u00e8 necessario comprendere come vengono distribuite le posizioni dei simboli.<\/p>\n\n\n\n<div class=\"wp-block-buttons is-content-justification-center is-layout-flex wp-container-core-buttons-is-layout-16018d1d wp-block-buttons-is-layout-flex\">\n<div class=\"wp-block-button\"><a class=\"wp-block-button__link wp-element-button\" href=\"https:\/\/p72zy.bemobtrcks.com\/go\/7c083e47-a62b-4495-90b2-7b8a354eaa14?\"><strong>Gioca a Funky Time<\/strong><\/a><\/div>\n<\/div>\n\n\n\n<figure class=\"wp-block-table\"><table><tbody><tr><td><strong>Nome del simbolo<\/strong><\/td><td><strong>Numero di posizioni<\/strong><\/td><\/tr><tr><td>NUMERO 1<\/td><td>28<\/td><\/tr><tr><td>GIOCARE<\/td><td>2 per lettera<\/td><\/tr><tr><td>FUNK<\/td><td>2 per lettera<\/td><\/tr><tr><td>TEMPO<\/td><td>2 per lettera<\/td><\/tr><tr><td>SBARRA<\/td><td>6<\/td><\/tr><tr><td>DISCOTECA<\/td><td>3<\/td><\/tr><tr><td>RIMANI VIVO<\/td><td>2<\/td><\/tr><tr><td>DISCOTECA VIP<\/td><td>1<\/td><\/tr><\/tbody><\/table><figcaption class=\"wp-element-caption\">Statistiche e analisi Funky Time<\/figcaption><\/figure>\n\n\n<h2 class=\"wp-block-heading\" id=\"%25d0%25ba%25d0%25be%25d1%258d%25d1%2584%25d1%2584%25d0%25b8%25d1%2586%25d0%25b8%25d0%25b5%25d0%25bd%25d1%2582%25d1%258b-%25d1%2581%25d0%25b8%25d0%25bc%25d0%25b2%25d0%25be%25d0%25bb%25d0%25be%25d0%25b2-funky-time\">Coefficienti del simbolo Funky Time<\/h2>\n\n\n<p>La chiave per vincere \u00e8 capire quali sono le tue possibilit\u00e0 di vincita. S\u00ec, le probabilit\u00e0 esatte dipendono esclusivamente dagli algoritmi delle slot e questo \u00e8 un segreto che gli sviluppatori non rivelano. Tuttavia, c&#039;\u00e8 un piccolo riassunto della frequenza con cui appaiono determinate immagini.<\/p>\n\n\n\n<figure class=\"wp-block-table\"><table><tbody><tr><td><strong>Nome del simbolo<\/strong><\/td><td><strong>Percentuale di caduta, %<\/strong><\/td><td><strong>Possibilit\u00e0 di perdere<\/strong><\/td><\/tr><tr><td>NUMERO 1<\/td><td>43,75<\/td><td>Alto<\/td><\/tr><tr><td>GIOCARE<\/td><td>12,5<\/td><td>Media<\/td><\/tr><tr><td>FUNK<\/td><td>12,5<\/td><td>Media<\/td><\/tr><tr><td>TEMPO<\/td><td>12,5<\/td><td>Media<\/td><\/tr><tr><td>SBARRA<\/td><td>3,38<\/td><td>Media<\/td><\/tr><tr><td>DISCOTECA<\/td><td>4,69<\/td><td>Basso<\/td><\/tr><tr><td>RIMANI VIVO<\/td><td>3,13<\/td><td>Basso<\/td><\/tr><tr><td>DISCOTECA VIP<\/td><td>1,56<\/td><td>Basso<\/td><\/tr><\/tbody><\/table><figcaption class=\"wp-element-caption\">Simboli e quote Funky Time<\/figcaption><\/figure>\n\n\n\n<p>Per giocare a Funky Time, le statistiche sulla caduta dei simboli sono un indicatore indispensabile da studiare. Ci\u00f2 \u00e8 particolarmente vero per gli utenti alle prime armi che, tenendo conto di questa raccomandazione, potranno comprendere i meccanismi del gioco e prepararsi alla vittoria.<\/p>\n\n\n\n<p>Non bisogna per\u00f2 dimenticare che nella maggior parte dei casi il risultato ottenuto \u00e8 puramente casuale. Pertanto, non dovresti provare a riconquistare l&#039;importo perso se hai una serie di fallimenti. \u00c8 meglio interrompere o determinare in anticipo i limiti del gioco in modo da non correre il rischio di perdere l&#039;intero bankroll.<\/p>\n\n\n\n<div class=\"wp-block-buttons is-content-justification-center is-layout-flex wp-container-core-buttons-is-layout-16018d1d wp-block-buttons-is-layout-flex\">\n<div class=\"wp-block-button\"><a class=\"wp-block-button__link wp-element-button\" href=\"https:\/\/p72zy.bemobtrcks.com\/go\/7c083e47-a62b-4495-90b2-7b8a354eaa14?\"><strong>Gioca a Funky Time<\/strong><\/a><\/div>\n<\/div>\n\n\n<h2 class=\"wp-block-heading\" id=\"%25d1%2581%25d1%2582%25d0%25b0%25d1%2582%25d0%25b8%25d1%2581%25d1%2582%25d0%25b8%25d0%25ba%25d0%25b0-%25d0%25be%25d0%25bd%25d0%25bb%25d0%25b0%25d0%25b9%25d0%25bd%25d0%25ba%25d0%25b0%25d0%25b7%25d0%25b8%25d0%25bd%25d0%25be\">Statistiche dei casin\u00f2 online<\/h2>\n\n\n<p>Il casin\u00f2 online offre ai giocatori ampie statistiche, il cui corretto utilizzo consente loro di comprendere meglio le caratteristiche di qualsiasi slot e comprendere le dinamiche di qualsiasi gioco. Aiuta anche molte persone a costruire una strategia vincente unica. Le statistiche includono quanto segue:<\/p>\n\n\n\n<ol class=\"wp-block-list\">\n<li>Tempo di offerta. Il giocatore pu\u00f2 vedere quando \u00e8 stata effettuata l&#039;ultima scommessa. Questo permette di capire quando il gioco ha periodi attivi e quando \u00e8 tranquillo.<\/li>\n\n\n\n<li>Importo della scommessa. Mostra gli importi scommessi dai giocatori. Utilizzando queste informazioni, un nuovo utente pu\u00f2 concludere quali scommesse hanno dato la migliore risposta sotto forma di grandi importi o bonus.<\/li>\n\n\n\n<li>Soprannome dell&#039;utente. Questa statistica \u00e8 pi\u00f9 rilevante per i clienti di casin\u00f2 esperti che amano competere con altri giocatori.<\/li>\n\n\n\n<li>Moltiplicatore di scommessa. Il numero mostra quante volte la scommessa dell&#039;utente \u00e8 stata aumentata dopo aver vinto. Vale la pena guardarlo per chi \u00e8 interessato a comprendere il potenziale delle scommesse.<\/li>\n\n\n\n<li>Vincite. Le statistiche di molti casin\u00f2 forniscono dati sugli importi che i clienti hanno ricevuto giocando a Funky Time.<\/li>\n\n\n\n<li>Valuta della scommessa. A volte pu\u00f2 essere utile sapere in quale valuta erano le beta precedenti. Ci\u00f2 si riflette anche nelle statistiche.<\/li>\n\n\n\n<li>Storia del gioco. A volte puoi guardare i dati dei giochi precedenti in Funky Time, che ti consentono di identificare eventuali tendenze.<\/li>\n\n\n\n<li>Frequenza di ricezione dei bonus. Funky Time ha diversi giri e simboli bonus che garantiscono grandi vincite. Nelle statistiche puoi vedere la frequenza con cui si verificano in modo da pianificare intervalli ideali.<\/li>\n\n\n\n<li>RTP. Il tasso di rendimento si riferisce anche alle statistiche. Con il suo aiuto, l&#039;utente potr\u00e0 determinare quanto ricever\u00e0 dalle sue scommesse.<\/li>\n<\/ol>\n\n\n<div class=\"wp-block-image\">\n<figure class=\"aligncenter size-full\"><img loading=\"lazy\" decoding=\"async\" width=\"665\" height=\"324\" src=\"https:\/\/funky-time.top\/wp-content\/uploads\/2023\/11\/funky-time-stats-72-hours.jpg\" alt=\"Statistiche funky time per 72 ore\" class=\"wp-image-424\" srcset=\"https:\/\/funky-time.top\/wp-content\/uploads\/2023\/11\/funky-time-stats-72-hours.jpg 665w, https:\/\/funky-time.top\/wp-content\/uploads\/2023\/11\/funky-time-stats-72-hours-300x146.jpg 300w, https:\/\/funky-time.top\/wp-content\/uploads\/2023\/11\/funky-time-stats-72-hours-18x9.jpg 18w\" sizes=\"auto, (max-width: 665px) 100vw, 665px\" \/><\/figure>\n<\/div>\n\n\n<p>Le statistiche del casin\u00f2 sono uno strumento generale che pu\u00f2 essere utilizzato, ma su cui non si dovrebbe fare affidamento quando si gioca a Funky Time. Puoi tenere conto dei dati visualizzati dalla piattaforma, ma allo stesso tempo tenere conto delle tue capacit\u00e0 finanziarie e non lasciarti guidare dalle emozioni o dal desiderio di battere qualcuno.<\/p>\n\n\n<h2 class=\"wp-block-heading\" id=\"%25d0%25b2%25d1%258b%25d0%25b2%25d0%25be%25d0%25b4%25d1%258b\">conclusioni<\/h2>\n\n\n<p><strong>Gioco Funky Time<\/strong> pieno di divertimento, che \u00e8 ci\u00f2 che lo rende cos\u00ec interessante. Ogni giocatore ha la possibilit\u00e0 di vincere qualsiasi round, motivo per cui l&#039;intrattenimento \u00e8 popolare in molti casin\u00f2 online. Per aumentare le possibilit\u00e0 di vincita, l&#039;utente dovrebbe prestare particolare attenzione agli indicatori statistici che aiuteranno a migliorare la strategia scelta.<\/p>\n\n\n<div class=\"wp-block-image\">\n<figure class=\"aligncenter size-large is-resized\"><img loading=\"lazy\" decoding=\"async\" width=\"1024\" height=\"621\" src=\"https:\/\/funky-time.top\/wp-content\/uploads\/2023\/11\/funky-time-1-1024x621.jpg\" alt=\"Statistiche del casin\u00f2 funky time\" class=\"wp-image-426\" style=\"width:702px;height:auto\" srcset=\"https:\/\/funky-time.top\/wp-content\/uploads\/2023\/11\/funky-time-1-1024x621.jpg 1024w, https:\/\/funky-time.top\/wp-content\/uploads\/2023\/11\/funky-time-1-300x182.jpg 300w, https:\/\/funky-time.top\/wp-content\/uploads\/2023\/11\/funky-time-1-768x466.jpg 768w, https:\/\/funky-time.top\/wp-content\/uploads\/2023\/11\/funky-time-1-18x12.jpg 18w, https:\/\/funky-time.top\/wp-content\/uploads\/2023\/11\/funky-time-1.jpg 1230w\" sizes=\"auto, (max-width: 1024px) 100vw, 1024px\" \/><\/figure>\n<\/div>\n\n\n<p><strong>Funky Time<\/strong> \u2013 un\u2019occasione per prendersi una pausa dalla giornata scolastica o lavorativa e rilassarsi con musica piacevole. Il gioco offre inoltre agli utenti registrati la possibilit\u00e0 di vincere una grossa somma. Tuttavia, \u00e8 sempre importante ricordare i principi del gioco d\u2019azzardo responsabile e non cercare di recuperare in caso di una serie di fallimenti.<\/p>","protected":false},"excerpt":{"rendered":"<p>\u0421\u0442\u0430\u0442\u0438\u0441\u0442\u0438\u043a\u0430 Funky Time \u2013 \u0438\u0433\u0440\u044b, \u043a\u043e\u0442\u043e\u0440\u0430\u044f \u043f\u0435\u0440\u0435\u043d\u0435\u0441\u0435\u0442 \u0437\u0430\u0440\u0435\u0433\u0438\u0441\u0442\u0440\u0438\u0440\u043e\u0432\u0430\u043d\u043d\u043e\u0433\u043e \u043a\u043b\u0438\u0435\u043d\u0442\u0430 \u043a\u0430\u0437\u0438\u043d\u043e \u0432 \u043c\u0438\u0440 \u043f\u0440\u0438\u044f\u0442\u043d\u043e\u0439 \u043c\u0443\u0437\u044b\u043a\u0438, \u044f\u0440\u043a\u043e\u0439 \u0433\u0440\u0430\u0444\u0438\u043a\u0438 \u0438 \u0434\u0438\u043b\u0435\u0440\u043e\u0432, \u043e\u0434\u0435\u0442\u044b\u0445 \u0432 \u043f\u0435\u0441\u0442\u0440\u044b\u0435 \u043a\u043e\u0441\u0442\u044e\u043c\u044b. \u0418\u0437\u0443\u0447\u0435\u043d\u0438\u0435 \u0441\u0442\u0430\u0442\u0438\u0441\u0442\u0438\u0447\u0435\u0441\u043a\u0438\u0445 \u043f\u043e\u043a\u0430\u0437\u0430\u0442\u0435\u043b\u0435\u0439 \u0438\u0433\u0440\u044b \u0441\u043f\u043e\u0441\u043e\u0431\u043d\u043e \u0441\u0442\u0430\u0442\u044c \u043f\u0440\u0435\u0438\u043c\u0443\u0449\u0435\u0441\u0442\u0432\u043e\u043c \u043b\u044e\u0431\u043e\u0433\u043e \u0438\u0433\u0440\u043e\u043a\u0430, \u0447\u0442\u043e \u0437\u0430\u0438\u043d\u0442\u0435\u0440\u0435\u0441\u043e\u0432\u0430\u043d \u0432 \u043f\u043e\u0431\u0435\u0434\u0435. \u041f\u0440\u0435\u0436\u0434\u0435, \u0447\u0435\u043c \u043f\u0435\u0440\u0435\u0445\u043e\u0434\u0438\u0442\u044c \u043a \u0441\u0442\u0430\u0442\u0438\u0441\u0442\u0438\u043a\u0435 Funky Time, \u043d\u0443\u0436\u043d\u043e \u043f\u043e\u043d\u044f\u0442\u044c, \u043a\u0430\u043a \u0440\u0430\u0441\u043f\u0440\u0435\u0434\u0435\u043b\u044f\u044e\u0442\u0441\u044f \u043f\u043e\u0437\u0438\u0446\u0438\u0438 \u0434\u043b\u044f \u0441\u0438\u043c\u0432\u043e\u043b\u043e\u0432. \u041d\u0430\u0438\u043c\u0435\u043d\u043e\u0432\u0430\u043d\u0438\u0435 \u0441\u0438\u043c\u0432\u043e\u043b\u0430 \u041a\u043e\u043b\u0438\u0447\u0435\u0441\u0442\u0432\u043e \u043f\u043e\u0437\u0438\u0446\u0438\u0439 \u0427\u0418\u0421\u041b\u041e 1&#8230;<\/p>","protected":false},"author":1,"featured_media":0,"parent":0,"menu_order":0,"comment_status":"closed","ping_status":"closed","template":"","meta":{"_kad_post_transparent":"","_kad_post_title":"","_kad_post_layout":"","_kad_post_sidebar_id":"","_kad_post_content_style":"","_kad_post_vertical_padding":"","_kad_post_feature":"","_kad_post_feature_position":"","_kad_post_header":false,"_kad_post_footer":false,"footnotes":""},"class_list":["post-338","page","type-page","status-publish","hentry"],"aioseo_notices":[],"_links":{"self":[{"href":"https:\/\/funky-time.top\/it\/wp-json\/wp\/v2\/pages\/338","targetHints":{"allow":["GET"]}}],"collection":[{"href":"https:\/\/funky-time.top\/it\/wp-json\/wp\/v2\/pages"}],"about":[{"href":"https:\/\/funky-time.top\/it\/wp-json\/wp\/v2\/types\/page"}],"author":[{"embeddable":true,"href":"https:\/\/funky-time.top\/it\/wp-json\/wp\/v2\/users\/1"}],"replies":[{"embeddable":true,"href":"https:\/\/funky-time.top\/it\/wp-json\/wp\/v2\/comments?post=338"}],"version-history":[{"count":13,"href":"https:\/\/funky-time.top\/it\/wp-json\/wp\/v2\/pages\/338\/revisions"}],"predecessor-version":[{"id":465,"href":"https:\/\/funky-time.top\/it\/wp-json\/wp\/v2\/pages\/338\/revisions\/465"}],"wp:attachment":[{"href":"https:\/\/funky-time.top\/it\/wp-json\/wp\/v2\/media?parent=338"}],"curies":[{"name":"wp","href":"https:\/\/api.w.org\/{rel}","templated":true}]}}