{"id":342,"date":"2023-12-01T19:19:18","date_gmt":"2023-12-01T16:19:18","guid":{"rendered":"https:\/\/funky-time.top\/?page_id=342"},"modified":"2023-12-02T12:16:41","modified_gmt":"2023-12-02T09:16:41","slug":"funky-time-casino","status":"publish","type":"page","link":"https:\/\/funky-time.top\/it\/funky-time-casino\/","title":{"rendered":"Funky Time nei migliori casin\u00f2 online"},"content":{"rendered":"<p>Il gioco online Funky Time del miglior sviluppatore di intrattenimento per il gioco d&#039;azzardo conquister\u00e0 chiunque con la sua grafica unica e l&#039;atmosfera divertente. Oltre a questo c&#039;\u00e8 un suono piacevole e una meccanica di gioco emozionante. Dopo aver lanciato Funky Time, il cliente del casin\u00f2 sar\u00e0 immerso in un mondo incredibile pieno di musica e balli; verr\u00e0 accolto sul campo da gioco da un croupier vestito con un abito luminoso. Ogni rotazione della ruota regaler\u00e0 nuove emozioni.<\/p>\n\n\n\n<div class=\"wp-block-buttons is-content-justification-center is-layout-flex wp-container-core-buttons-is-layout-16018d1d wp-block-buttons-is-layout-flex\">\n<div class=\"wp-block-button\"><a class=\"wp-block-button__link wp-element-button\" href=\"https:\/\/p72zy.bemobtrcks.com\/go\/7c083e47-a62b-4495-90b2-7b8a354eaa14?\"><strong>Gioca a Funky Time<\/strong><\/a><\/div>\n<\/div>\n\n\n\n<p>Si consiglia di giocare a Funky Time solo in casin\u00f2 affidabili che garantiscono pagamenti puntuali ed equi. Non \u00e8 sempre possibile trovare una piattaforma del genere, ma \u00e8 possibile se si tengono conto di alcuni consigli.<\/p>\n\n\n<h2 class=\"wp-block-heading\" id=\"%25d0%25ba%25d0%25b0%25d0%25ba-%25d0%25bc%25d1%258b-%25d0%25bd%25d0%25b0%25d1%2585%25d0%25be%25d0%25b4%25d0%25b8%25d0%25bc-%25d0%25bb%25d1%2583%25d1%2587%25d1%2588%25d0%25b8%25d0%25b5-%25d0%25ba%25d0%25b0%25d0%25b7%25d0%25b8%25d0%25bd%25d0%25be-%25d0%25b4%25d0%25bb%25d1%258f-%25d0%25b8%25d0%25b3%25d1%2580%25d1%258b-%25d0%25b2\">Come troviamo i migliori casin\u00f2 in cui giocare a Funky Time?<\/h2>\n\n\n<p>A differenza della maggior parte degli altri siti, la nostra risorsa adotta un approccio speciale nella scelta dei migliori casin\u00f2 online in cui puoi giocare a Funky Time. Principali criteri di ricerca:<\/p>\n\n\n\n<ol class=\"wp-block-list\">\n<li>Licenza. Questa \u00e8 la prima cosa che guardiamo quando cerchiamo un sito di gioco d\u2019azzardo affidabile. Avere una licenza garantisce un gioco corretto e sicuro, nonch\u00e9 pagamenti tempestivi. \u00c8 importante che il documento sia rilasciato da un rispettabile regolatore del gioco d&#039;azzardo.<\/li>\n\n\n\n<li>Sicurezza. Un potenziale cliente \u00e8 sempre interessato a garantire che i suoi dati durante la registrazione non cadano nelle mani di terzi. Solo i casin\u00f2 onesti e affidabili che utilizzano una crittografia speciale possono garantirlo.<\/li>\n\n\n\n<li>Politica dei bonus. Studiamo attentamente la politica dei bonus: dall&#039;entit\u00e0 dei regali alle condizioni di scommessa.<\/li>\n\n\n\n<li>Disponibilit\u00e0 di Funky Time. Prestiamo particolare attenzione anche a questo punto. \u00c8 importante che il gioco si avvii facilmente e funzioni perfettamente su qualsiasi dispositivo.<\/li>\n\n\n\n<li>Servizio di assistenza. Un casin\u00f2 affidabile offre l&#039;opportunit\u00e0 di contattare rapidamente un dipendente della hotline per risolvere domande e problemi che potrebbero sorgere durante il gioco. I migliori casin\u00f2 online offrono almeno 3 modi per contattare il supporto tecnico.<\/li>\n\n\n\n<li>Sistemi di pagamento. Quando cerchiamo un casin\u00f2, studiamo i metodi disponibili per ricaricare il tuo account e ricevere pagamenti. Le migliori piattaforme hanno una vasta gamma di sistemi di pagamento e un\u2019elaborazione rapida delle transazioni.<\/li>\n<\/ol>\n\n\n\n<p>Inoltre, teniamo in considerazione la reputazione dell&#039;azienda. Questo pu\u00f2 essere fatto leggendo recensioni, recensioni. Il nostro approccio \u00e8 unico perch\u00e9 affronta diversi punti importanti contemporaneamente. Siamo imparziali nelle nostre valutazioni, quindi puoi fidarti di noi.<\/p>\n\n\n<h2 class=\"wp-block-heading\" id=\"%25d0%25b7%25d0%25b0%25d0%25ba%25d0%25bb%25d1%258e%25d1%2587%25d0%25b5%25d0%25bd%25d0%25b8%25d0%25b5\">Conclusione<\/h2>\n\n\n<p>Ci prendiamo cura di fornire agli utenti della nostra risorsa solo siti affidabili per giocare a Funky Time. L&#039;elenco dei migliori casin\u00f2 online viene aggiornato periodicamente: compaiono nuove piattaforme e cambiano i posti dei leader.<\/p>\n\n\n<h2 class=\"wp-block-heading\" id=\"faq\">FAQ<\/h2>\n\n<h3 class=\"wp-block-heading\" id=\"%25d0%25b2-%25d0%25ba%25d0%25b0%25d0%25ba%25d0%25b8%25d1%2585-%25d0%25be%25d0%25bd%25d0%25bb%25d0%25b0%25d0%25b9%25d0%25bd-%25d0%25ba%25d0%25b0%25d0%25b7%25d0%25b8%25d0%25bd%25d0%25be-%25d1%258f-%25d0%25bc%25d0%25be%25d0%25b3%25d1%2583-%25d0%25b8%25d0%25b3%25d1%2580%25d0%25b0%25d1%2582%25d1%258c-%25d0%25b2-funky-time\">In quali casin\u00f2 online posso giocare a Funky Time?<\/h3>\n\n\n<p>Il sito presenta l&#039;ultimo TOP dei migliori casin\u00f2 online dove puoi giocare con soldi su Funky Time.<\/p>\n\n\n<h3 class=\"wp-block-heading\" id=\"%25d0%25ba%25d0%25b0%25d0%25ba-%25d0%25b2%25d1%258b%25d0%25b1%25d1%2580%25d0%25b0%25d1%2582%25d1%258c-%25d0%25bb%25d1%2583%25d1%2587%25d1%2588%25d0%25b5%25d0%25b5-%25d0%25ba%25d0%25b0%25d0%25b7%25d0%25b8%25d0%25bd%25d0%25be-%25d0%25b4%25d0%25bb%25d1%258f-%25d0%25b8%25d0%25b3%25d1%2580%25d1%258b-%25d0%25b2-funky-time\">Come scegliere il miglior casin\u00f2 per giocare a Funky Time?<\/h3>\n\n\n<p>Quando si sceglie un casin\u00f2 online, si consiglia innanzitutto di tenere conto della disponibilit\u00e0 di una licenza, della gamma di sistemi di pagamento, della sicurezza e dei metodi per contattare l&#039;assistenza. Vale anche la pena verificare la convenienza dell&#039;Funky Time.<\/p>\n\n\n<h3 class=\"wp-block-heading\" id=\"%25d1%258f-%25d0%25bd%25d0%25be%25d0%25b2%25d0%25b8%25d1%2587%25d0%25be%25d0%25ba-%25d0%25b2-funky-time-%25d0%25b5%25d1%2581%25d1%2582%25d1%258c-%25d0%25ba%25d0%25b0%25d0%25ba%25d0%25b8%25d0%25b5%25d0%25bd%25d0%25b8%25d0%25b1%25d1%2583%25d0%25b4%25d1%258c-%25d1%2581%25d0%25be%25d0%25b2%25d0%25b5%25d1%2582%25d1%258b\">Sono nuovo su Funky Time, qualche consiglio?<\/h3>\n\n\n<p>L&#039;obiettivo principale di Funky Time \u00e8 divertirsi. Non concentrarti sull&#039;ottenimento di una grande vincita o sul tentativo di battere un altro giocatore. Ci\u00f2 di solito si traduce in una perdita di fondi e in un peggioramento dell\u2019umore. Fare pratica, studiare le regole del gioco, guardare le trasmissioni e tenere traccia delle statistiche ti aiuter\u00e0 ad aumentare le tue possibilit\u00e0 di vincita.<\/p>\n\n\n<h3 class=\"wp-block-heading\" id=\"%25d1%2581%25d1%2583%25d1%2589%25d0%25b5%25d1%2581%25d1%2582%25d0%25b2%25d1%2583%25d1%258e%25d1%2582-%25d0%25bb%25d0%25b8-%25d0%25bc%25d0%25be%25d0%25b1%25d0%25b8%25d0%25bb%25d1%258c%25d0%25bd%25d1%258b%25d0%25b5-%25d0%25b2%25d0%25b5%25d1%2580%25d1%2581%25d0%25b8%25d0%25b8-%25d0%25ba%25d0%25b0%25d0%25b7%25d0%25b8%25d0%25bd\">Esistono versioni di casin\u00f2 mobile per giocare a Funky Time?<\/h3>\n\n\n<p>S\u00ec, molti casin\u00f2 dispongono di applicazioni mobili e versioni mobili delle loro piattaforme. Pertanto, puoi avviare Funky Time da uno smartphone, tablet o altro dispositivo.<\/p>\n\n\n<h3 class=\"wp-block-heading\" id=\"%25d0%25b1%25d0%25b5%25d0%25b7%25d0%25be%25d0%25bf%25d0%25b0%25d1%2581%25d0%25bd%25d0%25be-%25d0%25bb%25d0%25b8-%25d0%25b8%25d0%25b3%25d1%2580%25d0%25b0%25d1%2582%25d1%258c-%25d0%25b2-funky-time-%25d0%25b2-%25d0%25ba%25d0%25b0%25d0%25b7%25d0%25b8%25d0%25bd%25d0%25be-%25d0%25ba%25d0%25be%25d1%2582%25d0%25be%25d1%2580\">\u00c8 sicuro giocare a Funky Time nei casin\u00f2 che consigli?<\/h3>\n\n\n<p>Quando compiliamo la valutazione, controlliamo attentamente che ciascuna piattaforma rispetti i criteri e i requisiti di base: dalla licenza alle modalit\u00e0 di contatto con l&#039;assistenza. Esaminiamo anche l&#039;uso delle moderne tecnologie di crittografia da parte dei casin\u00f2 online, che garantiscono la protezione dei dati degli utenti.<\/p>","protected":false},"excerpt":{"rendered":"<p>\u041e\u043d\u043b\u0430\u0439\u043d-\u0438\u0433\u0440\u0430 Funky Time \u043e\u0442 \u043b\u0443\u0447\u0448\u0435\u0433\u043e \u0440\u0430\u0437\u0440\u0430\u0431\u043e\u0442\u0447\u0438\u043a\u0430 \u0430\u0437\u0430\u0440\u0442\u043d\u044b\u0445 \u0440\u0430\u0437\u0432\u043b\u0435\u0447\u0435\u043d\u0438\u0439 \u043f\u043e\u043a\u043e\u0440\u0438\u0442 \u043b\u044e\u0431\u043e\u0433\u043e \u0443\u043d\u0438\u043a\u0430\u043b\u044c\u043d\u043e\u0439 \u0433\u0440\u0430\u0444\u0438\u043a\u043e\u0439 \u0438 \u0432\u0435\u0441\u0435\u043b\u043e\u0439 \u0430\u0442\u043c\u043e\u0441\u0444\u0435\u0440\u043e\u0439. \u0412 \u0434\u043e\u043f\u043e\u043b\u043d\u0435\u043d\u0438\u0435 \u043a \u044d\u0442\u043e\u043c\u0443 \u0438\u0434\u0435\u0442 \u043f\u0440\u0438\u044f\u0442\u043d\u044b\u0439 \u0437\u0432\u0443\u043a \u0438 \u0437\u0430\u0445\u0432\u0430\u0442\u044b\u0432\u0430\u044e\u0449\u0430\u044f \u0438\u0433\u0440\u043e\u0432\u0430\u044f \u043c\u0435\u0445\u0430\u043d\u0438\u043a\u0430. \u041f\u043e\u0441\u043b\u0435 \u0437\u0430\u043f\u0443\u0441\u043a\u0430 Funky Time \u043a\u043b\u0438\u0435\u043d\u0442 \u043a\u0430\u0437\u0438\u043d\u043e \u043f\u043e\u0433\u0440\u0443\u0437\u0438\u0442\u0441\u044f \u0432 \u043d\u0435\u0432\u0435\u0440\u043e\u044f\u0442\u043d\u044b\u0439 \u043c\u0438\u0440, \u043d\u0430\u043f\u043e\u043b\u043d\u0435\u043d\u043d\u043e\u0439 \u043c\u0443\u0437\u044b\u043a\u043e\u0439 \u0438 \u0442\u0430\u043d\u0446\u0430\u043c\u0438, \u043d\u0430 \u0438\u0433\u0440\u043e\u0432\u043e\u043c \u043f\u043e\u043b\u0435 \u0435\u0433\u043e \u0432\u0441\u0442\u0440\u0435\u0442\u0438\u0442 \u0434\u0438\u043b\u0435\u0440, \u043e\u0434\u0435\u0442\u044b\u0439 \u0432 \u044f\u0440\u043a\u0438\u0439 \u043a\u043e\u0441\u0442\u044e\u043c. \u041a\u0430\u0436\u0434\u043e\u0435 \u0432\u0440\u0430\u0449\u0435\u043d\u0438\u0435 \u043a\u043e\u043b\u0435\u0441\u0430 \u0431\u0443\u0434\u0435\u0442 \u0434\u0430\u0440\u0438\u0442\u044c&#8230;<\/p>","protected":false},"author":1,"featured_media":0,"parent":0,"menu_order":0,"comment_status":"closed","ping_status":"closed","template":"","meta":{"_kad_post_transparent":"","_kad_post_title":"","_kad_post_layout":"","_kad_post_sidebar_id":"","_kad_post_content_style":"","_kad_post_vertical_padding":"","_kad_post_feature":"","_kad_post_feature_position":"","_kad_post_header":false,"_kad_post_footer":false,"footnotes":""},"class_list":["post-342","page","type-page","status-publish","hentry"],"aioseo_notices":[],"_links":{"self":[{"href":"https:\/\/funky-time.top\/it\/wp-json\/wp\/v2\/pages\/342","targetHints":{"allow":["GET"]}}],"collection":[{"href":"https:\/\/funky-time.top\/it\/wp-json\/wp\/v2\/pages"}],"about":[{"href":"https:\/\/funky-time.top\/it\/wp-json\/wp\/v2\/types\/page"}],"author":[{"embeddable":true,"href":"https:\/\/funky-time.top\/it\/wp-json\/wp\/v2\/users\/1"}],"replies":[{"embeddable":true,"href":"https:\/\/funky-time.top\/it\/wp-json\/wp\/v2\/comments?post=342"}],"version-history":[{"count":5,"href":"https:\/\/funky-time.top\/it\/wp-json\/wp\/v2\/pages\/342\/revisions"}],"predecessor-version":[{"id":462,"href":"https:\/\/funky-time.top\/it\/wp-json\/wp\/v2\/pages\/342\/revisions\/462"}],"wp:attachment":[{"href":"https:\/\/funky-time.top\/it\/wp-json\/wp\/v2\/media?parent=342"}],"curies":[{"name":"wp","href":"https:\/\/api.w.org\/{rel}","templated":true}]}}