{"id":335,"date":"2023-12-01T19:19:24","date_gmt":"2023-12-01T16:19:24","guid":{"rendered":"https:\/\/funky-time.top\/?page_id=335"},"modified":"2023-12-02T12:17:33","modified_gmt":"2023-12-02T09:17:33","slug":"play-funky-time","status":"publish","type":"page","link":"https:\/\/funky-time.top\/pt\/play-funky-time\/","title":{"rendered":"Como jogar Funky Time: um guia completo para iniciantes"},"content":{"rendered":"<p><strong>Funky Time<\/strong> \u00e9 um jogo online emocionante que est\u00e1 gradualmente ganhando popularidade. Adequado tanto para iniciantes no mundo do jogo quanto para usu\u00e1rios experientes de cassino online. Para descobrir como jogar Funky Time, voc\u00ea precisa considerar suas regras, recursos e capacidades.<\/p>\n\n\n\n<div class=\"wp-block-buttons is-content-justification-center is-layout-flex wp-container-core-buttons-is-layout-16018d1d wp-block-buttons-is-layout-flex\">\n<div class=\"wp-block-button\"><a class=\"wp-block-button__link wp-element-button\" href=\"https:\/\/p72zy.bemobtrcks.com\/go\/7c083e47-a62b-4495-90b2-7b8a354eaa14?\">Jogue Funky Time<\/a><\/div>\n<\/div>\n\n\n\n<p>O desenvolvimento do jogo Funky Time foi realizado pela Evolution Gaming. O fornecedor conseguiu criar um formato \u00fanico de entretenimento online que combina elementos cl\u00e1ssicos de casinos e jogos de televis\u00e3o. Tudo isso torna a jogabilidade t\u00e3o emocionante e n\u00e3o permite que o jogador fique entediado.<\/p>\n\n\n<div class=\"wp-block-image\">\n<figure class=\"aligncenter size-large is-resized\"><img loading=\"lazy\" decoding=\"async\" width=\"1024\" height=\"588\" src=\"https:\/\/funky-time.top\/wp-content\/uploads\/2023\/11\/funky-time-other-1024x588.jpg\" alt=\"Como jogar Funky Time\" class=\"wp-image-387\" style=\"width:622px;height:auto\" srcset=\"https:\/\/funky-time.top\/wp-content\/uploads\/2023\/11\/funky-time-other-1024x588.jpg 1024w, https:\/\/funky-time.top\/wp-content\/uploads\/2023\/11\/funky-time-other-300x172.jpg 300w, https:\/\/funky-time.top\/wp-content\/uploads\/2023\/11\/funky-time-other-768x441.jpg 768w, https:\/\/funky-time.top\/wp-content\/uploads\/2023\/11\/funky-time-other-18x10.jpg 18w, https:\/\/funky-time.top\/wp-content\/uploads\/2023\/11\/funky-time-other.jpg 1149w\" sizes=\"auto, (max-width: 1024px) 100vw, 1024px\" \/><\/figure>\n<\/div>\n\n<h2 class=\"wp-block-heading\" id=\"%25d0%25ba%25d0%25b0%25d0%25ba-%25d0%25b8%25d0%25b3%25d1%2580%25d0%25b0%25d1%2582%25d1%258c-%25d0%25b2-funky-time\">Como jogar Funky Time<\/h2>\n\n\n<p>Aqueles que desejam experimentar um jogo emocionante de um desenvolvedor popular devem seguir alguns passos simples:<\/p>\n\n\n\n<ol class=\"wp-block-list\">\n<li>Acesse o site oficial do cassino, onde existe Funky Time.<\/li>\n\n\n\n<li>Cadastre-se no sistema.<\/li>\n\n\n\n<li>Fa\u00e7a um dep\u00f3sito na conta.<\/li>\n\n\n\n<li>Iniciar o jogo.<\/li>\n\n\n\n<li>Selecione o tamanho do chip.<\/li>\n\n\n\n<li>Fa\u00e7a sua aposta nos n\u00fameros dispon\u00edveis e nos jogos de b\u00f4nus.<\/li>\n\n\n\n<li>Comece a girar a roda.<\/li>\n<\/ol>\n\n\n\n<div class=\"wp-block-buttons is-content-justification-center is-layout-flex wp-container-core-buttons-is-layout-16018d1d wp-block-buttons-is-layout-flex\">\n<div class=\"wp-block-button\"><a class=\"wp-block-button__link wp-element-button\" href=\"https:\/\/p72zy.bemobtrcks.com\/go\/7c083e47-a62b-4495-90b2-7b8a354eaa14?\">Jogue Funky Time<\/a><\/div>\n<\/div>\n\n\n\n<p>Caso a aposta do usu\u00e1rio corresponda ao resultado do giro da roda, ele receber\u00e1 um pr\u00eamio. Alguns multiplicadores podem multiplicar seus ganhos muitas vezes.<\/p>\n\n\n<h2 class=\"wp-block-heading\" id=\"%25d1%2581%25d1%2582%25d1%2580%25d0%25b0%25d1%2582%25d0%25b5%25d0%25b3%25d0%25b8%25d0%25b8-%25d0%25b8-%25d1%2581%25d0%25be%25d0%25b2%25d0%25b5%25d1%2582%25d1%258b-%25d0%25b4%25d0%25bb%25d1%258f-%25d0%25bd%25d0%25b0%25d1%2587%25d0%25b8%25d0%25bd%25d0%25b0%25d1%258e%25d1%2589%25d0%25b8%25d1%2585-%25d0%25b8%25d0%25b3%25d1%2580\">Estrat\u00e9gias e dicas para novos jogadores<\/h2>\n\n\n<p>Funky Time \u00e9 um jogo divertido que ir\u00e1 agradar tanto a iniciantes quanto a usu\u00e1rios experientes. Portanto, se voc\u00ea quiser experimentar algo novo, d\u00ea uma olhada neste jogo. E recomenda\u00e7\u00f5es simples ir\u00e3o ajud\u00e1-lo a obter ganhos:<\/p>\n\n\n\n<ul class=\"wp-block-list\">\n<li>estudar os tipos de apostas e pagamentos ir\u00e1 ajud\u00e1-lo a descobrir qual vers\u00e3o do jogo ser\u00e1 mais lucrativa;<\/li>\n\n\n\n<li>\u00c9 melhor come\u00e7ar o jogo com apostas pequenas, experimentando gradualmente diferentes estrat\u00e9gias e introduzindo as suas pr\u00f3prias;<\/li>\n\n\n\n<li>Durante o jogo voc\u00ea deve prestar aten\u00e7\u00e3o \u00e0s estat\u00edsticas para aumentar suas chances de sucesso.<\/li>\n<\/ul>\n\n\n\n<p>Al\u00e9m disso, n\u00e3o se esque\u00e7a dos jogos de b\u00f4nus. Esta n\u00e3o \u00e9 apenas uma \u00f3tima maneira de aumentar seus ganhos, mas tamb\u00e9m de sentir a emo\u00e7\u00e3o.<\/p>\n\n\n<h2 class=\"wp-block-heading\" id=\"%25d0%25ba%25d0%25b0%25d0%25ba-%25d0%25b8%25d0%25b3%25d1%2580%25d0%25b0%25d1%2582%25d1%258c-%25d0%25b2-funky-time-%25d0%25b1%25d0%25b5%25d1%2581%25d0%25bf%25d0%25bb%25d0%25b0%25d1%2582%25d0%25bd%25d0%25be-%25d0%25be%25d1%2581%25d0%25be%25d0%25b1%25d0%25b5%25d0%25bd%25d0%25bd%25d0%25be%25d1%2581%25d1%2582%25d0%25b8\">Como jogar Funky Time gratuitamente: recursos e alternativas<\/h2>\n\n\n<p>Funky Time n\u00e3o oferece jogo gr\u00e1tis. Isto porque se trata de uma slot ao vivo, que envolve jogar com dealers reais e participantes que apostam dinheiro real. No entanto, isso n\u00e3o significa que n\u00e3o haja alternativa. Voc\u00ea pode assistir ao streaming do jogo totalmente gratuito. Este formato permitir\u00e1:<\/p>\n\n\n\n<ul class=\"wp-block-list\">\n<li>apreciar a atmosfera de entretenimento;<\/li>\n\n\n\n<li>compreender as regras e esquemas de apostas;<\/li>\n\n\n\n<li>entenda se vale a pena jogar funky time com dinheiro real.<\/li>\n<\/ul>\n\n\n\n<p>Para assistir ao jogo sem participar, voc\u00ea precisa:<\/p>\n\n\n\n<ol class=\"wp-block-list\">\n<li>Encontre um cassino online confi\u00e1vel que tenha Funky Time.<\/li>\n\n\n\n<li>Acesse o site oficial e abra a se\u00e7\u00e3o de jogos.<\/li>\n\n\n\n<li>Encontre Funky Time e comece a assistir a transmiss\u00e3o.<\/li>\n<\/ol>\n\n\n\n<p>Por\u00e9m, n\u00e3o \u00e9 necess\u00e1rio se cadastrar no sistema.<\/p>\n\n\n\n<p>Existe outra op\u00e7\u00e3o para jogos gr\u00e1tis \u2013 b\u00f4nus de cassino. Alguns grandes sites os oferecem, permitindo que os jogadores fa\u00e7am apostas sem gastar seu pr\u00f3prio dinheiro. No entanto, \u00e9 preciso lembrar que cada b\u00f4nus possui condi\u00e7\u00f5es de aposta. Portanto, antes de ativar um presente de um cassino, voc\u00ea deve se familiarizar com os requisitos b\u00e1sicos.<\/p>\n\n\n<h2 class=\"wp-block-heading\" id=\"%25d0%25ba%25d0%25b0%25d0%25ba-%25d0%25b2%25d1%258b%25d0%25b8%25d0%25b3%25d1%2580%25d0%25b0%25d1%2582%25d1%258c-%25d0%25b2-funky-time-%25d1%2581%25d1%2582%25d1%2580%25d0%25b0%25d1%2582%25d0%25b5%25d0%25b3%25d0%25b8%25d0%25b8-%25d0%25b8-%25d1%2581%25d0%25be%25d0%25b2%25d0%25b5%25d1%2582%25d1%258b-%25d0%25b4%25d0%25bb\">Como ganhar no Funky Time: estrat\u00e9gias e dicas para jogar com sucesso<\/h2>\n\n\n<p>Funky Time \u00e9 um jogo de puro azar, mas existem v\u00e1rias estrat\u00e9gias que voc\u00ea pode usar para aumentar suas chances de ganhar e tirar o m\u00e1ximo proveito do jogo. Dicas importantes para um jogo de sucesso:<\/p>\n\n\n\n<ol class=\"wp-block-list\">\n<li>Voc\u00ea precisa aprender as regras. Este \u00e9 o primeiro ponto que n\u00e3o deve ser ignorado. Antes de iniciar o jogo, voc\u00ea deve ler atentamente todas as regras e entender os tipos de apostas. S\u00f3 desta forma o jogador poder\u00e1 posteriormente tomar uma decis\u00e3o equilibrada e informada.<\/li>\n\n\n\n<li>Existem muitas estrat\u00e9gias, mas existe apenas uma. Isto significa que alguns jogadores preferem apostar em determinados n\u00fameros, enquanto outros podem preferir uma estrat\u00e9gia de aumentar gradualmente as suas apostas. Outros ainda optam por jogar com todos os n\u00fameros e usar b\u00f4nus ativamente. Entre os diversos esquemas dispon\u00edveis, voc\u00ea deve encontrar o mais atraente e segui-lo durante todo o jogo.<\/li>\n\n\n\n<li>Vale a pena estabelecer limites com anteced\u00eancia. O usu\u00e1rio precisa determinar antes de iniciar o jogo quanto est\u00e1 disposto a gastar no jogo. Tamb\u00e9m n\u00e3o \u00e9 recomendado fazer apostas muito grandes, principalmente para iniciantes.<\/li>\n\n\n\n<li>As estat\u00edsticas s\u00e3o o \u00e1s na manga de um usu\u00e1rio experiente. Com sua ajuda, voc\u00ea pode determinar o padr\u00e3o de ganhos e, assim, aumentar suas chances de ganhar.<\/li>\n\n\n\n<li>N\u00e3o h\u00e1 necessidade de desistir dos jogos de b\u00f4nus. Durante o jogo, o usu\u00e1rio pode receber pr\u00eamios e multiplicadores adicionais para aumentar os ganhos. Por isso, \u00e9 recomend\u00e1vel ficar de olho no volante e n\u00e3o evitar a oportunidade de receber uma grande quantia.<\/li>\n<\/ol>\n\n\n<div class=\"wp-block-image\">\n<figure class=\"aligncenter size-large is-resized\"><img loading=\"lazy\" decoding=\"async\" width=\"1024\" height=\"536\" src=\"https:\/\/funky-time.top\/wp-content\/uploads\/2023\/11\/funky-time-muzhyk-1024x536.jpg\" alt=\"Como ganhar no Funky Time\" class=\"wp-image-388\" style=\"width:611px;height:auto\" srcset=\"https:\/\/funky-time.top\/wp-content\/uploads\/2023\/11\/funky-time-muzhyk-1024x536.jpg 1024w, https:\/\/funky-time.top\/wp-content\/uploads\/2023\/11\/funky-time-muzhyk-300x157.jpg 300w, https:\/\/funky-time.top\/wp-content\/uploads\/2023\/11\/funky-time-muzhyk-768x402.jpg 768w, https:\/\/funky-time.top\/wp-content\/uploads\/2023\/11\/funky-time-muzhyk-1536x804.jpg 1536w, https:\/\/funky-time.top\/wp-content\/uploads\/2023\/11\/funky-time-muzhyk-18x9.jpg 18w, https:\/\/funky-time.top\/wp-content\/uploads\/2023\/11\/funky-time-muzhyk.jpg 1541w\" sizes=\"auto, (max-width: 1024px) 100vw, 1024px\" \/><\/figure>\n<\/div>\n\n\n<p>Seguir as recomenda\u00e7\u00f5es ajudar\u00e1 voc\u00ea a se divertir jogando Funky Time. Por\u00e9m, \u00e9 importante lembrar que toda a jogabilidade \u00e9 baseada no acaso, portanto n\u00e3o h\u00e1 formas garantidas de ganhar.<\/p>\n\n\n<h2 class=\"wp-block-heading\" id=\"%25d0%25b7%25d0%25b0%25d0%25ba%25d0%25bb%25d1%258e%25d1%2587%25d0%25b5%25d0%25bd%25d0%25b8%25d0%25b5\">Conclus\u00e3o<\/h2>\n\n\n<p>Funky Time \u00e9 um \u00f3timo slot para quem quer se divertir e ganhar dinheiro. Esta n\u00e3o \u00e9 apenas mais uma novidade no mundo dos cassinos online, mas um entretenimento emocionante e inovador com elementos interativos, jogos de b\u00f4nus exclusivos e design colorido. Tudo isto permite ao cliente do clube de jogo mergulhar na atmosfera de um verdadeiro programa de televis\u00e3o.<\/p>\n\n\n\n<p>Voc\u00ea s\u00f3 pode jogar Funky Time com dinheiro real, mas se desejar, o usu\u00e1rio pode assistir \u00e0 transmiss\u00e3o gratuitamente ou usar b\u00f4nus de cassino. Seguir as recomenda\u00e7\u00f5es e usar estrat\u00e9gias aumentar\u00e1, por sua vez, suas chances de obter grandes ganhos.<\/p>\n\n\n\n<p><\/p>","protected":false},"excerpt":{"rendered":"<p>Funky Time \u2013 \u0443\u0432\u043b\u0435\u043a\u0430\u0442\u0435\u043b\u044c\u043d\u0430\u044f \u043e\u043d\u043b\u0430\u0439\u043d-\u0438\u0433\u0440\u0430, \u043a\u043e\u0442\u043e\u0440\u0430\u044f \u043f\u043e\u0441\u0442\u0435\u043f\u0435\u043d\u043d\u043e \u043d\u0430\u0431\u0438\u0440\u0430\u0435\u0442 \u043f\u043e\u043f\u0443\u043b\u044f\u0440\u043d\u043e\u0441\u0442\u044c. \u041f\u043e\u0434\u043e\u0439\u0434\u0435\u0442 \u043a\u0430\u043a \u043d\u043e\u0432\u0438\u0447\u043a\u0430\u043c \u0432 \u043c\u0438\u0440\u0435 \u0430\u0437\u0430\u0440\u0442\u0430, \u0442\u0430\u043a \u043e\u043f\u044b\u0442\u043d\u044b\u043c \u043f\u043e\u043b\u044c\u0437\u043e\u0432\u0430\u0442\u0435\u043b\u044f\u043c \u043e\u043d\u043b\u0430\u0439\u043d-\u043a\u0430\u0437\u0438\u043d\u043e. \u0427\u0442\u043e\u0431\u044b \u0440\u0430\u0437\u043e\u0431\u0440\u0430\u0442\u044c\u0441\u044f, \u043a\u0430\u043a \u0438\u0433\u0440\u0430\u0442\u044c \u0432 Funky Time, \u043d\u0443\u0436\u043d\u043e \u0440\u0430\u0441\u0441\u043c\u043e\u0442\u0440\u0435\u0442\u044c \u0435\u0435 \u043f\u0440\u0430\u0432\u0438\u043b\u0430, \u043e\u0441\u043e\u0431\u0435\u043d\u043d\u043e\u0441\u0442\u0438 \u0438 \u0432\u043e\u0437\u043c\u043e\u0436\u043d\u043e\u0441\u0442\u0438. \u0420\u0430\u0437\u0440\u0430\u0431\u043e\u0442\u043a\u043e\u0439 \u0438\u0433\u0440\u044b Funky Time \u0437\u0430\u043d\u0438\u043c\u0430\u043b\u0430\u0441\u044c \u043a\u043e\u043c\u043f\u0430\u043d\u0438\u044f Evolution Gaming. \u041f\u0440\u043e\u0432\u0430\u0439\u0434\u0435\u0440\u0443 \u0443\u0434\u0430\u043b\u043e\u0441\u044c \u0441\u043e\u0437\u0434\u0430\u0442\u044c \u0443\u043d\u0438\u043a\u0430\u043b\u044c\u043d\u044b\u0439 \u0444\u043e\u0440\u043c\u0430\u0442 \u043e\u043d\u043b\u0430\u0439\u043d-\u0440\u0430\u0437\u0432\u043b\u0435\u0447\u0435\u043d\u0438\u0439, \u043a\u043e\u0442\u043e\u0440\u044b\u0439 \u0441\u043e\u0447\u0435\u0442\u0430\u0435\u0442 \u0432 \u0441\u0435\u0431\u0435 \u043a\u043b\u0430\u0441\u0441\u0438\u0447\u0435\u0441\u043a\u0438\u0435 \u044d\u043b\u0435\u043c\u0435\u043d\u0442\u044b \u043a\u0430\u0437\u0438\u043d\u043e \u0438&#8230;<\/p>","protected":false},"author":1,"featured_media":0,"parent":0,"menu_order":0,"comment_status":"closed","ping_status":"closed","template":"","meta":{"_kad_post_transparent":"","_kad_post_title":"","_kad_post_layout":"","_kad_post_sidebar_id":"","_kad_post_content_style":"","_kad_post_vertical_padding":"","_kad_post_feature":"","_kad_post_feature_position":"","_kad_post_header":false,"_kad_post_footer":false,"footnotes":""},"class_list":["post-335","page","type-page","status-publish","hentry"],"aioseo_notices":[],"_links":{"self":[{"href":"https:\/\/funky-time.top\/pt\/wp-json\/wp\/v2\/pages\/335","targetHints":{"allow":["GET"]}}],"collection":[{"href":"https:\/\/funky-time.top\/pt\/wp-json\/wp\/v2\/pages"}],"about":[{"href":"https:\/\/funky-time.top\/pt\/wp-json\/wp\/v2\/types\/page"}],"author":[{"embeddable":true,"href":"https:\/\/funky-time.top\/pt\/wp-json\/wp\/v2\/users\/1"}],"replies":[{"embeddable":true,"href":"https:\/\/funky-time.top\/pt\/wp-json\/wp\/v2\/comments?post=335"}],"version-history":[{"count":7,"href":"https:\/\/funky-time.top\/pt\/wp-json\/wp\/v2\/pages\/335\/revisions"}],"predecessor-version":[{"id":466,"href":"https:\/\/funky-time.top\/pt\/wp-json\/wp\/v2\/pages\/335\/revisions\/466"}],"wp:attachment":[{"href":"https:\/\/funky-time.top\/pt\/wp-json\/wp\/v2\/media?parent=335"}],"curies":[{"name":"wp","href":"https:\/\/api.w.org\/{rel}","templated":true}]}}