{"id":338,"date":"2023-12-01T19:19:28","date_gmt":"2023-12-01T16:19:28","guid":{"rendered":"https:\/\/funky-time.top\/?page_id=338"},"modified":"2023-12-02T12:17:08","modified_gmt":"2023-12-02T09:17:08","slug":"statistic-funky-time","status":"publish","type":"page","link":"https:\/\/funky-time.top\/pt\/statistic-funky-time\/","title":{"rendered":"Estat\u00edsticas Funky Time"},"content":{"rendered":"<p>Estat\u00edsticas de Funky Time - um jogo que levar\u00e1 o cliente cadastrado do cassino ao mundo da m\u00fasica agrad\u00e1vel, gr\u00e1ficos brilhantes e dealers vestidos com fantasias coloridas. Estudar os indicadores estat\u00edsticos do jogo pode se tornar uma vantagem para qualquer jogador que tenha interesse em vencer. Antes de passar para as estat\u00edsticas Funky Time, voc\u00ea precisa entender como as posi\u00e7\u00f5es dos s\u00edmbolos s\u00e3o distribu\u00eddas.<\/p>\n\n\n\n<div class=\"wp-block-buttons is-content-justification-center is-layout-flex wp-container-core-buttons-is-layout-16018d1d wp-block-buttons-is-layout-flex\">\n<div class=\"wp-block-button\"><a class=\"wp-block-button__link wp-element-button\" href=\"https:\/\/p72zy.bemobtrcks.com\/go\/7c083e47-a62b-4495-90b2-7b8a354eaa14?\"><strong>Jogue Funky Time<\/strong><\/a><\/div>\n<\/div>\n\n\n\n<figure class=\"wp-block-table\"><table><tbody><tr><td><strong>Nome do s\u00edmbolo<\/strong><\/td><td><strong>N\u00famero de posi\u00e7\u00f5es<\/strong><\/td><\/tr><tr><td>N\u00daMERO 1<\/td><td>28<\/td><\/tr><tr><td>JOGAR<\/td><td>2 por carta<\/td><\/tr><tr><td>FUNK<\/td><td>2 por carta<\/td><\/tr><tr><td>TEMPO<\/td><td>2 por carta<\/td><\/tr><tr><td>BAR<\/td><td>6<\/td><\/tr><tr><td>DISCOTECA<\/td><td>3<\/td><\/tr><tr><td>FICAR VIVO<\/td><td>2<\/td><\/tr><tr><td>discoteca vip<\/td><td>1<\/td><\/tr><\/tbody><\/table><figcaption class=\"wp-element-caption\">Estat\u00edsticas e an\u00e1lises Funky Time<\/figcaption><\/figure>\n\n\n<h2 class=\"wp-block-heading\" id=\"%25d0%25ba%25d0%25be%25d1%258d%25d1%2584%25d1%2584%25d0%25b8%25d1%2586%25d0%25b8%25d0%25b5%25d0%25bd%25d1%2582%25d1%258b-%25d1%2581%25d0%25b8%25d0%25bc%25d0%25b2%25d0%25be%25d0%25bb%25d0%25be%25d0%25b2-funky-time\">Coeficientes de s\u00edmbolo Funky Time<\/h2>\n\n\n<p>A chave para vencer \u00e9 entender quais s\u00e3o suas chances de ganhar. Sim, as probabilidades exatas dependem exclusivamente dos algoritmos do slot, e este \u00e9 um segredo que os desenvolvedores n\u00e3o divulgam. No entanto, h\u00e1 um pequeno resumo da frequ\u00eancia com que determinadas imagens aparecem.<\/p>\n\n\n\n<figure class=\"wp-block-table\"><table><tbody><tr><td><strong>Nome do s\u00edmbolo<\/strong><\/td><td><strong>Porcentagem de queda, %<\/strong><\/td><td><strong>Chances de queda<\/strong><\/td><\/tr><tr><td>N\u00daMERO 1<\/td><td>43,75<\/td><td>Alto<\/td><\/tr><tr><td>JOGAR<\/td><td>12,5<\/td><td>M\u00e9dia<\/td><\/tr><tr><td>FUNK<\/td><td>12,5<\/td><td>M\u00e9dia<\/td><\/tr><tr><td>TEMPO<\/td><td>12,5<\/td><td>M\u00e9dia<\/td><\/tr><tr><td>BAR<\/td><td>3,38<\/td><td>M\u00e9dia<\/td><\/tr><tr><td>DISCOTECA<\/td><td>4,69<\/td><td>Baixo<\/td><\/tr><tr><td>FICAR VIVO<\/td><td>3,13<\/td><td>Baixo<\/td><\/tr><tr><td>discoteca vip<\/td><td>1,56<\/td><td>Baixo<\/td><\/tr><\/tbody><\/table><figcaption class=\"wp-element-caption\">S\u00edmbolos e probabilidades Funky Time<\/figcaption><\/figure>\n\n\n\n<p>Para jogar Funky Time, as estat\u00edsticas de queda de s\u00edmbolos s\u00e3o um indicador obrigat\u00f3rio para estudar. Isto \u00e9 especialmente verdadeiro para usu\u00e1rios novatos que, levando em considera\u00e7\u00e3o esta recomenda\u00e7\u00e3o, ser\u00e3o capazes de compreender a mec\u00e2nica do jogo e se preparar para a vit\u00f3ria.<\/p>\n\n\n\n<p>Contudo, n\u00e3o devemos esquecer que na maioria dos casos o resultado obtido \u00e9 puro acaso. Portanto, voc\u00ea n\u00e3o deve tentar recuperar o valor perdido se tiver uma s\u00e9rie de falhas. \u00c9 melhor parar ou determinar os limites do jogo com anteced\u00eancia para que n\u00e3o haja risco de perder todo o seu saldo.<\/p>\n\n\n\n<div class=\"wp-block-buttons is-content-justification-center is-layout-flex wp-container-core-buttons-is-layout-16018d1d wp-block-buttons-is-layout-flex\">\n<div class=\"wp-block-button\"><a class=\"wp-block-button__link wp-element-button\" href=\"https:\/\/p72zy.bemobtrcks.com\/go\/7c083e47-a62b-4495-90b2-7b8a354eaa14?\"><strong>Jogue Funky Time<\/strong><\/a><\/div>\n<\/div>\n\n\n<h2 class=\"wp-block-heading\" id=\"%25d1%2581%25d1%2582%25d0%25b0%25d1%2582%25d0%25b8%25d1%2581%25d1%2582%25d0%25b8%25d0%25ba%25d0%25b0-%25d0%25be%25d0%25bd%25d0%25bb%25d0%25b0%25d0%25b9%25d0%25bd%25d0%25ba%25d0%25b0%25d0%25b7%25d0%25b8%25d0%25bd%25d0%25be\">Estat\u00edsticas de cassino online<\/h2>\n\n\n<p>O casino online oferece aos jogadores estat\u00edsticas extensas, cuja utiliza\u00e7\u00e3o adequada lhes permite compreender melhor as caracter\u00edsticas de qualquer slot e compreender a din\u00e2mica de qualquer jogo. Tamb\u00e9m ajuda muitas pessoas a construir uma estrat\u00e9gia vencedora \u00fanica. As estat\u00edsticas incluem o seguinte:<\/p>\n\n\n\n<ol class=\"wp-block-list\">\n<li>Hora do lance. O jogador pode ver quando foi feita a \u00faltima aposta. Isso permite entender quando o jogo tem per\u00edodos ativos e quando est\u00e1 silencioso.<\/li>\n\n\n\n<li>Valor da aposta. Mostra quantos jogadores apostam. Utilizando essas informa\u00e7\u00f5es, um novo usu\u00e1rio pode concluir quais apostas deram a melhor resposta na forma de grandes quantias ou b\u00f4nus.<\/li>\n\n\n\n<li>Apelido do usu\u00e1rio. Esta estat\u00edstica \u00e9 mais relevante para clientes de casino experientes que gostam de competir com outros jogadores.<\/li>\n\n\n\n<li>Multiplicador de apostas. O n\u00famero mostra quantas vezes a aposta do usu\u00e1rio aumentou ap\u00f3s a vit\u00f3ria. Vale a pena assistir para quem tem interesse em entender o potencial das apostas.<\/li>\n\n\n\n<li>Ganhos. As estat\u00edsticas de muitos casinos fornecem dados sobre os montantes que os clientes receberam ao jogar Funky Time.<\/li>\n\n\n\n<li>Moeda da aposta. \u00c0s vezes, saber em que moeda estavam os betas anteriores pode ser \u00fatil. Isto tamb\u00e9m se reflete nas estat\u00edsticas.<\/li>\n\n\n\n<li>Hist\u00f3ria do jogo. \u00c0s vezes voc\u00ea pode ver dados de jogos anteriores no Funky Time, o que permite identificar quaisquer tend\u00eancias.<\/li>\n\n\n\n<li>Frequ\u00eancia de recebimento de b\u00f4nus. Funky Time tem v\u00e1rias rodadas de b\u00f4nus e s\u00edmbolos que proporcionam grandes ganhos. Nas estat\u00edsticas voc\u00ea pode ver com que frequ\u00eancia eles ocorrem para planejar intervalos ideais.<\/li>\n\n\n\n<li>RTP. A taxa de retorno tamb\u00e9m se refere \u00e0s estat\u00edsticas. Com sua ajuda, o usu\u00e1rio poder\u00e1 determinar quanto receber\u00e1 de volta de suas apostas.<\/li>\n<\/ol>\n\n\n<div class=\"wp-block-image\">\n<figure class=\"aligncenter size-full\"><img loading=\"lazy\" decoding=\"async\" width=\"665\" height=\"324\" src=\"https:\/\/funky-time.top\/wp-content\/uploads\/2023\/11\/funky-time-stats-72-hours.jpg\" alt=\"Estat\u00edsticas funky time por 72 horas\" class=\"wp-image-424\" srcset=\"https:\/\/funky-time.top\/wp-content\/uploads\/2023\/11\/funky-time-stats-72-hours.jpg 665w, https:\/\/funky-time.top\/wp-content\/uploads\/2023\/11\/funky-time-stats-72-hours-300x146.jpg 300w, https:\/\/funky-time.top\/wp-content\/uploads\/2023\/11\/funky-time-stats-72-hours-18x9.jpg 18w\" sizes=\"auto, (max-width: 665px) 100vw, 665px\" \/><\/figure>\n<\/div>\n\n\n<p>As estat\u00edsticas do cassino s\u00e3o uma ferramenta geral que pode ser usada, mas n\u00e3o deve ser considerada confi\u00e1vel ao jogar Funky Time. Voc\u00ea pode levar em considera\u00e7\u00e3o os dados que a plataforma exibe, mas ao mesmo tempo levar em considera\u00e7\u00e3o suas pr\u00f3prias capacidades financeiras e n\u00e3o se deixar levar pelas emo\u00e7\u00f5es ou pela vontade de vencer algu\u00e9m.<\/p>\n\n\n<h2 class=\"wp-block-heading\" id=\"%25d0%25b2%25d1%258b%25d0%25b2%25d0%25be%25d0%25b4%25d1%258b\">conclus\u00f5es<\/h2>\n\n\n<p><strong>Jogo Funky Time<\/strong> cheio de divers\u00e3o, e \u00e9 isso que o torna t\u00e3o interessante. Cada jogador tem a chance de ganhar qualquer rodada, e \u00e9 por isso que o entretenimento \u00e9 popular em muitos cassinos online. Para aumentar as chances de ganhar, o usu\u00e1rio deve prestar aten\u00e7\u00e3o especial aos indicadores estat\u00edsticos que ajudar\u00e3o a melhorar a estrat\u00e9gia escolhida.<\/p>\n\n\n<div class=\"wp-block-image\">\n<figure class=\"aligncenter size-large is-resized\"><img loading=\"lazy\" decoding=\"async\" width=\"1024\" height=\"621\" src=\"https:\/\/funky-time.top\/wp-content\/uploads\/2023\/11\/funky-time-1-1024x621.jpg\" alt=\"Estat\u00edsticas do cassino funky time\" class=\"wp-image-426\" style=\"width:702px;height:auto\" srcset=\"https:\/\/funky-time.top\/wp-content\/uploads\/2023\/11\/funky-time-1-1024x621.jpg 1024w, https:\/\/funky-time.top\/wp-content\/uploads\/2023\/11\/funky-time-1-300x182.jpg 300w, https:\/\/funky-time.top\/wp-content\/uploads\/2023\/11\/funky-time-1-768x466.jpg 768w, https:\/\/funky-time.top\/wp-content\/uploads\/2023\/11\/funky-time-1-18x12.jpg 18w, https:\/\/funky-time.top\/wp-content\/uploads\/2023\/11\/funky-time-1.jpg 1230w\" sizes=\"auto, (max-width: 1024px) 100vw, 1024px\" \/><\/figure>\n<\/div>\n\n\n<p><strong>Funky Time<\/strong> \u2013 uma oportunidade de fazer uma pausa no dia escolar ou de trabalho e relaxar com uma m\u00fasica agrad\u00e1vel. O jogo tamb\u00e9m oferece aos usu\u00e1rios registrados todas as chances de ganhar uma grande quantia. No entanto, \u00e9 sempre importante lembrar os princ\u00edpios do jogo respons\u00e1vel e n\u00e3o tentar recuperar no caso de uma s\u00e9rie de falhas.<\/p>","protected":false},"excerpt":{"rendered":"<p>\u0421\u0442\u0430\u0442\u0438\u0441\u0442\u0438\u043a\u0430 Funky Time \u2013 \u0438\u0433\u0440\u044b, \u043a\u043e\u0442\u043e\u0440\u0430\u044f \u043f\u0435\u0440\u0435\u043d\u0435\u0441\u0435\u0442 \u0437\u0430\u0440\u0435\u0433\u0438\u0441\u0442\u0440\u0438\u0440\u043e\u0432\u0430\u043d\u043d\u043e\u0433\u043e \u043a\u043b\u0438\u0435\u043d\u0442\u0430 \u043a\u0430\u0437\u0438\u043d\u043e \u0432 \u043c\u0438\u0440 \u043f\u0440\u0438\u044f\u0442\u043d\u043e\u0439 \u043c\u0443\u0437\u044b\u043a\u0438, \u044f\u0440\u043a\u043e\u0439 \u0433\u0440\u0430\u0444\u0438\u043a\u0438 \u0438 \u0434\u0438\u043b\u0435\u0440\u043e\u0432, \u043e\u0434\u0435\u0442\u044b\u0445 \u0432 \u043f\u0435\u0441\u0442\u0440\u044b\u0435 \u043a\u043e\u0441\u0442\u044e\u043c\u044b. \u0418\u0437\u0443\u0447\u0435\u043d\u0438\u0435 \u0441\u0442\u0430\u0442\u0438\u0441\u0442\u0438\u0447\u0435\u0441\u043a\u0438\u0445 \u043f\u043e\u043a\u0430\u0437\u0430\u0442\u0435\u043b\u0435\u0439 \u0438\u0433\u0440\u044b \u0441\u043f\u043e\u0441\u043e\u0431\u043d\u043e \u0441\u0442\u0430\u0442\u044c \u043f\u0440\u0435\u0438\u043c\u0443\u0449\u0435\u0441\u0442\u0432\u043e\u043c \u043b\u044e\u0431\u043e\u0433\u043e \u0438\u0433\u0440\u043e\u043a\u0430, \u0447\u0442\u043e \u0437\u0430\u0438\u043d\u0442\u0435\u0440\u0435\u0441\u043e\u0432\u0430\u043d \u0432 \u043f\u043e\u0431\u0435\u0434\u0435. \u041f\u0440\u0435\u0436\u0434\u0435, \u0447\u0435\u043c \u043f\u0435\u0440\u0435\u0445\u043e\u0434\u0438\u0442\u044c \u043a \u0441\u0442\u0430\u0442\u0438\u0441\u0442\u0438\u043a\u0435 Funky Time, \u043d\u0443\u0436\u043d\u043e \u043f\u043e\u043d\u044f\u0442\u044c, \u043a\u0430\u043a \u0440\u0430\u0441\u043f\u0440\u0435\u0434\u0435\u043b\u044f\u044e\u0442\u0441\u044f \u043f\u043e\u0437\u0438\u0446\u0438\u0438 \u0434\u043b\u044f \u0441\u0438\u043c\u0432\u043e\u043b\u043e\u0432. \u041d\u0430\u0438\u043c\u0435\u043d\u043e\u0432\u0430\u043d\u0438\u0435 \u0441\u0438\u043c\u0432\u043e\u043b\u0430 \u041a\u043e\u043b\u0438\u0447\u0435\u0441\u0442\u0432\u043e \u043f\u043e\u0437\u0438\u0446\u0438\u0439 \u0427\u0418\u0421\u041b\u041e 1&#8230;<\/p>","protected":false},"author":1,"featured_media":0,"parent":0,"menu_order":0,"comment_status":"closed","ping_status":"closed","template":"","meta":{"_kad_post_transparent":"","_kad_post_title":"","_kad_post_layout":"","_kad_post_sidebar_id":"","_kad_post_content_style":"","_kad_post_vertical_padding":"","_kad_post_feature":"","_kad_post_feature_position":"","_kad_post_header":false,"_kad_post_footer":false,"footnotes":""},"class_list":["post-338","page","type-page","status-publish","hentry"],"aioseo_notices":[],"_links":{"self":[{"href":"https:\/\/funky-time.top\/pt\/wp-json\/wp\/v2\/pages\/338","targetHints":{"allow":["GET"]}}],"collection":[{"href":"https:\/\/funky-time.top\/pt\/wp-json\/wp\/v2\/pages"}],"about":[{"href":"https:\/\/funky-time.top\/pt\/wp-json\/wp\/v2\/types\/page"}],"author":[{"embeddable":true,"href":"https:\/\/funky-time.top\/pt\/wp-json\/wp\/v2\/users\/1"}],"replies":[{"embeddable":true,"href":"https:\/\/funky-time.top\/pt\/wp-json\/wp\/v2\/comments?post=338"}],"version-history":[{"count":13,"href":"https:\/\/funky-time.top\/pt\/wp-json\/wp\/v2\/pages\/338\/revisions"}],"predecessor-version":[{"id":465,"href":"https:\/\/funky-time.top\/pt\/wp-json\/wp\/v2\/pages\/338\/revisions\/465"}],"wp:attachment":[{"href":"https:\/\/funky-time.top\/pt\/wp-json\/wp\/v2\/media?parent=338"}],"curies":[{"name":"wp","href":"https:\/\/api.w.org\/{rel}","templated":true}]}}