{"id":342,"date":"2023-12-01T19:19:18","date_gmt":"2023-12-01T16:19:18","guid":{"rendered":"https:\/\/funky-time.top\/?page_id=342"},"modified":"2023-12-02T12:16:41","modified_gmt":"2023-12-02T09:16:41","slug":"funky-time-casino","status":"publish","type":"page","link":"https:\/\/funky-time.top\/pt\/funky-time-casino\/","title":{"rendered":"Funky Time nos melhores cassinos online"},"content":{"rendered":"<p>O jogo online Funky Time do melhor desenvolvedor de entretenimento de jogos de azar ir\u00e1 cativar qualquer pessoa com seus gr\u00e1ficos \u00fanicos e atmosfera divertida. Al\u00e9m disso, h\u00e1 um som agrad\u00e1vel e uma mec\u00e2nica de jogo emocionante. Ap\u00f3s o lan\u00e7amento do Funky Time, o cliente do cassino ficar\u00e1 imerso em um mundo incr\u00edvel repleto de m\u00fasica e dan\u00e7a; ele ser\u00e1 recebido no campo de jogo por um dealer vestido com um terno brilhante. Cada rota\u00e7\u00e3o da roda proporcionar\u00e1 novas emo\u00e7\u00f5es.<\/p>\n\n\n\n<div class=\"wp-block-buttons is-content-justification-center is-layout-flex wp-container-core-buttons-is-layout-16018d1d wp-block-buttons-is-layout-flex\">\n<div class=\"wp-block-button\"><a class=\"wp-block-button__link wp-element-button\" href=\"https:\/\/p72zy.bemobtrcks.com\/go\/7c083e47-a62b-4495-90b2-7b8a354eaa14?\"><strong>Jogue Funky Time<\/strong><\/a><\/div>\n<\/div>\n\n\n\n<p>Recomenda-se jogar Funky Time apenas em cassinos confi\u00e1veis que garantam pagamentos justos e pontuais. Nem sempre \u00e9 poss\u00edvel encontrar tal plataforma, mas \u00e9 poss\u00edvel se levarmos em conta algumas recomenda\u00e7\u00f5es.<\/p>\n\n\n<h2 class=\"wp-block-heading\" id=\"%25d0%25ba%25d0%25b0%25d0%25ba-%25d0%25bc%25d1%258b-%25d0%25bd%25d0%25b0%25d1%2585%25d0%25be%25d0%25b4%25d0%25b8%25d0%25bc-%25d0%25bb%25d1%2583%25d1%2587%25d1%2588%25d0%25b8%25d0%25b5-%25d0%25ba%25d0%25b0%25d0%25b7%25d0%25b8%25d0%25bd%25d0%25be-%25d0%25b4%25d0%25bb%25d1%258f-%25d0%25b8%25d0%25b3%25d1%2580%25d1%258b-%25d0%25b2\">Como encontramos os melhores cassinos para jogar Funky Time?<\/h2>\n\n\n<p>Ao contr\u00e1rio da maioria dos outros sites, nosso recurso adota uma abordagem especial para escolher os melhores cassinos online onde voc\u00ea pode jogar Funky Time. Principais crit\u00e9rios de pesquisa:<\/p>\n\n\n\n<ol class=\"wp-block-list\">\n<li>Licen\u00e7a. Esta \u00e9 a primeira coisa que observamos quando procuramos um site de jogos de azar confi\u00e1vel. Ter uma licen\u00e7a garante um jogo justo e seguro, bem como pagamentos pontuais. \u00c9 importante que o documento seja emitido por um regulador de jogos de azar respeit\u00e1vel.<\/li>\n\n\n\n<li>Seguran\u00e7a. Um potencial cliente est\u00e1 sempre interessado em garantir que os seus dados durante o registo n\u00e3o caiam em m\u00e3os de terceiros. Somente cassinos honestos e confi\u00e1veis que usam criptografia especial podem garantir isso.<\/li>\n\n\n\n<li>Pol\u00edtica de b\u00f4nus. Estudamos cuidadosamente a pol\u00edtica de b\u00f4nus: desde o tamanho dos presentes at\u00e9 as condi\u00e7\u00f5es de aposta.<\/li>\n\n\n\n<li>Disponibilidade de Funky Time. Tamb\u00e9m prestamos especial aten\u00e7\u00e3o a este ponto. \u00c9 importante que o jogo inicie facilmente e funcione perfeitamente em qualquer dispositivo.<\/li>\n\n\n\n<li>Servi\u00e7o de suporte. Um cassino confi\u00e1vel \u00e9 uma oportunidade de entrar em contato rapidamente com um funcion\u00e1rio da linha direta para resolver d\u00favidas e problemas que possam surgir durante o jogo. Os melhores casinos online oferecem pelo menos 3 formas de contactar o suporte t\u00e9cnico.<\/li>\n\n\n\n<li>Sistemas de pagamento. Ao procurar um casino, estudamos os m\u00e9todos dispon\u00edveis para reabastecer a sua conta e receber pagamentos. As melhores plataformas possuem uma ampla gama de sistemas de pagamento e processamento r\u00e1pido de transa\u00e7\u00f5es.<\/li>\n<\/ol>\n\n\n\n<p>Al\u00e9m disso, levamos em considera\u00e7\u00e3o a reputa\u00e7\u00e3o da empresa. Isso pode ser feito lendo coment\u00e1rios, coment\u00e1rios. Nossa abordagem \u00e9 \u00fanica porque aborda v\u00e1rios pontos importantes ao mesmo tempo. Somos imparciais em nossas avalia\u00e7\u00f5es, ent\u00e3o voc\u00ea pode confiar em n\u00f3s.<\/p>\n\n\n<h2 class=\"wp-block-heading\" id=\"%25d0%25b7%25d0%25b0%25d0%25ba%25d0%25bb%25d1%258e%25d1%2587%25d0%25b5%25d0%25bd%25d0%25b8%25d0%25b5\">Conclus\u00e3o<\/h2>\n\n\n<p>Temos o cuidado de fornecer aos usu\u00e1rios de nossos recursos apenas sites confi\u00e1veis para jogar Funky Time. A lista dos melhores casinos online \u00e9 atualizada periodicamente: surgem novas plataformas e mudam os lugares dos l\u00edderes.<\/p>\n\n\n<h2 class=\"wp-block-heading\" id=\"faq\">Perguntas frequentes<\/h2>\n\n<h3 class=\"wp-block-heading\" id=\"%25d0%25b2-%25d0%25ba%25d0%25b0%25d0%25ba%25d0%25b8%25d1%2585-%25d0%25be%25d0%25bd%25d0%25bb%25d0%25b0%25d0%25b9%25d0%25bd-%25d0%25ba%25d0%25b0%25d0%25b7%25d0%25b8%25d0%25bd%25d0%25be-%25d1%258f-%25d0%25bc%25d0%25be%25d0%25b3%25d1%2583-%25d0%25b8%25d0%25b3%25d1%2580%25d0%25b0%25d1%2582%25d1%258c-%25d0%25b2-funky-time\">Em quais cassinos online posso jogar Funky Time?<\/h3>\n\n\n<p>O site apresenta o mais recente TOP dos melhores cassinos online onde voc\u00ea pode jogar por dinheiro no Funky Time.<\/p>\n\n\n<h3 class=\"wp-block-heading\" id=\"%25d0%25ba%25d0%25b0%25d0%25ba-%25d0%25b2%25d1%258b%25d0%25b1%25d1%2580%25d0%25b0%25d1%2582%25d1%258c-%25d0%25bb%25d1%2583%25d1%2587%25d1%2588%25d0%25b5%25d0%25b5-%25d0%25ba%25d0%25b0%25d0%25b7%25d0%25b8%25d0%25bd%25d0%25be-%25d0%25b4%25d0%25bb%25d1%258f-%25d0%25b8%25d0%25b3%25d1%2580%25d1%258b-%25d0%25b2-funky-time\">Como escolher o melhor cassino para jogar Funky Time?<\/h3>\n\n\n<p>Ao escolher um casino online, recomenda-se, em primeiro lugar, ter em considera\u00e7\u00e3o a disponibilidade de licen\u00e7a, a gama de sistemas de pagamento, a seguran\u00e7a e os m\u00e9todos de contacto com o suporte. Tamb\u00e9m vale a pena conferir o pre\u00e7o acess\u00edvel do Funky Time.<\/p>\n\n\n<h3 class=\"wp-block-heading\" id=\"%25d1%258f-%25d0%25bd%25d0%25be%25d0%25b2%25d0%25b8%25d1%2587%25d0%25be%25d0%25ba-%25d0%25b2-funky-time-%25d0%25b5%25d1%2581%25d1%2582%25d1%258c-%25d0%25ba%25d0%25b0%25d0%25ba%25d0%25b8%25d0%25b5%25d0%25bd%25d0%25b8%25d0%25b1%25d1%2583%25d0%25b4%25d1%258c-%25d1%2581%25d0%25be%25d0%25b2%25d0%25b5%25d1%2582%25d1%258b\">Sou novo no Funky Time, alguma dica?<\/h3>\n\n\n<p>O principal objetivo do Funky Time \u00e9 se divertir. N\u00e3o se concentre em conseguir uma grande vit\u00f3ria ou em tentar vencer outro jogador. Isso geralmente resulta em perda de saldo e piora do humor. Praticar, estudar as regras do jogo, assistir \u00e0s transmiss\u00f5es e acompanhar as estat\u00edsticas ajudar\u00e1 a aumentar suas chances de vit\u00f3ria.<\/p>\n\n\n<h3 class=\"wp-block-heading\" id=\"%25d1%2581%25d1%2583%25d1%2589%25d0%25b5%25d1%2581%25d1%2582%25d0%25b2%25d1%2583%25d1%258e%25d1%2582-%25d0%25bb%25d0%25b8-%25d0%25bc%25d0%25be%25d0%25b1%25d0%25b8%25d0%25bb%25d1%258c%25d0%25bd%25d1%258b%25d0%25b5-%25d0%25b2%25d0%25b5%25d1%2580%25d1%2581%25d0%25b8%25d0%25b8-%25d0%25ba%25d0%25b0%25d0%25b7%25d0%25b8%25d0%25bd\">Existem vers\u00f5es de cassino m\u00f3vel para jogar Funky Time?<\/h3>\n\n\n<p>Sim, muitos casinos t\u00eam aplica\u00e7\u00f5es m\u00f3veis e vers\u00f5es m\u00f3veis das suas plataformas. Portanto, voc\u00ea pode iniciar o Funky Time a partir de um smartphone, tablet ou outro dispositivo.<\/p>\n\n\n<h3 class=\"wp-block-heading\" id=\"%25d0%25b1%25d0%25b5%25d0%25b7%25d0%25be%25d0%25bf%25d0%25b0%25d1%2581%25d0%25bd%25d0%25be-%25d0%25bb%25d0%25b8-%25d0%25b8%25d0%25b3%25d1%2580%25d0%25b0%25d1%2582%25d1%258c-%25d0%25b2-funky-time-%25d0%25b2-%25d0%25ba%25d0%25b0%25d0%25b7%25d0%25b8%25d0%25bd%25d0%25be-%25d0%25ba%25d0%25be%25d1%2582%25d0%25be%25d1%2580\">\u00c9 seguro jogar Funky Time nos cassinos que voc\u00ea recomenda?<\/h3>\n\n\n<p>Ao compilar a classifica\u00e7\u00e3o, verificamos cuidadosamente cada plataforma quanto \u00e0 conformidade com os crit\u00e9rios e requisitos b\u00e1sicos: desde a licen\u00e7a at\u00e9 os m\u00e9todos de contato com o suporte. Tamb\u00e9m analisamos a utiliza\u00e7\u00e3o de modernas tecnologias de encripta\u00e7\u00e3o pelos casinos online, que garantem a prote\u00e7\u00e3o dos dados dos utilizadores.<\/p>","protected":false},"excerpt":{"rendered":"<p>\u041e\u043d\u043b\u0430\u0439\u043d-\u0438\u0433\u0440\u0430 Funky Time \u043e\u0442 \u043b\u0443\u0447\u0448\u0435\u0433\u043e \u0440\u0430\u0437\u0440\u0430\u0431\u043e\u0442\u0447\u0438\u043a\u0430 \u0430\u0437\u0430\u0440\u0442\u043d\u044b\u0445 \u0440\u0430\u0437\u0432\u043b\u0435\u0447\u0435\u043d\u0438\u0439 \u043f\u043e\u043a\u043e\u0440\u0438\u0442 \u043b\u044e\u0431\u043e\u0433\u043e \u0443\u043d\u0438\u043a\u0430\u043b\u044c\u043d\u043e\u0439 \u0433\u0440\u0430\u0444\u0438\u043a\u043e\u0439 \u0438 \u0432\u0435\u0441\u0435\u043b\u043e\u0439 \u0430\u0442\u043c\u043e\u0441\u0444\u0435\u0440\u043e\u0439. \u0412 \u0434\u043e\u043f\u043e\u043b\u043d\u0435\u043d\u0438\u0435 \u043a \u044d\u0442\u043e\u043c\u0443 \u0438\u0434\u0435\u0442 \u043f\u0440\u0438\u044f\u0442\u043d\u044b\u0439 \u0437\u0432\u0443\u043a \u0438 \u0437\u0430\u0445\u0432\u0430\u0442\u044b\u0432\u0430\u044e\u0449\u0430\u044f \u0438\u0433\u0440\u043e\u0432\u0430\u044f \u043c\u0435\u0445\u0430\u043d\u0438\u043a\u0430. \u041f\u043e\u0441\u043b\u0435 \u0437\u0430\u043f\u0443\u0441\u043a\u0430 Funky Time \u043a\u043b\u0438\u0435\u043d\u0442 \u043a\u0430\u0437\u0438\u043d\u043e \u043f\u043e\u0433\u0440\u0443\u0437\u0438\u0442\u0441\u044f \u0432 \u043d\u0435\u0432\u0435\u0440\u043e\u044f\u0442\u043d\u044b\u0439 \u043c\u0438\u0440, \u043d\u0430\u043f\u043e\u043b\u043d\u0435\u043d\u043d\u043e\u0439 \u043c\u0443\u0437\u044b\u043a\u043e\u0439 \u0438 \u0442\u0430\u043d\u0446\u0430\u043c\u0438, \u043d\u0430 \u0438\u0433\u0440\u043e\u0432\u043e\u043c \u043f\u043e\u043b\u0435 \u0435\u0433\u043e \u0432\u0441\u0442\u0440\u0435\u0442\u0438\u0442 \u0434\u0438\u043b\u0435\u0440, \u043e\u0434\u0435\u0442\u044b\u0439 \u0432 \u044f\u0440\u043a\u0438\u0439 \u043a\u043e\u0441\u0442\u044e\u043c. \u041a\u0430\u0436\u0434\u043e\u0435 \u0432\u0440\u0430\u0449\u0435\u043d\u0438\u0435 \u043a\u043e\u043b\u0435\u0441\u0430 \u0431\u0443\u0434\u0435\u0442 \u0434\u0430\u0440\u0438\u0442\u044c&#8230;<\/p>","protected":false},"author":1,"featured_media":0,"parent":0,"menu_order":0,"comment_status":"closed","ping_status":"closed","template":"","meta":{"_kad_post_transparent":"","_kad_post_title":"","_kad_post_layout":"","_kad_post_sidebar_id":"","_kad_post_content_style":"","_kad_post_vertical_padding":"","_kad_post_feature":"","_kad_post_feature_position":"","_kad_post_header":false,"_kad_post_footer":false,"footnotes":""},"class_list":["post-342","page","type-page","status-publish","hentry"],"aioseo_notices":[],"_links":{"self":[{"href":"https:\/\/funky-time.top\/pt\/wp-json\/wp\/v2\/pages\/342","targetHints":{"allow":["GET"]}}],"collection":[{"href":"https:\/\/funky-time.top\/pt\/wp-json\/wp\/v2\/pages"}],"about":[{"href":"https:\/\/funky-time.top\/pt\/wp-json\/wp\/v2\/types\/page"}],"author":[{"embeddable":true,"href":"https:\/\/funky-time.top\/pt\/wp-json\/wp\/v2\/users\/1"}],"replies":[{"embeddable":true,"href":"https:\/\/funky-time.top\/pt\/wp-json\/wp\/v2\/comments?post=342"}],"version-history":[{"count":5,"href":"https:\/\/funky-time.top\/pt\/wp-json\/wp\/v2\/pages\/342\/revisions"}],"predecessor-version":[{"id":462,"href":"https:\/\/funky-time.top\/pt\/wp-json\/wp\/v2\/pages\/342\/revisions\/462"}],"wp:attachment":[{"href":"https:\/\/funky-time.top\/pt\/wp-json\/wp\/v2\/media?parent=342"}],"curies":[{"name":"wp","href":"https:\/\/api.w.org\/{rel}","templated":true}]}}