{"id":335,"date":"2023-12-01T19:19:24","date_gmt":"2023-12-01T16:19:24","guid":{"rendered":"https:\/\/funky-time.top\/?page_id=335"},"modified":"2023-12-02T12:17:33","modified_gmt":"2023-12-02T09:17:33","slug":"play-funky-time","status":"publish","type":"page","link":"https:\/\/funky-time.top\/tr\/play-funky-time\/","title":{"rendered":"Funky Time Nas\u0131l Oynan\u0131r: Yeni Ba\u015flayanlar \u0130\u00e7in Tam Bir K\u0131lavuz"},"content":{"rendered":"<p><strong>Funky Time<\/strong> giderek pop\u00fclerlik kazanan heyecan verici bir \u00e7evrimi\u00e7i oyundur. Hem kumar d\u00fcnyas\u0131na yeni ba\u015flayanlar hem de deneyimli \u00e7evrimi\u00e7i casino kullan\u0131c\u0131lar\u0131 i\u00e7in uygundur. Funky Time&#039;nin nas\u0131l oynanaca\u011f\u0131n\u0131 anlamak i\u00e7in kurallar\u0131n\u0131, \u00f6zelliklerini ve yeteneklerini dikkate alman\u0131z gerekir.<\/p>\n\n\n\n<div class=\"wp-block-buttons is-content-justification-center is-layout-flex wp-container-core-buttons-is-layout-16018d1d wp-block-buttons-is-layout-flex\">\n<div class=\"wp-block-button\"><a class=\"wp-block-button__link wp-element-button\" href=\"https:\/\/p72zy.bemobtrcks.com\/go\/7c083e47-a62b-4495-90b2-7b8a354eaa14?\">Funky Time&#039;yi oyna<\/a><\/div>\n<\/div>\n\n\n\n<p>Funky Time oyununun geli\u015ftirilmesi Evolution Gaming taraf\u0131ndan ger\u00e7ekle\u015ftirildi. Sa\u011flay\u0131c\u0131, kumarhanelerin ve televizyon oyunlar\u0131n\u0131n klasik unsurlar\u0131n\u0131 birle\u015ftiren benzersiz bir \u00e7evrimi\u00e7i e\u011flence format\u0131 olu\u015fturmay\u0131 ba\u015fard\u0131. B\u00fct\u00fcn bunlar oyunu \u00e7ok heyecanl\u0131 k\u0131l\u0131yor ve oyuncunun s\u0131k\u0131lmas\u0131na izin vermiyor.<\/p>\n\n\n<div class=\"wp-block-image\">\n<figure class=\"aligncenter size-large is-resized\"><img loading=\"lazy\" decoding=\"async\" width=\"1024\" height=\"588\" src=\"https:\/\/funky-time.top\/wp-content\/uploads\/2023\/11\/funky-time-other-1024x588.jpg\" alt=\"Funky Time nas\u0131l oynan\u0131r?\" class=\"wp-image-387\" style=\"width:622px;height:auto\" srcset=\"https:\/\/funky-time.top\/wp-content\/uploads\/2023\/11\/funky-time-other-1024x588.jpg 1024w, https:\/\/funky-time.top\/wp-content\/uploads\/2023\/11\/funky-time-other-300x172.jpg 300w, https:\/\/funky-time.top\/wp-content\/uploads\/2023\/11\/funky-time-other-768x441.jpg 768w, https:\/\/funky-time.top\/wp-content\/uploads\/2023\/11\/funky-time-other-18x10.jpg 18w, https:\/\/funky-time.top\/wp-content\/uploads\/2023\/11\/funky-time-other.jpg 1149w\" sizes=\"auto, (max-width: 1024px) 100vw, 1024px\" \/><\/figure>\n<\/div>\n\n<h2 class=\"wp-block-heading\" id=\"%25d0%25ba%25d0%25b0%25d0%25ba-%25d0%25b8%25d0%25b3%25d1%2580%25d0%25b0%25d1%2582%25d1%258c-%25d0%25b2-funky-time\">Funky Time nas\u0131l oynan\u0131r?<\/h2>\n\n\n<p>Pop\u00fcler bir geli\u015ftiricinin sundu\u011fu heyecan verici bir oyunda \u015fans\u0131n\u0131 denemek isteyenler birka\u00e7 basit ad\u0131m\u0131 izlemeli:<\/p>\n\n\n\n<ol class=\"wp-block-list\">\n<li>Funky Time&#039;nin bulundu\u011fu kumarhanenin resmi web sitesine gidin.<\/li>\n\n\n\n<li>Sisteme kay\u0131t olun.<\/li>\n\n\n\n<li>Hesaba para yat\u0131r\u0131n.<\/li>\n\n\n\n<li>Oyunu ba\u015flat.<\/li>\n\n\n\n<li>\u00c7ip boyutunu se\u00e7in.<\/li>\n\n\n\n<li>Bahsinizi mevcut say\u0131lara ve bonus oyunlara koyun.<\/li>\n\n\n\n<li>Tekerle\u011fi d\u00f6nd\u00fcrmeye ba\u015flay\u0131n.<\/li>\n<\/ol>\n\n\n\n<div class=\"wp-block-buttons is-content-justification-center is-layout-flex wp-container-core-buttons-is-layout-16018d1d wp-block-buttons-is-layout-flex\">\n<div class=\"wp-block-button\"><a class=\"wp-block-button__link wp-element-button\" href=\"https:\/\/p72zy.bemobtrcks.com\/go\/7c083e47-a62b-4495-90b2-7b8a354eaa14?\">Funky Time&#039;yi oyna<\/a><\/div>\n<\/div>\n\n\n\n<p>Kullan\u0131c\u0131n\u0131n bahisi \u00e7ark\u0131n d\u00f6nmesi sonucuyla e\u015fle\u015firse bir \u00f6d\u00fcl alacakt\u0131r. Baz\u0131 \u00e7arpanlar kazanc\u0131n\u0131z\u0131 bir\u00e7ok kez katlayabilir.<\/p>\n\n\n<h2 class=\"wp-block-heading\" id=\"%25d1%2581%25d1%2582%25d1%2580%25d0%25b0%25d1%2582%25d0%25b5%25d0%25b3%25d0%25b8%25d0%25b8-%25d0%25b8-%25d1%2581%25d0%25be%25d0%25b2%25d0%25b5%25d1%2582%25d1%258b-%25d0%25b4%25d0%25bb%25d1%258f-%25d0%25bd%25d0%25b0%25d1%2587%25d0%25b8%25d0%25bd%25d0%25b0%25d1%258e%25d1%2589%25d0%25b8%25d1%2585-%25d0%25b8%25d0%25b3%25d1%2580\">Yeni oyuncular i\u00e7in stratejiler ve ipu\u00e7lar\u0131<\/h2>\n\n\n<p>Funky Time hem yeni ba\u015flayanlara hem de deneyimli kullan\u0131c\u0131lara hitap edecek e\u011flenceli bir oyundur. Bu nedenle yeni bir \u015fey denemek istiyorsan\u0131z bu oyuna daha yak\u0131ndan bakmal\u0131s\u0131n\u0131z. Ve basit \u00f6neriler kazan\u00e7 elde etmenize yard\u0131mc\u0131 olacakt\u0131r:<\/p>\n\n\n\n<ul class=\"wp-block-list\">\n<li>Bahis ve \u00f6deme t\u00fcrlerini incelemek, oyunun hangi versiyonunun daha karl\u0131 olaca\u011f\u0131n\u0131 anlaman\u0131za yard\u0131mc\u0131 olacakt\u0131r;<\/li>\n\n\n\n<li>Oyuna k\u00fc\u00e7\u00fck bahislerle ba\u015flamak, yava\u015f yava\u015f farkl\u0131 stratejiler denemek ve kendi stratejinizi tan\u0131tmak daha iyidir;<\/li>\n\n\n\n<li>Ba\u015far\u0131 \u015fans\u0131n\u0131z\u0131 art\u0131rmak i\u00e7in oyun s\u0131ras\u0131nda istatistiklere dikkat etmelisiniz.<\/li>\n<\/ul>\n\n\n\n<p>Ayr\u0131ca bonus oyunlar\u0131n\u0131 da unutmay\u0131n. Bu sadece kazanc\u0131n\u0131z\u0131 artt\u0131rman\u0131n de\u011fil ayn\u0131 zamanda heyecan\u0131 hissetmenin de harika bir yoludur.<\/p>\n\n\n<h2 class=\"wp-block-heading\" id=\"%25d0%25ba%25d0%25b0%25d0%25ba-%25d0%25b8%25d0%25b3%25d1%2580%25d0%25b0%25d1%2582%25d1%258c-%25d0%25b2-funky-time-%25d0%25b1%25d0%25b5%25d1%2581%25d0%25bf%25d0%25bb%25d0%25b0%25d1%2582%25d0%25bd%25d0%25be-%25d0%25be%25d1%2581%25d0%25be%25d0%25b1%25d0%25b5%25d0%25bd%25d0%25bd%25d0%25be%25d1%2581%25d1%2582%25d0%25b8\">\u00dccretsiz Funky Time nas\u0131l oynan\u0131r: \u00f6zellikler ve alternatifler<\/h2>\n\n\n<p>Funky Time \u00fccretsiz oyun sa\u011flamaz. Bunun nedeni, bunun ger\u00e7ek krupiyerlerle ve ger\u00e7ek parayla bahis oynayan kat\u0131l\u0131mc\u0131larla oynamay\u0131 i\u00e7eren canl\u0131 bir slot olmas\u0131d\u0131r. Ancak bu, alternatifin olmad\u0131\u011f\u0131 anlam\u0131na gelmiyor. Oyunun ak\u0131\u015f\u0131n\u0131 tamamen \u00fccretsiz olarak izleyebilirsiniz. Bu format a\u015fa\u011f\u0131dakilere izin verecektir:<\/p>\n\n\n\n<ul class=\"wp-block-list\">\n<li>e\u011flence atmosferini takdir edin;<\/li>\n\n\n\n<li>kurallar\u0131 ve bahis planlar\u0131n\u0131 anlamak;<\/li>\n\n\n\n<li>funky time&#039;yi ger\u00e7ek parayla oynamaya de\u011fip de\u011fmeyece\u011fini anlay\u0131n.<\/li>\n<\/ul>\n\n\n\n<p>Oyunu kat\u0131lmadan izlemek i\u00e7in yapman\u0131z gerekenler:<\/p>\n\n\n\n<ol class=\"wp-block-list\">\n<li>Funky Time&#039;ye sahip g\u00fcvenilir bir \u00e7evrimi\u00e7i kumarhane bulun.<\/li>\n\n\n\n<li>Resmi web sitesine gidin ve oyunlar b\u00f6l\u00fcm\u00fcn\u00fc a\u00e7\u0131n.<\/li>\n\n\n\n<li>Funky Time&#039;yi bulun ve yay\u0131n\u0131 izlemeye ba\u015flay\u0131n.<\/li>\n<\/ol>\n\n\n\n<p>Ancak sisteme kay\u0131t olman\u0131za gerek yoktur.<\/p>\n\n\n\n<p>\u00dccretsiz oynanan oyunlar i\u00e7in ba\u015fka bir se\u00e7enek daha var: casino bonuslar\u0131. Baz\u0131 b\u00fcy\u00fck siteler, oyuncular\u0131n kendi paralar\u0131n\u0131 harcamadan bahis oynamalar\u0131na olanak tan\u0131yarak bunlar\u0131 sunuyor. Ancak her bonusun \u00e7evrim ko\u015fullar\u0131n\u0131n oldu\u011funu unutmaman\u0131z gerekir. Bu nedenle, bir kumarhaneden hediyeyi etkinle\u015ftirmeden \u00f6nce temel gereksinimleri \u00f6\u011frenmelisiniz.<\/p>\n\n\n<h2 class=\"wp-block-heading\" id=\"%25d0%25ba%25d0%25b0%25d0%25ba-%25d0%25b2%25d1%258b%25d0%25b8%25d0%25b3%25d1%2580%25d0%25b0%25d1%2582%25d1%258c-%25d0%25b2-funky-time-%25d1%2581%25d1%2582%25d1%2580%25d0%25b0%25d1%2582%25d0%25b5%25d0%25b3%25d0%25b8%25d0%25b8-%25d0%25b8-%25d1%2581%25d0%25be%25d0%25b2%25d0%25b5%25d1%2582%25d1%258b-%25d0%25b4%25d0%25bb\">Funky Time&#039;de nas\u0131l kazan\u0131l\u0131r: ba\u015far\u0131l\u0131 oyun i\u00e7in stratejiler ve ipu\u00e7lar\u0131<\/h2>\n\n\n<p>Funky Time tamamen \u015fansa dayal\u0131 bir oyundur ancak kazanma \u015fans\u0131n\u0131z\u0131 art\u0131rmak ve oyundan en iyi \u015fekilde yararlanmak i\u00e7in kullanabilece\u011finiz \u00e7e\u015fitli stratejiler vard\u0131r. Ba\u015far\u0131l\u0131 bir oyun i\u00e7in \u00f6nemli ipu\u00e7lar\u0131:<\/p>\n\n\n\n<ol class=\"wp-block-list\">\n<li>Kurallar\u0131 \u00f6\u011frenmeniz gerekiyor. Atlanmamas\u0131 gereken ilk nokta budur. Oyuna ba\u015flamadan \u00f6nce t\u00fcm kurallar\u0131 iyice okumal\u0131 ve bahis t\u00fcrlerini anlamal\u0131s\u0131n\u0131z. Ancak bu \u015fekilde oyuncu daha sonra dengeli ve bilin\u00e7li bir karar verebilecektir.<\/li>\n\n\n\n<li>Pek \u00e7ok strateji var ama yaln\u0131zca bir tane var. Bu, baz\u0131 oyuncular\u0131n belirli say\u0131lara bahis yapmay\u0131 tercih etti\u011fi, baz\u0131lar\u0131n\u0131n ise bahislerini kademeli olarak art\u0131rma stratejisini tercih edebilece\u011fi anlam\u0131na gelir. Hatta baz\u0131lar\u0131 t\u00fcm say\u0131larla oynamay\u0131 ve bonuslar\u0131 aktif olarak kullanmay\u0131 tercih ediyor. Mevcut bir\u00e7ok \u015fema aras\u0131ndan en ilgi \u00e7ekici olan\u0131 bulmal\u0131 ve oyun boyunca onu takip etmelisiniz.<\/li>\n\n\n\n<li>S\u0131n\u0131rlar\u0131 \u00f6nceden belirlemeye de\u011fer. Kullan\u0131c\u0131n\u0131n oyuna ba\u015flamadan \u00f6nce oyuna ne kadar harcamak istedi\u011fini belirlemesi gerekir. \u00d6zellikle yeni ba\u015flayanlar i\u00e7in \u00e7ok b\u00fcy\u00fck bahisler yap\u0131lmas\u0131 da \u00f6nerilmez.<\/li>\n\n\n\n<li>\u0130statistikler deneyimli bir kullan\u0131c\u0131n\u0131n elindeki ast\u0131r. Onun yard\u0131m\u0131yla kazan\u00e7 \u015feklini belirleyebilir ve b\u00f6ylece kazanma \u015fans\u0131n\u0131z\u0131 art\u0131rabilirsiniz.<\/li>\n\n\n\n<li>Bonus oyunlar\u0131ndan vazge\u00e7menize gerek yok. Oyun s\u0131ras\u0131nda kullan\u0131c\u0131 kazanc\u0131n\u0131 art\u0131rmak i\u00e7in ek \u00f6d\u00fcller ve \u00e7arpanlar alabilir. Bu nedenle tekerle\u011fe dikkat etmeniz ve b\u00fcy\u00fck mebla\u011flar alma f\u0131rsat\u0131n\u0131 ka\u00e7\u0131rmaman\u0131z \u00f6nerilir.<\/li>\n<\/ol>\n\n\n<div class=\"wp-block-image\">\n<figure class=\"aligncenter size-large is-resized\"><img loading=\"lazy\" decoding=\"async\" width=\"1024\" height=\"536\" src=\"https:\/\/funky-time.top\/wp-content\/uploads\/2023\/11\/funky-time-muzhyk-1024x536.jpg\" alt=\"Funky Time&#039;de nas\u0131l kazan\u0131l\u0131r\" class=\"wp-image-388\" style=\"width:611px;height:auto\" srcset=\"https:\/\/funky-time.top\/wp-content\/uploads\/2023\/11\/funky-time-muzhyk-1024x536.jpg 1024w, https:\/\/funky-time.top\/wp-content\/uploads\/2023\/11\/funky-time-muzhyk-300x157.jpg 300w, https:\/\/funky-time.top\/wp-content\/uploads\/2023\/11\/funky-time-muzhyk-768x402.jpg 768w, https:\/\/funky-time.top\/wp-content\/uploads\/2023\/11\/funky-time-muzhyk-1536x804.jpg 1536w, https:\/\/funky-time.top\/wp-content\/uploads\/2023\/11\/funky-time-muzhyk-18x9.jpg 18w, https:\/\/funky-time.top\/wp-content\/uploads\/2023\/11\/funky-time-muzhyk.jpg 1541w\" sizes=\"auto, (max-width: 1024px) 100vw, 1024px\" \/><\/figure>\n<\/div>\n\n\n<p>\u00d6nerilere uymak Funky Time oynaman\u0131n keyfini \u00e7\u0131karman\u0131za yard\u0131mc\u0131 olacakt\u0131r. Ancak, t\u00fcm oyunlar\u0131n \u015fansa dayal\u0131 oldu\u011funu, dolay\u0131s\u0131yla kazanman\u0131n garantili bir yolu olmad\u0131\u011f\u0131n\u0131 unutmamak \u00f6nemlidir.<\/p>\n\n\n<h2 class=\"wp-block-heading\" id=\"%25d0%25b7%25d0%25b0%25d0%25ba%25d0%25bb%25d1%258e%25d1%2587%25d0%25b5%25d0%25bd%25d0%25b8%25d0%25b5\">\u00c7\u00f6z\u00fcm<\/h2>\n\n\n<p>Funky Time, iyi vakit ge\u00e7irmek ve para kazanmak isteyenler i\u00e7in harika bir slottur. Bu sadece \u00e7evrimi\u00e7i casino d\u00fcnyas\u0131ndaki yeni bir \u015fey de\u011fil, ayn\u0131 zamanda etkile\u015fimli \u00f6\u011feler, benzersiz bonus oyunlar\u0131 ve renkli tasar\u0131mla heyecan verici ve yenilik\u00e7i bir e\u011flencedir. B\u00fct\u00fcn bunlar, kumar kul\u00fcb\u00fc m\u00fc\u015fterisinin kendisini ger\u00e7ek bir televizyon \u015fovunun atmosferine kapt\u0131rmas\u0131na olanak tan\u0131r.<\/p>\n\n\n\n<p>Funky Time&#039;yi yaln\u0131zca ger\u00e7ek parayla oynayabilirsiniz ancak dilerseniz kullan\u0131c\u0131 yay\u0131n\u0131 \u00fccretsiz izleyebilir veya casino bonuslar\u0131ndan yararlanabilir. \u00d6nerilere uymak ve stratejiler kullanmak, b\u00fcy\u00fck kazan\u00e7lar elde etme \u015fans\u0131n\u0131z\u0131 art\u0131racakt\u0131r.<\/p>\n\n\n\n<p><\/p>","protected":false},"excerpt":{"rendered":"<p>Funky Time \u2013 \u0443\u0432\u043b\u0435\u043a\u0430\u0442\u0435\u043b\u044c\u043d\u0430\u044f \u043e\u043d\u043b\u0430\u0439\u043d-\u0438\u0433\u0440\u0430, \u043a\u043e\u0442\u043e\u0440\u0430\u044f \u043f\u043e\u0441\u0442\u0435\u043f\u0435\u043d\u043d\u043e \u043d\u0430\u0431\u0438\u0440\u0430\u0435\u0442 \u043f\u043e\u043f\u0443\u043b\u044f\u0440\u043d\u043e\u0441\u0442\u044c. \u041f\u043e\u0434\u043e\u0439\u0434\u0435\u0442 \u043a\u0430\u043a \u043d\u043e\u0432\u0438\u0447\u043a\u0430\u043c \u0432 \u043c\u0438\u0440\u0435 \u0430\u0437\u0430\u0440\u0442\u0430, \u0442\u0430\u043a \u043e\u043f\u044b\u0442\u043d\u044b\u043c \u043f\u043e\u043b\u044c\u0437\u043e\u0432\u0430\u0442\u0435\u043b\u044f\u043c \u043e\u043d\u043b\u0430\u0439\u043d-\u043a\u0430\u0437\u0438\u043d\u043e. \u0427\u0442\u043e\u0431\u044b \u0440\u0430\u0437\u043e\u0431\u0440\u0430\u0442\u044c\u0441\u044f, \u043a\u0430\u043a \u0438\u0433\u0440\u0430\u0442\u044c \u0432 Funky Time, \u043d\u0443\u0436\u043d\u043e \u0440\u0430\u0441\u0441\u043c\u043e\u0442\u0440\u0435\u0442\u044c \u0435\u0435 \u043f\u0440\u0430\u0432\u0438\u043b\u0430, \u043e\u0441\u043e\u0431\u0435\u043d\u043d\u043e\u0441\u0442\u0438 \u0438 \u0432\u043e\u0437\u043c\u043e\u0436\u043d\u043e\u0441\u0442\u0438. \u0420\u0430\u0437\u0440\u0430\u0431\u043e\u0442\u043a\u043e\u0439 \u0438\u0433\u0440\u044b Funky Time \u0437\u0430\u043d\u0438\u043c\u0430\u043b\u0430\u0441\u044c \u043a\u043e\u043c\u043f\u0430\u043d\u0438\u044f Evolution Gaming. \u041f\u0440\u043e\u0432\u0430\u0439\u0434\u0435\u0440\u0443 \u0443\u0434\u0430\u043b\u043e\u0441\u044c \u0441\u043e\u0437\u0434\u0430\u0442\u044c \u0443\u043d\u0438\u043a\u0430\u043b\u044c\u043d\u044b\u0439 \u0444\u043e\u0440\u043c\u0430\u0442 \u043e\u043d\u043b\u0430\u0439\u043d-\u0440\u0430\u0437\u0432\u043b\u0435\u0447\u0435\u043d\u0438\u0439, \u043a\u043e\u0442\u043e\u0440\u044b\u0439 \u0441\u043e\u0447\u0435\u0442\u0430\u0435\u0442 \u0432 \u0441\u0435\u0431\u0435 \u043a\u043b\u0430\u0441\u0441\u0438\u0447\u0435\u0441\u043a\u0438\u0435 \u044d\u043b\u0435\u043c\u0435\u043d\u0442\u044b \u043a\u0430\u0437\u0438\u043d\u043e \u0438&#8230;<\/p>","protected":false},"author":1,"featured_media":0,"parent":0,"menu_order":0,"comment_status":"closed","ping_status":"closed","template":"","meta":{"_kad_post_transparent":"","_kad_post_title":"","_kad_post_layout":"","_kad_post_sidebar_id":"","_kad_post_content_style":"","_kad_post_vertical_padding":"","_kad_post_feature":"","_kad_post_feature_position":"","_kad_post_header":false,"_kad_post_footer":false,"footnotes":""},"class_list":["post-335","page","type-page","status-publish","hentry"],"aioseo_notices":[],"_links":{"self":[{"href":"https:\/\/funky-time.top\/tr\/wp-json\/wp\/v2\/pages\/335","targetHints":{"allow":["GET"]}}],"collection":[{"href":"https:\/\/funky-time.top\/tr\/wp-json\/wp\/v2\/pages"}],"about":[{"href":"https:\/\/funky-time.top\/tr\/wp-json\/wp\/v2\/types\/page"}],"author":[{"embeddable":true,"href":"https:\/\/funky-time.top\/tr\/wp-json\/wp\/v2\/users\/1"}],"replies":[{"embeddable":true,"href":"https:\/\/funky-time.top\/tr\/wp-json\/wp\/v2\/comments?post=335"}],"version-history":[{"count":7,"href":"https:\/\/funky-time.top\/tr\/wp-json\/wp\/v2\/pages\/335\/revisions"}],"predecessor-version":[{"id":466,"href":"https:\/\/funky-time.top\/tr\/wp-json\/wp\/v2\/pages\/335\/revisions\/466"}],"wp:attachment":[{"href":"https:\/\/funky-time.top\/tr\/wp-json\/wp\/v2\/media?parent=335"}],"curies":[{"name":"wp","href":"https:\/\/api.w.org\/{rel}","templated":true}]}}