{"id":338,"date":"2023-12-01T19:19:28","date_gmt":"2023-12-01T16:19:28","guid":{"rendered":"https:\/\/funky-time.top\/?page_id=338"},"modified":"2023-12-02T12:17:08","modified_gmt":"2023-12-02T09:17:08","slug":"statistic-funky-time","status":"publish","type":"page","link":"https:\/\/funky-time.top\/tr\/statistic-funky-time\/","title":{"rendered":"Funky Time \u0130statistikleri"},"content":{"rendered":"<p>Funky Time istatistikleri - kay\u0131tl\u0131 casino m\u00fc\u015fterisini ho\u015f m\u00fczik, parlak grafikler ve renkli kost\u00fcmler giymi\u015f krupiyerlerin d\u00fcnyas\u0131na g\u00f6t\u00fcrecek bir oyun. Oyunun istatistiksel g\u00f6stergelerini incelemek, kazanmakla ilgilenen her oyuncu i\u00e7in avantaj olabilir. Funky Time istatistiklerine ge\u00e7meden \u00f6nce sembollerin konumlar\u0131n\u0131n nas\u0131l da\u011f\u0131t\u0131ld\u0131\u011f\u0131n\u0131 anlaman\u0131z gerekir.<\/p>\n\n\n\n<div class=\"wp-block-buttons is-content-justification-center is-layout-flex wp-container-core-buttons-is-layout-16018d1d wp-block-buttons-is-layout-flex\">\n<div class=\"wp-block-button\"><a class=\"wp-block-button__link wp-element-button\" href=\"https:\/\/p72zy.bemobtrcks.com\/go\/7c083e47-a62b-4495-90b2-7b8a354eaa14?\"><strong>Funky Time&#039;yi oyna<\/strong><\/a><\/div>\n<\/div>\n\n\n\n<figure class=\"wp-block-table\"><table><tbody><tr><td><strong>Sembol ad\u0131<\/strong><\/td><td><strong>Pozisyon say\u0131s\u0131<\/strong><\/td><\/tr><tr><td>1 NUMARA<\/td><td>28<\/td><\/tr><tr><td>OYNAMAK<\/td><td>harf ba\u015f\u0131na 2<\/td><\/tr><tr><td>e\u011flenceli<\/td><td>harf ba\u015f\u0131na 2<\/td><\/tr><tr><td>ZAMAN<\/td><td>harf ba\u015f\u0131na 2<\/td><\/tr><tr><td>\u00c7UBUK<\/td><td>6<\/td><\/tr><tr><td>D\u0130SKO<\/td><td>3<\/td><\/tr><tr><td>HAYATTA KAL<\/td><td>2<\/td><\/tr><tr><td>D\u0130SKO VIP<\/td><td>1<\/td><\/tr><\/tbody><\/table><figcaption class=\"wp-element-caption\">\u0130statistikler ve analiz Funky Time<\/figcaption><\/figure>\n\n\n<h2 class=\"wp-block-heading\" id=\"%25d0%25ba%25d0%25be%25d1%258d%25d1%2584%25d1%2584%25d0%25b8%25d1%2586%25d0%25b8%25d0%25b5%25d0%25bd%25d1%2582%25d1%258b-%25d1%2581%25d0%25b8%25d0%25bc%25d0%25b2%25d0%25be%25d0%25bb%25d0%25be%25d0%25b2-funky-time\">Funky Time sembol katsay\u0131lar\u0131<\/h2>\n\n\n<p>Kazanman\u0131n anahtar\u0131, kazanma \u015fans\u0131n\u0131z\u0131n ne oldu\u011funu anlamakt\u0131r. Evet, kesin oranlar yaln\u0131zca slot algoritmalar\u0131na ba\u011fl\u0131d\u0131r ve bu, geli\u015ftiricilerin a\u00e7\u0131klamad\u0131\u011f\u0131 bir s\u0131rd\u0131r. Ancak belirli g\u00f6r\u00fcnt\u00fclerin g\u00f6r\u00fcnme s\u0131kl\u0131\u011f\u0131na ili\u015fkin k\u00fc\u00e7\u00fck bir \u00f6zet bulunmaktad\u0131r.<\/p>\n\n\n\n<figure class=\"wp-block-table\"><table><tbody><tr><td><strong>Sembol ad\u0131<\/strong><\/td><td><strong>D\u00fc\u015fme y\u00fczdesi, %<\/strong><\/td><td><strong>D\u00fc\u015fme \u015eans\u0131<\/strong><\/td><\/tr><tr><td>1 NUMARA<\/td><td>43,75<\/td><td>Y\u00fcksek<\/td><\/tr><tr><td>OYNAMAK<\/td><td>12,5<\/td><td>Ortalama<\/td><\/tr><tr><td>e\u011flenceli<\/td><td>12,5<\/td><td>Ortalama<\/td><\/tr><tr><td>ZAMAN<\/td><td>12,5<\/td><td>Ortalama<\/td><\/tr><tr><td>\u00c7UBUK<\/td><td>3,38<\/td><td>Ortalama<\/td><\/tr><tr><td>D\u0130SKO<\/td><td>4,69<\/td><td>D\u00fc\u015f\u00fck<\/td><\/tr><tr><td>HAYATTA KAL<\/td><td>3,13<\/td><td>D\u00fc\u015f\u00fck<\/td><\/tr><tr><td>D\u0130SKO VIP<\/td><td>1,56<\/td><td>D\u00fc\u015f\u00fck<\/td><\/tr><\/tbody><\/table><figcaption class=\"wp-element-caption\">Semboller ve oranlar Funky Time<\/figcaption><\/figure>\n\n\n\n<p>Funky Time oynamak i\u00e7in sembol d\u00fc\u015fme istatistikleri \u00fczerinde \u00e7al\u0131\u015f\u0131lmas\u0131 gereken bir g\u00f6stergedir. Bu, \u00f6zellikle bu \u00f6neriyi dikkate alarak oyunun mekani\u011fini anlayabilecek ve kendilerini zafere haz\u0131rlayabilecek acemi kullan\u0131c\u0131lar i\u00e7in ge\u00e7erlidir.<\/p>\n\n\n\n<p>Ancak \u00e7o\u011fu durumda elde edilen sonucun tamamen \u015fans eseri oldu\u011funu unutmamal\u0131y\u0131z. Bu nedenle, bir dizi ba\u015far\u0131s\u0131zl\u0131kla kar\u015f\u0131la\u015f\u0131rsan\u0131z, kaybetti\u011finiz tutar\u0131 geri kazanmaya \u00e7al\u0131\u015fmamal\u0131s\u0131n\u0131z. T\u00fcm paran\u0131z\u0131 kaybetme riskini ortadan kald\u0131rmak i\u00e7in oyun limitlerini \u00f6nceden durdurmak veya belirlemek daha iyidir.<\/p>\n\n\n\n<div class=\"wp-block-buttons is-content-justification-center is-layout-flex wp-container-core-buttons-is-layout-16018d1d wp-block-buttons-is-layout-flex\">\n<div class=\"wp-block-button\"><a class=\"wp-block-button__link wp-element-button\" href=\"https:\/\/p72zy.bemobtrcks.com\/go\/7c083e47-a62b-4495-90b2-7b8a354eaa14?\"><strong>Funky Time&#039;yi oyna<\/strong><\/a><\/div>\n<\/div>\n\n\n<h2 class=\"wp-block-heading\" id=\"%25d1%2581%25d1%2582%25d0%25b0%25d1%2582%25d0%25b8%25d1%2581%25d1%2582%25d0%25b8%25d0%25ba%25d0%25b0-%25d0%25be%25d0%25bd%25d0%25bb%25d0%25b0%25d0%25b9%25d0%25bd%25d0%25ba%25d0%25b0%25d0%25b7%25d0%25b8%25d0%25bd%25d0%25be\">\u00c7evrimi\u00e7i kumarhane istatistikleri<\/h2>\n\n\n<p>\u00c7evrimi\u00e7i kumarhane, oyunculara kapsaml\u0131 istatistikler sunar; bunlar\u0131n do\u011fru kullan\u0131m\u0131, herhangi bir slotun \u00f6zelliklerini daha iyi anlamalar\u0131na ve herhangi bir oyunun dinamiklerini daha iyi anlamalar\u0131na olanak tan\u0131r. Ayn\u0131 zamanda bir\u00e7ok insan\u0131n benzersiz bir kazanma stratejisi olu\u015fturmas\u0131na da yard\u0131mc\u0131 olur. \u0130statistikler a\u015fa\u011f\u0131dakileri i\u00e7erir:<\/p>\n\n\n\n<ol class=\"wp-block-list\">\n<li>Teklif zaman\u0131. Oyuncu son bahsin ne zaman yap\u0131ld\u0131\u011f\u0131n\u0131 g\u00f6rebilir. Bu, oyunun ne zaman aktif d\u00f6nemleri oldu\u011funu ve ne zaman sessiz oldu\u011funu anlaman\u0131z\u0131 sa\u011flar.<\/li>\n\n\n\n<li>Bahis tutar\u0131. Oyuncular\u0131n hangi miktarlarda bahis oynad\u0131\u011f\u0131n\u0131 g\u00f6sterir. Yeni bir kullan\u0131c\u0131 bu bilgiyi kullanarak hangi bahislerin b\u00fcy\u00fck miktarlar veya bonuslar \u015feklinde en iyi yan\u0131t\u0131 verdi\u011fi sonucuna varabilir.<\/li>\n\n\n\n<li>Kullan\u0131c\u0131 takma ad\u0131. Bu istatistik, di\u011fer oyuncularla rekabet etmeyi seven deneyimli casino m\u00fc\u015fterileri i\u00e7in daha uygundur.<\/li>\n\n\n\n<li>Bahis \u00e7arpan\u0131. Say\u0131, kullan\u0131c\u0131n\u0131n kazand\u0131ktan sonra bahisinin ka\u00e7 kat art\u0131r\u0131ld\u0131\u011f\u0131n\u0131 g\u00f6sterir. Bahislerin potansiyelini anlamak isteyenler i\u00e7in izlemeye de\u011fer.<\/li>\n\n\n\n<li>Kazan\u00e7lar. Bir\u00e7ok kumarhanenin istatistikleri, m\u00fc\u015fterilerin Funky Time oynarken ald\u0131klar\u0131 miktarlara ili\u015fkin veriler sa\u011flar.<\/li>\n\n\n\n<li>Bahsin para birimi. Bazen \u00f6nceki betalar\u0131n hangi para biriminde oldu\u011funu bilmek yararl\u0131 olabilir. Bu durum istatistiklere de yans\u0131yor.<\/li>\n\n\n\n<li>Oyun ge\u00e7mi\u015fi. Bazen Funky Time&#039;deki \u00f6nceki oyunlar\u0131n verilerine bakabilirsiniz, bu da herhangi bir e\u011filimi belirlemenize olanak tan\u0131r.<\/li>\n\n\n\n<li>Bonus alma s\u0131kl\u0131\u011f\u0131. Funky Time&#039;de b\u00fcy\u00fck kazan\u00e7lar sa\u011flayan \u00e7e\u015fitli bonus turlar\u0131 ve semboller bulunur. \u0130deal aral\u0131klar\u0131 planlamak i\u00e7in istatistiklerde bunlar\u0131n ne s\u0131kl\u0131kta ger\u00e7ekle\u015fti\u011fini g\u00f6rebilirsiniz.<\/li>\n\n\n\n<li>RTP. Geri d\u00f6n\u00fc\u015f oran\u0131 ayn\u0131 zamanda istatistiklere de at\u0131fta bulunur. Kullan\u0131c\u0131, onun yard\u0131m\u0131yla bahislerinden ne kadar geri alaca\u011f\u0131n\u0131 belirleyebilecektir.<\/li>\n<\/ol>\n\n\n<div class=\"wp-block-image\">\n<figure class=\"aligncenter size-full\"><img loading=\"lazy\" decoding=\"async\" width=\"665\" height=\"324\" src=\"https:\/\/funky-time.top\/wp-content\/uploads\/2023\/11\/funky-time-stats-72-hours.jpg\" alt=\"72 saatlik funky time istatistikleri\" class=\"wp-image-424\" srcset=\"https:\/\/funky-time.top\/wp-content\/uploads\/2023\/11\/funky-time-stats-72-hours.jpg 665w, https:\/\/funky-time.top\/wp-content\/uploads\/2023\/11\/funky-time-stats-72-hours-300x146.jpg 300w, https:\/\/funky-time.top\/wp-content\/uploads\/2023\/11\/funky-time-stats-72-hours-18x9.jpg 18w\" sizes=\"auto, (max-width: 665px) 100vw, 665px\" \/><\/figure>\n<\/div>\n\n\n<p>Casino istatistikleri kullan\u0131labilecek genel bir ara\u00e7t\u0131r ancak Funky Time oynarken bunlara g\u00fcvenilmemelidir. Platformun g\u00f6sterdi\u011fi verileri hesaba katabilirsiniz, ancak ayn\u0131 zamanda kendi finansal yeteneklerinizi de hesaba katabilirsiniz ve duygular\u0131n veya birini yenme arzusunun y\u00f6nlendirmesine kap\u0131lmay\u0131n.<\/p>\n\n\n<h2 class=\"wp-block-heading\" id=\"%25d0%25b2%25d1%258b%25d0%25b2%25d0%25be%25d0%25b4%25d1%258b\">sonu\u00e7lar<\/h2>\n\n\n<p><strong>Oyun Funky Time<\/strong> e\u011flence dolu, onu bu kadar ilgin\u00e7 k\u0131lan da bu. Her oyuncunun herhangi bir turu kazanma \u015fans\u0131 vard\u0131r, bu nedenle e\u011flence bir\u00e7ok \u00e7evrimi\u00e7i kumarhanede pop\u00fclerdir. Kazanma \u015fans\u0131n\u0131 art\u0131rmak i\u00e7in kullan\u0131c\u0131n\u0131n se\u00e7ilen stratejiyi geli\u015ftirmeye yard\u0131mc\u0131 olacak istatistiksel g\u00f6stergelere \u00f6zellikle dikkat etmesi gerekir.<\/p>\n\n\n<div class=\"wp-block-image\">\n<figure class=\"aligncenter size-large is-resized\"><img loading=\"lazy\" decoding=\"async\" width=\"1024\" height=\"621\" src=\"https:\/\/funky-time.top\/wp-content\/uploads\/2023\/11\/funky-time-1-1024x621.jpg\" alt=\"funky time kumarhane istatistikleri\" class=\"wp-image-426\" style=\"width:702px;height:auto\" srcset=\"https:\/\/funky-time.top\/wp-content\/uploads\/2023\/11\/funky-time-1-1024x621.jpg 1024w, https:\/\/funky-time.top\/wp-content\/uploads\/2023\/11\/funky-time-1-300x182.jpg 300w, https:\/\/funky-time.top\/wp-content\/uploads\/2023\/11\/funky-time-1-768x466.jpg 768w, https:\/\/funky-time.top\/wp-content\/uploads\/2023\/11\/funky-time-1-18x12.jpg 18w, https:\/\/funky-time.top\/wp-content\/uploads\/2023\/11\/funky-time-1.jpg 1230w\" sizes=\"auto, (max-width: 1024px) 100vw, 1024px\" \/><\/figure>\n<\/div>\n\n\n<p><strong>Funky Time<\/strong> \u2013 Okula veya i\u015f g\u00fcn\u00fcne ara verip keyifli m\u00fczik e\u015fli\u011finde dinlenme f\u0131rsat\u0131. Oyun ayn\u0131 zamanda kay\u0131tl\u0131 kullan\u0131c\u0131lara b\u00fcy\u00fck miktarda kazanma \u015fans\u0131 da veriyor. Ancak, sorumlu kumar ilkelerini hat\u0131rlamak ve bir dizi ba\u015far\u0131s\u0131zl\u0131k durumunda telafi etmeye \u00e7al\u0131\u015fmamak her zaman \u00f6nemlidir.<\/p>","protected":false},"excerpt":{"rendered":"<p>\u0421\u0442\u0430\u0442\u0438\u0441\u0442\u0438\u043a\u0430 Funky Time \u2013 \u0438\u0433\u0440\u044b, \u043a\u043e\u0442\u043e\u0440\u0430\u044f \u043f\u0435\u0440\u0435\u043d\u0435\u0441\u0435\u0442 \u0437\u0430\u0440\u0435\u0433\u0438\u0441\u0442\u0440\u0438\u0440\u043e\u0432\u0430\u043d\u043d\u043e\u0433\u043e \u043a\u043b\u0438\u0435\u043d\u0442\u0430 \u043a\u0430\u0437\u0438\u043d\u043e \u0432 \u043c\u0438\u0440 \u043f\u0440\u0438\u044f\u0442\u043d\u043e\u0439 \u043c\u0443\u0437\u044b\u043a\u0438, \u044f\u0440\u043a\u043e\u0439 \u0433\u0440\u0430\u0444\u0438\u043a\u0438 \u0438 \u0434\u0438\u043b\u0435\u0440\u043e\u0432, \u043e\u0434\u0435\u0442\u044b\u0445 \u0432 \u043f\u0435\u0441\u0442\u0440\u044b\u0435 \u043a\u043e\u0441\u0442\u044e\u043c\u044b. \u0418\u0437\u0443\u0447\u0435\u043d\u0438\u0435 \u0441\u0442\u0430\u0442\u0438\u0441\u0442\u0438\u0447\u0435\u0441\u043a\u0438\u0445 \u043f\u043e\u043a\u0430\u0437\u0430\u0442\u0435\u043b\u0435\u0439 \u0438\u0433\u0440\u044b \u0441\u043f\u043e\u0441\u043e\u0431\u043d\u043e \u0441\u0442\u0430\u0442\u044c \u043f\u0440\u0435\u0438\u043c\u0443\u0449\u0435\u0441\u0442\u0432\u043e\u043c \u043b\u044e\u0431\u043e\u0433\u043e \u0438\u0433\u0440\u043e\u043a\u0430, \u0447\u0442\u043e \u0437\u0430\u0438\u043d\u0442\u0435\u0440\u0435\u0441\u043e\u0432\u0430\u043d \u0432 \u043f\u043e\u0431\u0435\u0434\u0435. \u041f\u0440\u0435\u0436\u0434\u0435, \u0447\u0435\u043c \u043f\u0435\u0440\u0435\u0445\u043e\u0434\u0438\u0442\u044c \u043a \u0441\u0442\u0430\u0442\u0438\u0441\u0442\u0438\u043a\u0435 Funky Time, \u043d\u0443\u0436\u043d\u043e \u043f\u043e\u043d\u044f\u0442\u044c, \u043a\u0430\u043a \u0440\u0430\u0441\u043f\u0440\u0435\u0434\u0435\u043b\u044f\u044e\u0442\u0441\u044f \u043f\u043e\u0437\u0438\u0446\u0438\u0438 \u0434\u043b\u044f \u0441\u0438\u043c\u0432\u043e\u043b\u043e\u0432. \u041d\u0430\u0438\u043c\u0435\u043d\u043e\u0432\u0430\u043d\u0438\u0435 \u0441\u0438\u043c\u0432\u043e\u043b\u0430 \u041a\u043e\u043b\u0438\u0447\u0435\u0441\u0442\u0432\u043e \u043f\u043e\u0437\u0438\u0446\u0438\u0439 \u0427\u0418\u0421\u041b\u041e 1&#8230;<\/p>","protected":false},"author":1,"featured_media":0,"parent":0,"menu_order":0,"comment_status":"closed","ping_status":"closed","template":"","meta":{"_kad_post_transparent":"","_kad_post_title":"","_kad_post_layout":"","_kad_post_sidebar_id":"","_kad_post_content_style":"","_kad_post_vertical_padding":"","_kad_post_feature":"","_kad_post_feature_position":"","_kad_post_header":false,"_kad_post_footer":false,"footnotes":""},"class_list":["post-338","page","type-page","status-publish","hentry"],"aioseo_notices":[],"_links":{"self":[{"href":"https:\/\/funky-time.top\/tr\/wp-json\/wp\/v2\/pages\/338","targetHints":{"allow":["GET"]}}],"collection":[{"href":"https:\/\/funky-time.top\/tr\/wp-json\/wp\/v2\/pages"}],"about":[{"href":"https:\/\/funky-time.top\/tr\/wp-json\/wp\/v2\/types\/page"}],"author":[{"embeddable":true,"href":"https:\/\/funky-time.top\/tr\/wp-json\/wp\/v2\/users\/1"}],"replies":[{"embeddable":true,"href":"https:\/\/funky-time.top\/tr\/wp-json\/wp\/v2\/comments?post=338"}],"version-history":[{"count":13,"href":"https:\/\/funky-time.top\/tr\/wp-json\/wp\/v2\/pages\/338\/revisions"}],"predecessor-version":[{"id":465,"href":"https:\/\/funky-time.top\/tr\/wp-json\/wp\/v2\/pages\/338\/revisions\/465"}],"wp:attachment":[{"href":"https:\/\/funky-time.top\/tr\/wp-json\/wp\/v2\/media?parent=338"}],"curies":[{"name":"wp","href":"https:\/\/api.w.org\/{rel}","templated":true}]}}