{"id":342,"date":"2023-12-01T19:19:18","date_gmt":"2023-12-01T16:19:18","guid":{"rendered":"https:\/\/funky-time.top\/?page_id=342"},"modified":"2023-12-02T12:16:41","modified_gmt":"2023-12-02T09:16:41","slug":"funky-time-casino","status":"publish","type":"page","link":"https:\/\/funky-time.top\/tr\/funky-time-casino\/","title":{"rendered":"En iyi \u00e7evrimi\u00e7i casinolarda Funky Time"},"content":{"rendered":"<p>Kumar e\u011flencesinin en iyi geli\u015ftiricisinin sundu\u011fu \u00e7evrimi\u00e7i oyun Funky Time, benzersiz grafikleri ve e\u011flenceli atmosferiyle herkesi b\u00fcy\u00fcleyecek. Buna ek olarak ho\u015f bir ses ve heyecan verici oyun mekani\u011fi var. Funky Time&#039;yi ba\u015flatt\u0131ktan sonra kumarhane m\u00fc\u015fterisi m\u00fczik ve dansla dolu inan\u0131lmaz bir d\u00fcnyaya dalacak; oyun alan\u0131nda parlak bir tak\u0131m elbise giymi\u015f bir krupiyer taraf\u0131ndan kar\u015f\u0131lanacak. \u00c7ark\u0131n her d\u00f6n\u00fc\u015f\u00fc yeni duygular verecektir.<\/p>\n\n\n\n<div class=\"wp-block-buttons is-content-justification-center is-layout-flex wp-container-core-buttons-is-layout-16018d1d wp-block-buttons-is-layout-flex\">\n<div class=\"wp-block-button\"><a class=\"wp-block-button__link wp-element-button\" href=\"https:\/\/p72zy.bemobtrcks.com\/go\/7c083e47-a62b-4495-90b2-7b8a354eaa14?\"><strong>Funky Time&#039;yi oyna<\/strong><\/a><\/div>\n<\/div>\n\n\n\n<p>Funky Time&#039;yi yaln\u0131zca zaman\u0131nda ve adil \u00f6demeleri garanti eden g\u00fcvenilir casinolarda oynaman\u0131z \u00f6nerilir. B\u00f6yle bir platform bulmak her zaman m\u00fcmk\u00fcn olmuyor ancak birka\u00e7 tavsiyeyi dikkate al\u0131rsan\u0131z m\u00fcmk\u00fcn.<\/p>\n\n\n<h2 class=\"wp-block-heading\" id=\"%25d0%25ba%25d0%25b0%25d0%25ba-%25d0%25bc%25d1%258b-%25d0%25bd%25d0%25b0%25d1%2585%25d0%25be%25d0%25b4%25d0%25b8%25d0%25bc-%25d0%25bb%25d1%2583%25d1%2587%25d1%2588%25d0%25b8%25d0%25b5-%25d0%25ba%25d0%25b0%25d0%25b7%25d0%25b8%25d0%25bd%25d0%25be-%25d0%25b4%25d0%25bb%25d1%258f-%25d0%25b8%25d0%25b3%25d1%2580%25d1%258b-%25d0%25b2\">Funky Time oynamak i\u00e7in en iyi casinolar\u0131 nas\u0131l buluruz?<\/h2>\n\n\n<p>Di\u011fer sitelerin \u00e7o\u011fundan farkl\u0131 olarak kayna\u011f\u0131m\u0131z, Funky Time oynayabilece\u011finiz en iyi \u00e7evrimi\u00e7i casinolar\u0131 se\u00e7me konusunda \u00f6zel bir yakla\u015f\u0131m benimsiyor. Ana arama kriterleri:<\/p>\n\n\n\n<ol class=\"wp-block-list\">\n<li>Lisans. G\u00fcvenilir bir kumar sitesi ararken ilk bakt\u0131\u011f\u0131m\u0131z \u015fey budur. Lisansa sahip olmak, adil ve g\u00fcvenli oyunun yan\u0131 s\u0131ra zaman\u0131nda \u00f6deme yap\u0131lmas\u0131n\u0131 da garanti eder. Belgenin sayg\u0131n bir kumar d\u00fczenleyicisi taraf\u0131ndan verilmi\u015f olmas\u0131 \u00f6nemlidir.<\/li>\n\n\n\n<li>Emniyet. Potansiyel bir m\u00fc\u015fteri, kay\u0131t s\u0131ras\u0131nda verilerinin \u00fc\u00e7\u00fcnc\u00fc \u015fah\u0131slar\u0131n eline ge\u00e7memesini sa\u011flamakla her zaman ilgilenir. Yaln\u0131zca \u00f6zel \u015fifreleme kullanan d\u00fcr\u00fcst ve g\u00fcvenilir casinolar bunu garanti edebilir.<\/li>\n\n\n\n<li>Bonus politikas\u0131. Bonus politikas\u0131n\u0131 dikkatlice inceliyoruz: hediyelerin boyutundan bahis ko\u015fullar\u0131na kadar.<\/li>\n\n\n\n<li>Funky Time&#039;nin kullan\u0131labilirli\u011fi. Biz de bu noktaya \u00f6zellikle dikkat ediyoruz. Oyunun kolayca ba\u015flat\u0131lmas\u0131 ve her cihazda m\u00fckemmel \u015fekilde \u00e7al\u0131\u015fmas\u0131 \u00f6nemlidir.<\/li>\n\n\n\n<li>Destek servisi. G\u00fcvenilir bir kumarhane, oyun s\u0131ras\u0131nda ortaya \u00e7\u0131kabilecek soru ve sorunlar\u0131 \u00e7\u00f6zmek i\u00e7in bir yard\u0131m hatt\u0131 \u00e7al\u0131\u015fan\u0131yla h\u0131zl\u0131 bir \u015fekilde ileti\u015fime ge\u00e7me f\u0131rsat\u0131d\u0131r. En iyi \u00e7evrimi\u00e7i kumarhaneler, teknik destekle ileti\u015fim kurman\u0131n en az 3 yolunu sunar.<\/li>\n\n\n\n<li>\u00d6deme sistemleri. Bir kumarhane ararken, hesab\u0131n\u0131z\u0131 yenilemek ve \u00f6deme almak i\u00e7in mevcut y\u00f6ntemleri inceliyoruz. En iyi platformlar \u00e7ok \u00e7e\u015fitli \u00f6deme sistemlerine ve h\u0131zl\u0131 i\u015flem s\u00fcre\u00e7lerine sahiptir.<\/li>\n<\/ol>\n\n\n\n<p>Ayr\u0131ca \u015firketin itibar\u0131n\u0131 da dikkate al\u0131yoruz. Bu, incelemeleri, incelemeleri okuyarak yap\u0131labilir. Yakla\u015f\u0131m\u0131m\u0131z benzersizdir \u00e7\u00fcnk\u00fc ayn\u0131 anda bir\u00e7ok \u00f6nemli noktaya de\u011finmektedir. De\u011ferlendirmelerimizde tarafs\u0131z\u0131z, bu nedenle bize g\u00fcvenebilirsiniz.<\/p>\n\n\n<h2 class=\"wp-block-heading\" id=\"%25d0%25b7%25d0%25b0%25d0%25ba%25d0%25bb%25d1%258e%25d1%2587%25d0%25b5%25d0%25bd%25d0%25b8%25d0%25b5\">\u00c7\u00f6z\u00fcm<\/h2>\n\n\n<p>Kayna\u011f\u0131m\u0131z\u0131n kullan\u0131c\u0131lar\u0131na Funky Time oynamak i\u00e7in yaln\u0131zca g\u00fcvenilir siteler sunmaya \u00f6zen g\u00f6steriyoruz. En iyi \u00e7evrimi\u00e7i kumarhanelerin listesi periyodik olarak g\u00fcncellenmektedir: yeni platformlar ortaya \u00e7\u0131k\u0131yor ve liderlerin yerleri de\u011fi\u015fiyor.<\/p>\n\n\n<h2 class=\"wp-block-heading\" id=\"faq\">SSS<\/h2>\n\n<h3 class=\"wp-block-heading\" id=\"%25d0%25b2-%25d0%25ba%25d0%25b0%25d0%25ba%25d0%25b8%25d1%2585-%25d0%25be%25d0%25bd%25d0%25bb%25d0%25b0%25d0%25b9%25d0%25bd-%25d0%25ba%25d0%25b0%25d0%25b7%25d0%25b8%25d0%25bd%25d0%25be-%25d1%258f-%25d0%25bc%25d0%25be%25d0%25b3%25d1%2583-%25d0%25b8%25d0%25b3%25d1%2580%25d0%25b0%25d1%2582%25d1%258c-%25d0%25b2-funky-time\">Funky Time&#039;yi hangi \u00e7evrimi\u00e7i casinolarda oynayabilirim?<\/h3>\n\n\n<p>Site, Funky Time&#039;de parayla oynayabilece\u011finiz en iyi \u00e7evrimi\u00e7i kumarhanelerin en yeni TOP&#039;unu sunar.<\/p>\n\n\n<h3 class=\"wp-block-heading\" id=\"%25d0%25ba%25d0%25b0%25d0%25ba-%25d0%25b2%25d1%258b%25d0%25b1%25d1%2580%25d0%25b0%25d1%2582%25d1%258c-%25d0%25bb%25d1%2583%25d1%2587%25d1%2588%25d0%25b5%25d0%25b5-%25d0%25ba%25d0%25b0%25d0%25b7%25d0%25b8%25d0%25bd%25d0%25be-%25d0%25b4%25d0%25bb%25d1%258f-%25d0%25b8%25d0%25b3%25d1%2580%25d1%258b-%25d0%25b2-funky-time\">Funky Time oynamak i\u00e7in en iyi kumarhane nas\u0131l se\u00e7ilir?<\/h3>\n\n\n<p>\u00c7evrimi\u00e7i bir kumarhane se\u00e7erken, \u00f6ncelikle bir lisans\u0131n kullan\u0131labilirli\u011fini, \u00f6deme sistemlerinin \u00e7e\u015fitlili\u011fini, g\u00fcvenli\u011fini ve destekle ileti\u015fim kurma y\u00f6ntemlerini dikkate alman\u0131z \u00f6nerilir. Ayr\u0131ca Funky Time&#039;nin uygun fiyatl\u0131l\u0131\u011f\u0131na da g\u00f6z atmaya de\u011fer.<\/p>\n\n\n<h3 class=\"wp-block-heading\" id=\"%25d1%258f-%25d0%25bd%25d0%25be%25d0%25b2%25d0%25b8%25d1%2587%25d0%25be%25d0%25ba-%25d0%25b2-funky-time-%25d0%25b5%25d1%2581%25d1%2582%25d1%258c-%25d0%25ba%25d0%25b0%25d0%25ba%25d0%25b8%25d0%25b5%25d0%25bd%25d0%25b8%25d0%25b1%25d1%2583%25d0%25b4%25d1%258c-%25d1%2581%25d0%25be%25d0%25b2%25d0%25b5%25d1%2582%25d1%258b\">Funky Time&#039;de yeniyim, herhangi bir ipucu var m\u0131?<\/h3>\n\n\n<p>Funky Time&#039;nin as\u0131l amac\u0131 e\u011flenmektir. B\u00fcy\u00fck bir galibiyet elde etmeye veya ba\u015fka bir oyuncuyu yenmeye \u00e7al\u0131\u015fmay\u0131n. Bu genellikle para kayb\u0131 ve k\u00f6t\u00fcle\u015fen ruh hali ile sonu\u00e7lan\u0131r. Pratik yapmak, oyunun kurallar\u0131n\u0131 incelemek, yay\u0131nlar\u0131 izlemek ve istatistikleri takip etmek kazanma \u015fans\u0131n\u0131z\u0131 art\u0131rman\u0131za yard\u0131mc\u0131 olacakt\u0131r.<\/p>\n\n\n<h3 class=\"wp-block-heading\" id=\"%25d1%2581%25d1%2583%25d1%2589%25d0%25b5%25d1%2581%25d1%2582%25d0%25b2%25d1%2583%25d1%258e%25d1%2582-%25d0%25bb%25d0%25b8-%25d0%25bc%25d0%25be%25d0%25b1%25d0%25b8%25d0%25bb%25d1%258c%25d0%25bd%25d1%258b%25d0%25b5-%25d0%25b2%25d0%25b5%25d1%2580%25d1%2581%25d0%25b8%25d0%25b8-%25d0%25ba%25d0%25b0%25d0%25b7%25d0%25b8%25d0%25bd\">Funky Time oynamak i\u00e7in mobil casino versiyonlar\u0131 var m\u0131?<\/h3>\n\n\n<p>Evet, bir\u00e7ok casinonun mobil uygulamalar\u0131 ve platformlar\u0131n\u0131n mobil versiyonlar\u0131 bulunmaktad\u0131r. Bu nedenle Funky Time&#039;yi bir ak\u0131ll\u0131 telefondan, tabletten veya ba\u015fka bir cihazdan ba\u015flatabilirsiniz.<\/p>\n\n\n<h3 class=\"wp-block-heading\" id=\"%25d0%25b1%25d0%25b5%25d0%25b7%25d0%25be%25d0%25bf%25d0%25b0%25d1%2581%25d0%25bd%25d0%25be-%25d0%25bb%25d0%25b8-%25d0%25b8%25d0%25b3%25d1%2580%25d0%25b0%25d1%2582%25d1%258c-%25d0%25b2-funky-time-%25d0%25b2-%25d0%25ba%25d0%25b0%25d0%25b7%25d0%25b8%25d0%25bd%25d0%25be-%25d0%25ba%25d0%25be%25d1%2582%25d0%25be%25d1%2580\">\u00d6nerdi\u011finiz casinolarda Funky Time oynamak g\u00fcvenli midir?<\/h3>\n\n\n<p>Derecelendirmeyi derlerken, lisanstan destekle ileti\u015fim kurma y\u00f6ntemlerine kadar her platformun temel kriterlere ve gereksinimlere uygunlu\u011funu dikkatle kontrol ediyoruz. Ayr\u0131ca, kullan\u0131c\u0131 verilerinin korunmas\u0131n\u0131 sa\u011flayan modern \u015fifreleme teknolojilerinin \u00e7evrimi\u00e7i kumarhaneler taraf\u0131ndan kullan\u0131m\u0131na da bak\u0131yoruz.<\/p>","protected":false},"excerpt":{"rendered":"<p>\u041e\u043d\u043b\u0430\u0439\u043d-\u0438\u0433\u0440\u0430 Funky Time \u043e\u0442 \u043b\u0443\u0447\u0448\u0435\u0433\u043e \u0440\u0430\u0437\u0440\u0430\u0431\u043e\u0442\u0447\u0438\u043a\u0430 \u0430\u0437\u0430\u0440\u0442\u043d\u044b\u0445 \u0440\u0430\u0437\u0432\u043b\u0435\u0447\u0435\u043d\u0438\u0439 \u043f\u043e\u043a\u043e\u0440\u0438\u0442 \u043b\u044e\u0431\u043e\u0433\u043e \u0443\u043d\u0438\u043a\u0430\u043b\u044c\u043d\u043e\u0439 \u0433\u0440\u0430\u0444\u0438\u043a\u043e\u0439 \u0438 \u0432\u0435\u0441\u0435\u043b\u043e\u0439 \u0430\u0442\u043c\u043e\u0441\u0444\u0435\u0440\u043e\u0439. \u0412 \u0434\u043e\u043f\u043e\u043b\u043d\u0435\u043d\u0438\u0435 \u043a \u044d\u0442\u043e\u043c\u0443 \u0438\u0434\u0435\u0442 \u043f\u0440\u0438\u044f\u0442\u043d\u044b\u0439 \u0437\u0432\u0443\u043a \u0438 \u0437\u0430\u0445\u0432\u0430\u0442\u044b\u0432\u0430\u044e\u0449\u0430\u044f \u0438\u0433\u0440\u043e\u0432\u0430\u044f \u043c\u0435\u0445\u0430\u043d\u0438\u043a\u0430. \u041f\u043e\u0441\u043b\u0435 \u0437\u0430\u043f\u0443\u0441\u043a\u0430 Funky Time \u043a\u043b\u0438\u0435\u043d\u0442 \u043a\u0430\u0437\u0438\u043d\u043e \u043f\u043e\u0433\u0440\u0443\u0437\u0438\u0442\u0441\u044f \u0432 \u043d\u0435\u0432\u0435\u0440\u043e\u044f\u0442\u043d\u044b\u0439 \u043c\u0438\u0440, \u043d\u0430\u043f\u043e\u043b\u043d\u0435\u043d\u043d\u043e\u0439 \u043c\u0443\u0437\u044b\u043a\u043e\u0439 \u0438 \u0442\u0430\u043d\u0446\u0430\u043c\u0438, \u043d\u0430 \u0438\u0433\u0440\u043e\u0432\u043e\u043c \u043f\u043e\u043b\u0435 \u0435\u0433\u043e \u0432\u0441\u0442\u0440\u0435\u0442\u0438\u0442 \u0434\u0438\u043b\u0435\u0440, \u043e\u0434\u0435\u0442\u044b\u0439 \u0432 \u044f\u0440\u043a\u0438\u0439 \u043a\u043e\u0441\u0442\u044e\u043c. \u041a\u0430\u0436\u0434\u043e\u0435 \u0432\u0440\u0430\u0449\u0435\u043d\u0438\u0435 \u043a\u043e\u043b\u0435\u0441\u0430 \u0431\u0443\u0434\u0435\u0442 \u0434\u0430\u0440\u0438\u0442\u044c&#8230;<\/p>","protected":false},"author":1,"featured_media":0,"parent":0,"menu_order":0,"comment_status":"closed","ping_status":"closed","template":"","meta":{"_kad_post_transparent":"","_kad_post_title":"","_kad_post_layout":"","_kad_post_sidebar_id":"","_kad_post_content_style":"","_kad_post_vertical_padding":"","_kad_post_feature":"","_kad_post_feature_position":"","_kad_post_header":false,"_kad_post_footer":false,"footnotes":""},"class_list":["post-342","page","type-page","status-publish","hentry"],"aioseo_notices":[],"_links":{"self":[{"href":"https:\/\/funky-time.top\/tr\/wp-json\/wp\/v2\/pages\/342","targetHints":{"allow":["GET"]}}],"collection":[{"href":"https:\/\/funky-time.top\/tr\/wp-json\/wp\/v2\/pages"}],"about":[{"href":"https:\/\/funky-time.top\/tr\/wp-json\/wp\/v2\/types\/page"}],"author":[{"embeddable":true,"href":"https:\/\/funky-time.top\/tr\/wp-json\/wp\/v2\/users\/1"}],"replies":[{"embeddable":true,"href":"https:\/\/funky-time.top\/tr\/wp-json\/wp\/v2\/comments?post=342"}],"version-history":[{"count":5,"href":"https:\/\/funky-time.top\/tr\/wp-json\/wp\/v2\/pages\/342\/revisions"}],"predecessor-version":[{"id":462,"href":"https:\/\/funky-time.top\/tr\/wp-json\/wp\/v2\/pages\/342\/revisions\/462"}],"wp:attachment":[{"href":"https:\/\/funky-time.top\/tr\/wp-json\/wp\/v2\/media?parent=342"}],"curies":[{"name":"wp","href":"https:\/\/api.w.org\/{rel}","templated":true}]}}